{"id":137,"date":"2019-10-18T10:59:52","date_gmt":"2019-10-18T10:59:52","guid":{"rendered":"http:\/\/corakid.com\/?page_id=137"},"modified":"2025-06-06T13:29:31","modified_gmt":"2025-06-06T13:29:31","slug":"exphyr","status":"publish","type":"page","link":"https:\/\/corakid.com\/en\/core-facilities\/exphyr\/","title":{"rendered":"Explorations Physiologiques R\u00e9nales"},"content":{"rendered":"<div class=\"wp-block-columns is-layout-flex wp-container-core-columns-is-layout-28f84493 wp-block-columns-is-layout-flex\">\n<div class=\"wp-block-column is-layout-flow wp-block-column-is-layout-flow\" style=\"flex-basis:75%\">\n<h4 class=\"wp-block-heading has-custom-color-1-color has-text-color has-link-color wp-elements-89b2ebb39e014f30d06094e7e07ebb63\"><strong>Pr\u00e9sentation&nbsp;<\/strong><\/h4>\n\n\n\n<p>La plateforme d&rsquo;Explorations Physiologiques R\u00e9nales propose des services de microchirurgie pour les mesures des principaux param\u00e8tres de la circulation syst\u00e9mique et r\u00e9nale&nbsp; :&nbsp;<\/p>\n\n\n\n<ul class=\"wp-block-list\">\n<li>Chirurgie d\u00e9di\u00e9e aux mod\u00e8les exp\u00e9rimentaux en pathologie r\u00e9nale (activit\u00e9 de formation )<\/li>\n\n\n\n<li>Microscopie intravitale champ large pour l&rsquo;observation de la densit\u00e9 vasculaire,&nbsp; l&rsquo;infiltration inflammatoire et la perm\u00e9abilit\u00e9 vasculaire.<\/li>\n<\/ul>\n<\/div>\n\n\n\n<div class=\"wp-block-column is-vertically-aligned-center has-background is-layout-flow wp-block-column-is-layout-flow\" style=\"background-color:#f0f0f0f0;padding-top:var(--wp--preset--spacing--10);padding-right:var(--wp--preset--spacing--10);padding-bottom:var(--wp--preset--spacing--10);padding-left:var(--wp--preset--spacing--10);flex-basis:30%\">\n<figure class=\"wp-block-image aligncenter size-full is-resized\"><img loading=\"lazy\" decoding=\"async\" width=\"572\" height=\"255\" src=\"https:\/\/corakid.com\/wp-content\/uploads\/2025\/06\/epr.png\" alt=\"\" class=\"wp-image-2485\" style=\"width:336px;height:auto\" srcset=\"https:\/\/corakid.com\/wp-content\/uploads\/2025\/06\/epr.png 572w, https:\/\/corakid.com\/wp-content\/uploads\/2025\/06\/epr-300x134.png 300w, https:\/\/corakid.com\/wp-content\/uploads\/2025\/06\/epr-18x8.png 18w\" sizes=\"auto, (max-width: 572px) 100vw, 572px\" \/><\/figure>\n<\/div>\n<\/div>\n\n\n\n<h4 class=\"wp-block-heading has-custom-color-1-color has-text-color has-link-color wp-elements-3e5246378f502c5c1559d5e207541ea6\"><strong>Activit\u00e9s<\/strong><\/h4>\n\n\n\n<ul class=\"wp-block-list\">\n<li>Cath\u00e9t\u00e9risme chez le rat et la souris, Isch\u00e9mie Reperfusion, Obstruction Ur\u00e9t\u00e9rale, pose minipompes osmotiques. &nbsp;<\/li>\n\n\n\n<li>Evaluation de la r\u00e9activit\u00e9 vasculaire syst\u00e9mique et r\u00e9nale en r\u00e9ponse \u00e0 des agents vasoconstricteurs (mesures des r\u00e9sistances vasculaires )<\/li>\n\n\n\n<li>Analyse et mise en forme des donn\u00e9es logiciels IOX et Datanalyst<\/li>\n<\/ul>\n\n\n\n<div class=\"wp-block-columns is-layout-flex wp-container-core-columns-is-layout-28f84493 wp-block-columns-is-layout-flex\">\n<div class=\"wp-block-column is-layout-flow wp-block-column-is-layout-flow\">\n<h4 class=\"wp-block-heading has-custom-color-1-color has-text-color has-link-color wp-elements-e53adc6af9af873210f01e6254c1b785\"><strong>\u00c9quipement<\/strong><\/h4>\n\n\n\n<ul class=\"wp-block-list\">\n<li>D\u00e9bitm\u00e8tre ultrasons Transonic<\/li>\n\n\n\n<li>Amplificateur de pression<\/li>\n\n\n\n<li>Microscope droit Zeiss<\/li>\n\n\n\n<li>Microscope invers\u00e9 Olympus + module confocal DSD2 (Andor)<\/li>\n<\/ul>\n\n\n\n<h4 class=\"wp-block-heading has-custom-color-1-color has-text-color has-link-color wp-elements-c2f578baf6e527ee1138536dc8c1fe7d\"><strong>Membres de la plateforme&nbsp;<\/strong><\/h4>\n\n\n\n<figure class=\"wp-block-gallery alignleft has-nested-images columns-default is-cropped wp-block-gallery-3 is-layout-flex wp-block-gallery-is-layout-flex\">\n<figure class=\"wp-block-image alignleft size-large is-style-rounded is-style-rounded--1\"><img loading=\"lazy\" decoding=\"async\" width=\"850\" height=\"1024\" data-id=\"2513\" src=\"https:\/\/corakid.com\/wp-content\/uploads\/2025\/06\/Paiq2-850x1024.jpg\" alt=\"\" class=\"wp-image-2513\" srcset=\"https:\/\/corakid.com\/wp-content\/uploads\/2025\/06\/Paiq2-850x1024.jpg 850w, https:\/\/corakid.com\/wp-content\/uploads\/2025\/06\/Paiq2-249x300.jpg 249w, https:\/\/corakid.com\/wp-content\/uploads\/2025\/06\/Paiq2-768x925.jpg 768w, https:\/\/corakid.com\/wp-content\/uploads\/2025\/06\/Paiq2-10x12.jpg 10w, https:\/\/corakid.com\/wp-content\/uploads\/2025\/06\/Paiq2.jpg 1142w\" sizes=\"auto, (max-width: 850px) 100vw, 850px\" \/><figcaption class=\"wp-element-caption\"><strong>Sandrine Placier<\/strong><br>Responsable op\u00e9rationnelle<br>Microchirurgie<\/figcaption><\/figure>\n\n\n\n<figure class=\"wp-block-image size-large is-style-rounded is-style-rounded--2\"><img loading=\"lazy\" decoding=\"async\" width=\"731\" height=\"1024\" data-id=\"2501\" src=\"https:\/\/corakid.com\/wp-content\/uploads\/2025\/06\/Moi-731x1024.jpg\" alt=\"\" class=\"wp-image-2501\" srcset=\"https:\/\/corakid.com\/wp-content\/uploads\/2025\/06\/Moi-731x1024.jpg 731w, https:\/\/corakid.com\/wp-content\/uploads\/2025\/06\/Moi-214x300.jpg 214w, https:\/\/corakid.com\/wp-content\/uploads\/2025\/06\/Moi-768x1076.jpg 768w, https:\/\/corakid.com\/wp-content\/uploads\/2025\/06\/Moi-1096x1536.jpg 1096w, https:\/\/corakid.com\/wp-content\/uploads\/2025\/06\/Moi-9x12.jpg 9w, https:\/\/corakid.com\/wp-content\/uploads\/2025\/06\/Moi.jpg 1142w\" sizes=\"auto, (max-width: 731px) 100vw, 731px\" \/><figcaption class=\"wp-element-caption\"><strong>Perrine Fr\u00e8re<\/strong><br>Microscopie intravitale<br>  <\/figcaption><\/figure>\n<\/figure>\n<\/div>\n\n\n\n<div class=\"wp-block-column is-layout-flow wp-block-column-is-layout-flow\">\n<div class=\"wp-block-group has-background has-global-padding is-layout-constrained wp-container-core-group-is-layout-86dba5ee wp-block-group-is-layout-constrained\" style=\"background-color:#f0f0f0f0;padding-top:var(--wp--preset--spacing--10);padding-right:var(--wp--preset--spacing--10);padding-bottom:var(--wp--preset--spacing--10);padding-left:var(--wp--preset--spacing--10)\">\n<h4 class=\"wp-block-heading has-custom-color-2-color has-text-color has-link-color wp-elements-c9ece48fa34f975c494b68da26dc7d67\"><strong>Principales publications<\/strong><\/h4>\n\n\n\n<ul class=\"wp-block-list\">\n<li><strong>H\u00e9modynamique<\/strong> :<\/li>\n<\/ul>\n\n\n\n<p class=\"has-link-color wp-elements-18774a7c86173a28738d1e6b0c824d43\">Picod A, Placier S, Genest M, Callebert J, Julian N, Zalc M, Assad N, Nordin H, Santos K, Gaudry S, Chatziantoniou C, Mebazaa A, Azibani F. <a href=\"https:\/\/doi-org.proxy.insermbiblio.inist.fr\/10.1161\/hypertensionaha.123.21913\">Circulating Dipeptidyl Peptidase 3 Modulates Systemic and Renal Hemodynamics Through Cleavage of Angiotensin Peptides.<\/a> <em>Hypertension.<\/em> 2024 Apr.<\/p>\n\n\n\n<ul class=\"wp-block-list\">\n<li><strong>Microscopie intravitale :<\/strong><\/li>\n<\/ul>\n\n\n\n<p class=\"has-link-color wp-elements-58b584b8387a1ebb31eac7dc294c5248\">Rozenblat D, <strong>Placier S<\/strong>, <strong>Fr\u00e8re P<\/strong>, Louedec L, Sejaan L, Mesnard L, Luque Y. <a href=\"https:\/\/doi.org\/10.34067\/kid.0000000000000432\">Lack of Synergistic Nephrotoxicity in a Mouse Model of Vancomycin-Induced Acute Kidney Injury with Piperacillin-Tazobactam Co-administration.<\/a> <em>Kidney360.<\/em> 2024 Apr.<\/p>\n\n\n\n<p class=\"has-link-color wp-elements-e7a7523a187cf41f4c1013663fc04736\">Arnaud M, Loiselle M, Vaganay C, Pons S, Letavernier E, Demonchy J, Fodil S, Nouacer M, <strong>Placier S<\/strong>, <strong>Fr\u00e8re P<\/strong>, Arrii E, Lion J, Mooney N, Itzykson R, Djediat C, Puissant A, Zafrani L. <a href=\"https:\/\/doi.org\/10.1681\/asn.2021070997\">Tumor Lysis Syndrome and AKI : Beyond Crystal Mechanisms.<\/a> <em>J Am Soc Nephrol<\/em>. 2022 Jun.<\/p>\n\n\n\n<p class=\"has-link-color wp-elements-3faa78d5cd10aa45319db5c4d01ea08a\">Cai A, Ye G, <strong>Placier S<\/strong>, <strong>Fr\u00e8re P<\/strong>, Surin B, Vandermeersch S, Kormann R, Xu-Dubois YC, Genest M, Lannoy M, Chadjichristos CE, Dussaule JC, Scambler PJ, Chatziantoniou C, Calmont A. <a href=\"https:\/\/doi.org\/10.1016\/j.kint.2021.12.028\">Genetic inactivation of Semaphorin 3C protects mice from acute kidney injury.<\/a> <em>Kidney Int<\/em>. 2022 Apr.<\/p>\n\n\n\n<p class=\"has-link-color wp-elements-904729880f5fd5b3fe4bb1fd36673863\">Luque Y, Louis K, Jouanneau C, <strong>Placier S<\/strong>, Esteve E, Bazin D, Rondeau E, Letavernier E, Wolfromm A, Gosset C, Boueilh A, Burbach M, <strong>Fr\u00e8re P<\/strong>, Verpont MC, Vandermeersch S, Langui D, Daudon M, Frochot V, Mesnard L. <a href=\"https:\/\/doi.org\/10.1681\/asn.2016080867\">Vancomycin-Associated Cast Nephropathy.<\/a> <em>J Am Soc Nephrol<\/em>. 2017 Jun.<\/p>\n<\/div>\n<\/div>\n<\/div>\n\n\n\n<p><\/p>","protected":false},"excerpt":{"rendered":"<p>Pr\u00e9sentation&nbsp; La plateforme d&rsquo;Explorations Physiologiques R\u00e9nales propose des services de microchirurgie pour les mesures des principaux param\u00e8tres de la circulation syst\u00e9mique et r\u00e9nale&nbsp; :&nbsp; Activit\u00e9s \u00c9quipement Membres de la plateforme&nbsp; Principales publications Picod A, Placier S, Genest M, Callebert J, Julian N, Zalc M, Assad N, Nordin H, Santos K, Gaudry S, Chatziantoniou C, Mebazaa [&hellip;]<\/p>\n","protected":false},"author":1,"featured_media":0,"parent":67,"menu_order":0,"comment_status":"closed","ping_status":"closed","template":"modele-corakid","meta":{"_cbd_carousel_blocks":"[]","footnotes":""},"class_list":["post-137","page","type-page","status-publish","hentry"],"yoast_head":"<!-- This site is optimized with the Yoast SEO plugin v27.4 - https:\/\/yoast.com\/product\/yoast-seo-wordpress\/ -->\n<title>Explorations Physiologiques R\u00e9nales - CoRaKiD<\/title>\n<meta name=\"robots\" content=\"index, follow, max-snippet:-1, max-image-preview:large, max-video-preview:-1\" \/>\n<link rel=\"canonical\" href=\"https:\/\/corakid.com\/en\/core-facilities\/exphyr\/\" \/>\n<meta property=\"og:locale\" content=\"en_GB\" \/>\n<meta property=\"og:type\" content=\"article\" \/>\n<meta property=\"og:title\" content=\"Explorations Physiologiques R\u00e9nales - CoRaKiD\" \/>\n<meta property=\"og:description\" content=\"Pr\u00e9sentation&nbsp; La plateforme d&rsquo;Explorations Physiologiques R\u00e9nales propose des services de microchirurgie pour les mesures des principaux param\u00e8tres de la circulation syst\u00e9mique et r\u00e9nale&nbsp; :&nbsp; Activit\u00e9s \u00c9quipement Membres de la plateforme&nbsp; Principales publications Picod A, Placier S, Genest M, Callebert J, Julian N, Zalc M, Assad N, Nordin H, Santos K, Gaudry S, Chatziantoniou C, Mebazaa [&hellip;]\" \/>\n<meta property=\"og:url\" content=\"https:\/\/corakid.com\/en\/core-facilities\/exphyr\/\" \/>\n<meta property=\"og:site_name\" content=\"CoRaKiD\" \/>\n<meta property=\"article:modified_time\" content=\"2025-06-06T13:29:31+00:00\" \/>\n<meta property=\"og:image\" content=\"https:\/\/corakid.com\/wp-content\/uploads\/2025\/06\/epr.png\" \/>\n\t<meta property=\"og:image:width\" content=\"572\" \/>\n\t<meta property=\"og:image:height\" content=\"255\" \/>\n\t<meta property=\"og:image:type\" content=\"image\/png\" \/>\n<meta name=\"twitter:card\" content=\"summary_large_image\" \/>\n<meta name=\"twitter:label1\" content=\"Estimated reading time\" \/>\n\t<meta name=\"twitter:data1\" content=\"3 minutes\" \/>\n<script type=\"application\/ld+json\" class=\"yoast-schema-graph\">{\"@context\":\"https:\\\/\\\/schema.org\",\"@graph\":[{\"@type\":\"WebPage\",\"@id\":\"https:\\\/\\\/corakid.com\\\/core-facilities\\\/exphyr\\\/\",\"url\":\"https:\\\/\\\/corakid.com\\\/core-facilities\\\/exphyr\\\/\",\"name\":\"Explorations Physiologiques R\u00e9nales - CoRaKiD\",\"isPartOf\":{\"@id\":\"https:\\\/\\\/corakid.com\\\/en\\\/#website\"},\"primaryImageOfPage\":{\"@id\":\"https:\\\/\\\/corakid.com\\\/core-facilities\\\/exphyr\\\/#primaryimage\"},\"image\":{\"@id\":\"https:\\\/\\\/corakid.com\\\/core-facilities\\\/exphyr\\\/#primaryimage\"},\"thumbnailUrl\":\"https:\\\/\\\/corakid.com\\\/wp-content\\\/uploads\\\/2025\\\/06\\\/epr.png\",\"datePublished\":\"2019-10-18T10:59:52+00:00\",\"dateModified\":\"2025-06-06T13:29:31+00:00\",\"breadcrumb\":{\"@id\":\"https:\\\/\\\/corakid.com\\\/core-facilities\\\/exphyr\\\/#breadcrumb\"},\"inLanguage\":\"en-GB\",\"potentialAction\":[{\"@type\":\"ReadAction\",\"target\":[\"https:\\\/\\\/corakid.com\\\/core-facilities\\\/exphyr\\\/\"]}]},{\"@type\":\"ImageObject\",\"inLanguage\":\"en-GB\",\"@id\":\"https:\\\/\\\/corakid.com\\\/core-facilities\\\/exphyr\\\/#primaryimage\",\"url\":\"https:\\\/\\\/corakid.com\\\/wp-content\\\/uploads\\\/2025\\\/06\\\/epr.png\",\"contentUrl\":\"https:\\\/\\\/corakid.com\\\/wp-content\\\/uploads\\\/2025\\\/06\\\/epr.png\"},{\"@type\":\"BreadcrumbList\",\"@id\":\"https:\\\/\\\/corakid.com\\\/core-facilities\\\/exphyr\\\/#breadcrumb\",\"itemListElement\":[{\"@type\":\"ListItem\",\"position\":1,\"name\":\"Accueil\",\"item\":\"https:\\\/\\\/corakid.com\\\/\"},{\"@type\":\"ListItem\",\"position\":2,\"name\":\"Plateformes\",\"item\":\"https:\\\/\\\/corakid.com\\\/core-facilities\\\/\"},{\"@type\":\"ListItem\",\"position\":3,\"name\":\"Explorations Physiologiques R\u00e9nales\"}]},{\"@type\":\"WebSite\",\"@id\":\"https:\\\/\\\/corakid.com\\\/en\\\/#website\",\"url\":\"https:\\\/\\\/corakid.com\\\/en\\\/\",\"name\":\"CoRaKiD\",\"description\":\"UMRS 1155 Common and Rare Kidney Diseases\",\"publisher\":{\"@id\":\"https:\\\/\\\/corakid.com\\\/en\\\/#organization\"},\"potentialAction\":[{\"@type\":\"SearchAction\",\"target\":{\"@type\":\"EntryPoint\",\"urlTemplate\":\"https:\\\/\\\/corakid.com\\\/en\\\/?s={search_term_string}\"},\"query-input\":{\"@type\":\"PropertyValueSpecification\",\"valueRequired\":true,\"valueName\":\"search_term_string\"}}],\"inLanguage\":\"en-GB\"},{\"@type\":\"Organization\",\"@id\":\"https:\\\/\\\/corakid.com\\\/en\\\/#organization\",\"name\":\"CoRaKiD\",\"url\":\"https:\\\/\\\/corakid.com\\\/en\\\/\",\"logo\":{\"@type\":\"ImageObject\",\"inLanguage\":\"en-GB\",\"@id\":\"https:\\\/\\\/corakid.com\\\/en\\\/#\\\/schema\\\/logo\\\/image\\\/\",\"url\":\"https:\\\/\\\/corakid.com\\\/wp-content\\\/uploads\\\/2019\\\/10\\\/logo5.png\",\"contentUrl\":\"https:\\\/\\\/corakid.com\\\/wp-content\\\/uploads\\\/2019\\\/10\\\/logo5.png\",\"width\":652,\"height\":247,\"caption\":\"CoRaKiD\"},\"image\":{\"@id\":\"https:\\\/\\\/corakid.com\\\/en\\\/#\\\/schema\\\/logo\\\/image\\\/\"}}]}<\/script>\n<!-- \/ Yoast SEO plugin. -->","yoast_head_json":{"title":"Explorations Physiologiques R\u00e9nales - CoRaKiD","robots":{"index":"index","follow":"follow","max-snippet":"max-snippet:-1","max-image-preview":"max-image-preview:large","max-video-preview":"max-video-preview:-1"},"canonical":"https:\/\/corakid.com\/en\/core-facilities\/exphyr\/","og_locale":"en_GB","og_type":"article","og_title":"Explorations Physiologiques R\u00e9nales - CoRaKiD","og_description":"Pr\u00e9sentation&nbsp; La plateforme d&rsquo;Explorations Physiologiques R\u00e9nales propose des services de microchirurgie pour les mesures des principaux param\u00e8tres de la circulation syst\u00e9mique et r\u00e9nale&nbsp; :&nbsp; Activit\u00e9s \u00c9quipement Membres de la plateforme&nbsp; Principales publications Picod A, Placier S, Genest M, Callebert J, Julian N, Zalc M, Assad N, Nordin H, Santos K, Gaudry S, Chatziantoniou C, Mebazaa [&hellip;]","og_url":"https:\/\/corakid.com\/en\/core-facilities\/exphyr\/","og_site_name":"CoRaKiD","article_modified_time":"2025-06-06T13:29:31+00:00","og_image":[{"width":572,"height":255,"url":"https:\/\/corakid.com\/wp-content\/uploads\/2025\/06\/epr.png","type":"image\/png"}],"twitter_card":"summary_large_image","twitter_misc":{"Estimated reading time":"3 minutes"},"schema":{"@context":"https:\/\/schema.org","@graph":[{"@type":"WebPage","@id":"https:\/\/corakid.com\/core-facilities\/exphyr\/","url":"https:\/\/corakid.com\/core-facilities\/exphyr\/","name":"Explorations Physiologiques R\u00e9nales - CoRaKiD","isPartOf":{"@id":"https:\/\/corakid.com\/en\/#website"},"primaryImageOfPage":{"@id":"https:\/\/corakid.com\/core-facilities\/exphyr\/#primaryimage"},"image":{"@id":"https:\/\/corakid.com\/core-facilities\/exphyr\/#primaryimage"},"thumbnailUrl":"https:\/\/corakid.com\/wp-content\/uploads\/2025\/06\/epr.png","datePublished":"2019-10-18T10:59:52+00:00","dateModified":"2025-06-06T13:29:31+00:00","breadcrumb":{"@id":"https:\/\/corakid.com\/core-facilities\/exphyr\/#breadcrumb"},"inLanguage":"en-GB","potentialAction":[{"@type":"ReadAction","target":["https:\/\/corakid.com\/core-facilities\/exphyr\/"]}]},{"@type":"ImageObject","inLanguage":"en-GB","@id":"https:\/\/corakid.com\/core-facilities\/exphyr\/#primaryimage","url":"https:\/\/corakid.com\/wp-content\/uploads\/2025\/06\/epr.png","contentUrl":"https:\/\/corakid.com\/wp-content\/uploads\/2025\/06\/epr.png"},{"@type":"BreadcrumbList","@id":"https:\/\/corakid.com\/core-facilities\/exphyr\/#breadcrumb","itemListElement":[{"@type":"ListItem","position":1,"name":"Accueil","item":"https:\/\/corakid.com\/"},{"@type":"ListItem","position":2,"name":"Plateformes","item":"https:\/\/corakid.com\/core-facilities\/"},{"@type":"ListItem","position":3,"name":"Explorations Physiologiques R\u00e9nales"}]},{"@type":"WebSite","@id":"https:\/\/corakid.com\/en\/#website","url":"https:\/\/corakid.com\/en\/","name":"CoRaKiD","description":"UMRS 1155 Common and Rare Kidney Diseases","publisher":{"@id":"https:\/\/corakid.com\/en\/#organization"},"potentialAction":[{"@type":"SearchAction","target":{"@type":"EntryPoint","urlTemplate":"https:\/\/corakid.com\/en\/?s={search_term_string}"},"query-input":{"@type":"PropertyValueSpecification","valueRequired":true,"valueName":"search_term_string"}}],"inLanguage":"en-GB"},{"@type":"Organization","@id":"https:\/\/corakid.com\/en\/#organization","name":"CoRaKiD","url":"https:\/\/corakid.com\/en\/","logo":{"@type":"ImageObject","inLanguage":"en-GB","@id":"https:\/\/corakid.com\/en\/#\/schema\/logo\/image\/","url":"https:\/\/corakid.com\/wp-content\/uploads\/2019\/10\/logo5.png","contentUrl":"https:\/\/corakid.com\/wp-content\/uploads\/2019\/10\/logo5.png","width":652,"height":247,"caption":"CoRaKiD"},"image":{"@id":"https:\/\/corakid.com\/en\/#\/schema\/logo\/image\/"}}]}},"_links":{"self":[{"href":"https:\/\/corakid.com\/en\/wp-json\/wp\/v2\/pages\/137","targetHints":{"allow":["GET"]}}],"collection":[{"href":"https:\/\/corakid.com\/en\/wp-json\/wp\/v2\/pages"}],"about":[{"href":"https:\/\/corakid.com\/en\/wp-json\/wp\/v2\/types\/page"}],"author":[{"embeddable":true,"href":"https:\/\/corakid.com\/en\/wp-json\/wp\/v2\/users\/1"}],"replies":[{"embeddable":true,"href":"https:\/\/corakid.com\/en\/wp-json\/wp\/v2\/comments?post=137"}],"version-history":[{"count":10,"href":"https:\/\/corakid.com\/en\/wp-json\/wp\/v2\/pages\/137\/revisions"}],"predecessor-version":[{"id":2547,"href":"https:\/\/corakid.com\/en\/wp-json\/wp\/v2\/pages\/137\/revisions\/2547"}],"up":[{"embeddable":true,"href":"https:\/\/corakid.com\/en\/wp-json\/wp\/v2\/pages\/67"}],"wp:attachment":[{"href":"https:\/\/corakid.com\/en\/wp-json\/wp\/v2\/media?parent=137"}],"curies":[{"name":"wp","href":"https:\/\/api.w.org\/{rel}","templated":true}]}}