{"id":141,"date":"2019-10-18T11:02:00","date_gmt":"2019-10-18T11:02:00","guid":{"rendered":"http:\/\/corakid.com\/?page_id=141"},"modified":"2025-12-16T16:19:22","modified_gmt":"2025-12-16T16:19:22","slug":"imagerie","status":"publish","type":"page","link":"https:\/\/corakid.com\/en\/core-facilities\/imagerie\/","title":{"rendered":"Imaging"},"content":{"rendered":"<div class=\"wp-block-columns is-layout-flex wp-container-core-columns-is-layout-28f84493 wp-block-columns-is-layout-flex\">\n<div class=\"wp-block-column is-layout-flow wp-block-column-is-layout-flow\" style=\"flex-basis:75%\">\n<h4 class=\"wp-block-heading has-custom-color-1-color has-text-color has-link-color wp-elements-4aba783060e2fba5d82cf53d73844009\"><strong>Pr\u00e9sentation<\/strong><\/h4>\n\n\n\n<p> La Plate-forme d\u2019Imagerie de CoRaKiD met \u00e0 disposition de la communaut\u00e9 scientifique un ensemble de comp\u00e9tences et d\u2019\u00e9quipements en microscopie photonique et microscopie \u00e9lectronique. La plate-forme propose des prestations permettant la visualisation et l\u2019analyse de la structure, de la dynamique, des interactions et des fonctions d\u2019\u00e9chantillons biologiques.<\/p>\n\n\n\n<p>Elle propose des prestations permettant la visualisation et l\u2019analyse de la\nstructure, de la dynamique, des interactions et des fonctions d\u2019\u00e9chantillons\nbiologiques.<\/p>\n\n\n\n<p>La plate-forme fait partie du r\u00e9seau <a href=\"http:\/\/www.lumic.sorbonne-universite.fr\/\" target=\"_blank\" rel=\"noreferrer noopener\" aria-label=\"LUMIC (s\u2019ouvre dans un nouvel onglet)\">LUMIC<\/a> de Sorbonne Universit\u00e9 labellis\u00e9 <a href=\"https:\/\/www.ibisa.net\/\" target=\"_blank\" rel=\"noreferrer noopener\" aria-label=\"IBiSA (s\u2019ouvre dans un nouvel onglet)\">IBiSA<\/a>.<\/p>\n<\/div>\n\n\n\n<div class=\"wp-block-column is-vertically-aligned-center has-background is-layout-flow wp-block-column-is-layout-flow\" style=\"background-color:#f0f0f0f0;padding-top:var(--wp--preset--spacing--10);padding-bottom:var(--wp--preset--spacing--10);flex-basis:25%\">\n<figure class=\"wp-block-image aligncenter size-full is-resized\"><img loading=\"lazy\" decoding=\"async\" width=\"339\" height=\"586\" src=\"https:\/\/corakid.com\/wp-content\/uploads\/2025\/06\/imagerie.png\" alt=\"\" class=\"wp-image-2487\" style=\"width:132px;height:auto\" srcset=\"https:\/\/corakid.com\/wp-content\/uploads\/2025\/06\/imagerie.png 339w, https:\/\/corakid.com\/wp-content\/uploads\/2025\/06\/imagerie-174x300.png 174w, https:\/\/corakid.com\/wp-content\/uploads\/2025\/06\/imagerie-7x12.png 7w\" sizes=\"auto, (max-width: 339px) 100vw, 339px\" \/><\/figure>\n<\/div>\n<\/div>\n\n\n\n<p>Elle\nse divise en 2 composantes :<\/p>\n\n\n\n<ul class=\"wp-block-list\">\n<li>La\nmicroscopie photonique qui permet la visualisation et l\u2019analyse de la structure\net de processus dynamiques aux niveaux cellulaire et tissulaire.<\/li>\n\n\n\n<li>La spectroscopie infrarouge \u00e0 transform\u00e9e de Fourier (FT-IR) produisant des images hyperspectrales <\/li>\n\n\n\n<li>La\nmicroscopie \u00e9lectronique qui permet l\u2019analyse ultrastructurale de la cellule et\nde ses composants.<\/li>\n<\/ul>\n\n\n\n<p>Les activit\u00e9s de la plate-forme se d\u00e9clinent autour de 3 missions principales : le d\u00e9veloppement m\u00e9thodologique, la formation et la prestation de service. Son fonctionnement est assur\u00e9 par des ing\u00e9nieurs qui effectuent \u00e9galement une maintenance et un suivi des \u00e9quipements. <\/p>\n\n\n\n<div class=\"wp-block-columns is-layout-flex wp-container-core-columns-is-layout-28f84493 wp-block-columns-is-layout-flex\">\n<div class=\"wp-block-column is-layout-flow wp-block-column-is-layout-flow\">\n<h4 class=\"wp-block-heading has-custom-color-1-color has-text-color has-link-color wp-elements-4606307a30292aba3b3cb525568009ae\"><strong>Expertise<\/strong><\/h4>\n\n\n\n<ul class=\"wp-block-list\">\n<li>Pr\u00e9paration d&rsquo;\u00e9chantillon<\/li>\n\n\n\n<li>Microscopie \u00e9lectronique : ultramicrotomie, MET<\/li>\n\n\n\n<li>Microscopie photonique : microscopie confocale, Live-Imaging, Microscopie intravitale<\/li>\n\n\n\n<li>Traitement &amp; Analyse d&rsquo;images<\/li>\n<\/ul>\n\n\n\n<h4 class=\"wp-block-heading has-custom-color-1-color has-text-color has-link-color wp-elements-d610dba88a9b258acaa4d1305c14126e\"><strong>\u00c9quipements<\/strong><\/h4>\n\n\n\n<p>Pour la microscopie infra-rouge:<\/p>\n\n\n\n<ul class=\"wp-block-list\">\n<li>Syst\u00e8me d&rsquo;imagerie infrarouge \u00e0 transform\u00e9e de Fourier Spectrum Spotlight 400 (Perkin Elmer Life Sciences).<\/li>\n<\/ul>\n\n\n\n<h5 class=\"wp-block-heading\">Pour la microscopie \u00e9lectronique :<\/h5>\n\n\n\n<ul class=\"wp-block-list\">\n<li>Ultramicrotome<\/li>\n<\/ul>\n\n\n\n<h5 class=\"wp-block-heading\">Pour la microscopie photonique :<\/h5>\n\n\n\n<ul class=\"wp-block-list\">\n<li> Inverted microscope Olympus IX83 + DSD2 (Andor)  <\/li>\n\n\n\n<li> Uprigth microscope Olympus BX51  <\/li>\n\n\n\n<li> Upright microscope Zeiss Axio Plan <\/li>\n<\/ul>\n\n\n\n<h4 class=\"wp-block-heading has-custom-color-1-color has-text-color has-link-color wp-elements-99d6c33e329acbd7aed0a19932af4bd9\"><strong>Membres de la plateforme<\/strong><\/h4>\n\n\n\n<figure class=\"wp-block-gallery alignleft has-nested-images columns-default is-cropped wp-block-gallery-3 is-layout-flex wp-block-gallery-is-layout-flex\">\n<figure class=\"wp-block-image size-large is-style-rounded is-style-rounded--1\"><img loading=\"lazy\" decoding=\"async\" width=\"731\" height=\"1024\" data-id=\"2501\" src=\"https:\/\/corakid.com\/wp-content\/uploads\/2025\/06\/Moi-731x1024.jpg\" alt=\"\" class=\"wp-image-2501\" srcset=\"https:\/\/corakid.com\/wp-content\/uploads\/2025\/06\/Moi-731x1024.jpg 731w, https:\/\/corakid.com\/wp-content\/uploads\/2025\/06\/Moi-214x300.jpg 214w, https:\/\/corakid.com\/wp-content\/uploads\/2025\/06\/Moi-768x1076.jpg 768w, https:\/\/corakid.com\/wp-content\/uploads\/2025\/06\/Moi-1096x1536.jpg 1096w, https:\/\/corakid.com\/wp-content\/uploads\/2025\/06\/Moi-9x12.jpg 9w, https:\/\/corakid.com\/wp-content\/uploads\/2025\/06\/Moi.jpg 1142w\" sizes=\"auto, (max-width: 731px) 100vw, 731px\" \/><figcaption class=\"wp-element-caption\"><strong>Perrine FRERE<\/strong><br>Microscopie Photonique<br>Analyse d&rsquo;images<\/figcaption><\/figure>\n\n\n\n<figure class=\"wp-block-image size-large is-style-rounded is-style-rounded--2\"><img loading=\"lazy\" decoding=\"async\" width=\"963\" height=\"1024\" data-id=\"1714\" src=\"https:\/\/corakid.com\/wp-content\/uploads\/2022\/12\/IMG_3868-scaled-e1671016185119-963x1024.jpg\" alt=\"Recrutement Ellie Tang\" class=\"wp-image-1714\" srcset=\"https:\/\/corakid.com\/wp-content\/uploads\/2022\/12\/IMG_3868-scaled-e1671016185119-963x1024.jpg 963w, https:\/\/corakid.com\/wp-content\/uploads\/2022\/12\/IMG_3868-scaled-e1671016185119-282x300.jpg 282w, https:\/\/corakid.com\/wp-content\/uploads\/2022\/12\/IMG_3868-scaled-e1671016185119-768x816.jpg 768w, https:\/\/corakid.com\/wp-content\/uploads\/2022\/12\/IMG_3868-scaled-e1671016185119-11x12.jpg 11w, https:\/\/corakid.com\/wp-content\/uploads\/2022\/12\/IMG_3868-scaled-e1671016185119.jpg 1289w\" sizes=\"auto, (max-width: 963px) 100vw, 963px\" \/><figcaption class=\"wp-element-caption\"><strong>Ellie TANG<\/strong><br>Microscopie infrarouge<br>Microscopie \u00e9lectronique<\/figcaption><\/figure>\n<\/figure>\n<\/div>\n\n\n\n<div class=\"wp-block-column is-layout-flow wp-block-column-is-layout-flow\">\n<div class=\"wp-block-group has-background has-global-padding is-layout-constrained wp-container-core-group-is-layout-86dba5ee wp-block-group-is-layout-constrained\" style=\"background-color:#f0f0f0f0;padding-top:var(--wp--preset--spacing--10);padding-right:var(--wp--preset--spacing--10);padding-bottom:var(--wp--preset--spacing--10);padding-left:var(--wp--preset--spacing--10)\">\n<h4 class=\"wp-block-heading has-custom-color-2-color has-text-color has-link-color wp-elements-c9ece48fa34f975c494b68da26dc7d67\"><strong>Principales publications<\/strong><\/h4>\n\n\n\n<ul class=\"wp-block-list\">\n<li><strong>Spectroscopie infrarouge :<\/strong><\/li>\n<\/ul>\n\n\n\n<p class=\"has-link-color wp-elements-cd473cfff6ae64b58502e862e0f9c3d6\">Robert T, <strong>Tang E<\/strong>, Kervadec J, Desmons A, Hautem JY, Zaworski J, Daudon M, Letavernier E. <a href=\"https:\/\/doi-org.proxy.insermbiblio.inist.fr\/10.1016\/j.kint.2024.07.032\">Hair-straightening cosmetics containing glyoxylic acid induce crystalline nephropathy.<\/a> <em>Kidney Int.<\/em> 2024 Dec.<\/p>\n\n\n\n<ul class=\"wp-block-list\">\n<li><strong>Traitement et analyse d&rsquo;images<\/strong> :<\/li>\n<\/ul>\n\n\n\n<p class=\"has-link-color wp-elements-d3fd7636bf0c30d7a8f1259789e246e0\">Weinhard J, Serre J, <strong>Fr\u00e8re P<\/strong>, Adam C, Lafargue MC, Buob D, Rafat C. <a href=\"https:\/\/doi.org\/10.1016\/j.xkme.2024.100952\">Is <em>Amanita phalloides<\/em> Nephrotoxicity due to Mitochondrial Toxicity?<\/a> <em>Kidney Med.<\/em> 2024, Dec.<\/p>\n\n\n\n<p class=\"has-link-color wp-elements-70ae63c949a33f61d7924cece56c200a\">Sakhi IB, De Combiens E, Frachon N, Durussel, F., Brideau G, Nemazanyy I, <strong>Fr\u00e8re P<\/strong>, Th\u00e9venod F, Lee WK, Zeng Q, Klein C, Lourdel S, &amp; Bignon Y. <a href=\"https:\/\/doi.org\/10.1016\/j.gene.2024.148766\">A novel transgenic mouse model highlights molecular disruptions involved in the pathogenesis of Dent disease 1<\/a>. <em>Gene<\/em>. 2024, Nov.<\/p>\n\n\n\n<p class=\"has-link-color wp-elements-0cf41827c0e028bc77d82130a319210a\">Orieux A, Samson C, Pieroni L, Drouin S, Dang Van S, Migeon T, <strong>Frere P<\/strong>, Brunet D, Buob D, Hadchouel J, Guihaire J, Mercier O, Galichon P. <a href=\"https:\/\/doi.org\/10.1038\/s41598-023-36124-1\">Pulmonary hypertension without heart failure causes cardiorenal syndrome in a porcine model.<\/a> <em>Sci Rep<\/em>. 2023 Jun.<\/p>\n\n\n\n<p class=\"has-link-color wp-elements-4a0a0a005ae4846ea9cd2e53e9bd904b\"><\/p>\n<\/div>\n\n\n\n<div class=\"wp-block-buttons is-content-justification-center is-layout-flex wp-container-core-buttons-is-layout-a89b3969 wp-block-buttons-is-layout-flex\">\n<div class=\"wp-block-button\"><a class=\"wp-block-button__link has-base-2-color has-accent-3-background-color has-text-color has-background has-link-color has-medium-font-size has-custom-font-size wp-element-button\" href=\"https:\/\/corakid.com\/wp-content\/uploads\/2023\/03\/tarifs-imagerie-tenon-2023.pdf\" target=\"_blank\" rel=\"noreferrer noopener\"><strong>Tarifs en vigueur<\/strong><\/a><\/div>\n<\/div>\n<\/div>\n<\/div>","protected":false},"excerpt":{"rendered":"<p>Pr\u00e9sentation La Plate-forme d\u2019Imagerie de CoRaKiD met \u00e0 disposition de la communaut\u00e9 scientifique un ensemble de comp\u00e9tences et d\u2019\u00e9quipements en microscopie photonique et microscopie \u00e9lectronique. La plate-forme propose des prestations permettant la visualisation et l\u2019analyse de la structure, de la dynamique, des interactions et des fonctions d\u2019\u00e9chantillons biologiques. Elle propose des prestations permettant la visualisation [&hellip;]<\/p>\n","protected":false},"author":1,"featured_media":0,"parent":67,"menu_order":0,"comment_status":"closed","ping_status":"closed","template":"modele-corakid","meta":{"_cbd_carousel_blocks":"[]","footnotes":""},"class_list":["post-141","page","type-page","status-publish","hentry"],"yoast_head":"<!-- This site is optimized with the Yoast SEO plugin v27.3 - https:\/\/yoast.com\/product\/yoast-seo-wordpress\/ -->\n<title>Imagerie - CoRaKiD<\/title>\n<meta name=\"robots\" content=\"index, follow, max-snippet:-1, max-image-preview:large, max-video-preview:-1\" \/>\n<link rel=\"canonical\" href=\"https:\/\/corakid.com\/en\/core-facilities\/imagerie\/\" \/>\n<meta property=\"og:locale\" content=\"en_GB\" \/>\n<meta property=\"og:type\" content=\"article\" \/>\n<meta property=\"og:title\" content=\"Imagerie - CoRaKiD\" \/>\n<meta property=\"og:description\" content=\"Pr\u00e9sentation La Plate-forme d\u2019Imagerie de CoRaKiD met \u00e0 disposition de la communaut\u00e9 scientifique un ensemble de comp\u00e9tences et d\u2019\u00e9quipements en microscopie photonique et microscopie \u00e9lectronique. La plate-forme propose des prestations permettant la visualisation et l\u2019analyse de la structure, de la dynamique, des interactions et des fonctions d\u2019\u00e9chantillons biologiques. Elle propose des prestations permettant la visualisation [&hellip;]\" \/>\n<meta property=\"og:url\" content=\"https:\/\/corakid.com\/en\/core-facilities\/imagerie\/\" \/>\n<meta property=\"og:site_name\" content=\"CoRaKiD\" \/>\n<meta property=\"article:modified_time\" content=\"2025-12-16T16:19:22+00:00\" \/>\n<meta property=\"og:image\" content=\"https:\/\/corakid.com\/wp-content\/uploads\/2025\/06\/imagerie.png\" \/>\n\t<meta property=\"og:image:width\" content=\"339\" \/>\n\t<meta property=\"og:image:height\" content=\"586\" \/>\n\t<meta property=\"og:image:type\" content=\"image\/png\" \/>\n<meta name=\"twitter:card\" content=\"summary_large_image\" \/>\n<meta name=\"twitter:label1\" content=\"Estimated reading time\" \/>\n\t<meta name=\"twitter:data1\" content=\"3 minutes\" \/>\n<script type=\"application\/ld+json\" class=\"yoast-schema-graph\">{\"@context\":\"https:\\\/\\\/schema.org\",\"@graph\":[{\"@type\":\"WebPage\",\"@id\":\"https:\\\/\\\/corakid.com\\\/core-facilities\\\/imagerie\\\/\",\"url\":\"https:\\\/\\\/corakid.com\\\/core-facilities\\\/imagerie\\\/\",\"name\":\"Imagerie - CoRaKiD\",\"isPartOf\":{\"@id\":\"https:\\\/\\\/corakid.com\\\/en\\\/#website\"},\"primaryImageOfPage\":{\"@id\":\"https:\\\/\\\/corakid.com\\\/core-facilities\\\/imagerie\\\/#primaryimage\"},\"image\":{\"@id\":\"https:\\\/\\\/corakid.com\\\/core-facilities\\\/imagerie\\\/#primaryimage\"},\"thumbnailUrl\":\"https:\\\/\\\/corakid.com\\\/wp-content\\\/uploads\\\/2025\\\/06\\\/imagerie.png\",\"datePublished\":\"2019-10-18T11:02:00+00:00\",\"dateModified\":\"2025-12-16T16:19:22+00:00\",\"breadcrumb\":{\"@id\":\"https:\\\/\\\/corakid.com\\\/core-facilities\\\/imagerie\\\/#breadcrumb\"},\"inLanguage\":\"en-GB\",\"potentialAction\":[{\"@type\":\"ReadAction\",\"target\":[\"https:\\\/\\\/corakid.com\\\/core-facilities\\\/imagerie\\\/\"]}]},{\"@type\":\"ImageObject\",\"inLanguage\":\"en-GB\",\"@id\":\"https:\\\/\\\/corakid.com\\\/core-facilities\\\/imagerie\\\/#primaryimage\",\"url\":\"https:\\\/\\\/corakid.com\\\/wp-content\\\/uploads\\\/2025\\\/06\\\/imagerie.png\",\"contentUrl\":\"https:\\\/\\\/corakid.com\\\/wp-content\\\/uploads\\\/2025\\\/06\\\/imagerie.png\"},{\"@type\":\"BreadcrumbList\",\"@id\":\"https:\\\/\\\/corakid.com\\\/core-facilities\\\/imagerie\\\/#breadcrumb\",\"itemListElement\":[{\"@type\":\"ListItem\",\"position\":1,\"name\":\"Accueil\",\"item\":\"https:\\\/\\\/corakid.com\\\/\"},{\"@type\":\"ListItem\",\"position\":2,\"name\":\"Plateformes\",\"item\":\"https:\\\/\\\/corakid.com\\\/core-facilities\\\/\"},{\"@type\":\"ListItem\",\"position\":3,\"name\":\"Imagerie\"}]},{\"@type\":\"WebSite\",\"@id\":\"https:\\\/\\\/corakid.com\\\/en\\\/#website\",\"url\":\"https:\\\/\\\/corakid.com\\\/en\\\/\",\"name\":\"CoRaKiD\",\"description\":\"UMRS 1155 Common and Rare Kidney Diseases\",\"publisher\":{\"@id\":\"https:\\\/\\\/corakid.com\\\/en\\\/#organization\"},\"potentialAction\":[{\"@type\":\"SearchAction\",\"target\":{\"@type\":\"EntryPoint\",\"urlTemplate\":\"https:\\\/\\\/corakid.com\\\/en\\\/?s={search_term_string}\"},\"query-input\":{\"@type\":\"PropertyValueSpecification\",\"valueRequired\":true,\"valueName\":\"search_term_string\"}}],\"inLanguage\":\"en-GB\"},{\"@type\":\"Organization\",\"@id\":\"https:\\\/\\\/corakid.com\\\/en\\\/#organization\",\"name\":\"CoRaKiD\",\"url\":\"https:\\\/\\\/corakid.com\\\/en\\\/\",\"logo\":{\"@type\":\"ImageObject\",\"inLanguage\":\"en-GB\",\"@id\":\"https:\\\/\\\/corakid.com\\\/en\\\/#\\\/schema\\\/logo\\\/image\\\/\",\"url\":\"https:\\\/\\\/corakid.com\\\/wp-content\\\/uploads\\\/2019\\\/10\\\/logo5.png\",\"contentUrl\":\"https:\\\/\\\/corakid.com\\\/wp-content\\\/uploads\\\/2019\\\/10\\\/logo5.png\",\"width\":652,\"height\":247,\"caption\":\"CoRaKiD\"},\"image\":{\"@id\":\"https:\\\/\\\/corakid.com\\\/en\\\/#\\\/schema\\\/logo\\\/image\\\/\"}}]}<\/script>\n<!-- \/ Yoast SEO plugin. -->","yoast_head_json":{"title":"Imagerie - CoRaKiD","robots":{"index":"index","follow":"follow","max-snippet":"max-snippet:-1","max-image-preview":"max-image-preview:large","max-video-preview":"max-video-preview:-1"},"canonical":"https:\/\/corakid.com\/en\/core-facilities\/imagerie\/","og_locale":"en_GB","og_type":"article","og_title":"Imagerie - CoRaKiD","og_description":"Pr\u00e9sentation La Plate-forme d\u2019Imagerie de CoRaKiD met \u00e0 disposition de la communaut\u00e9 scientifique un ensemble de comp\u00e9tences et d\u2019\u00e9quipements en microscopie photonique et microscopie \u00e9lectronique. La plate-forme propose des prestations permettant la visualisation et l\u2019analyse de la structure, de la dynamique, des interactions et des fonctions d\u2019\u00e9chantillons biologiques. Elle propose des prestations permettant la visualisation [&hellip;]","og_url":"https:\/\/corakid.com\/en\/core-facilities\/imagerie\/","og_site_name":"CoRaKiD","article_modified_time":"2025-12-16T16:19:22+00:00","og_image":[{"width":339,"height":586,"url":"https:\/\/corakid.com\/wp-content\/uploads\/2025\/06\/imagerie.png","type":"image\/png"}],"twitter_card":"summary_large_image","twitter_misc":{"Estimated reading time":"3 minutes"},"schema":{"@context":"https:\/\/schema.org","@graph":[{"@type":"WebPage","@id":"https:\/\/corakid.com\/core-facilities\/imagerie\/","url":"https:\/\/corakid.com\/core-facilities\/imagerie\/","name":"Imagerie - CoRaKiD","isPartOf":{"@id":"https:\/\/corakid.com\/en\/#website"},"primaryImageOfPage":{"@id":"https:\/\/corakid.com\/core-facilities\/imagerie\/#primaryimage"},"image":{"@id":"https:\/\/corakid.com\/core-facilities\/imagerie\/#primaryimage"},"thumbnailUrl":"https:\/\/corakid.com\/wp-content\/uploads\/2025\/06\/imagerie.png","datePublished":"2019-10-18T11:02:00+00:00","dateModified":"2025-12-16T16:19:22+00:00","breadcrumb":{"@id":"https:\/\/corakid.com\/core-facilities\/imagerie\/#breadcrumb"},"inLanguage":"en-GB","potentialAction":[{"@type":"ReadAction","target":["https:\/\/corakid.com\/core-facilities\/imagerie\/"]}]},{"@type":"ImageObject","inLanguage":"en-GB","@id":"https:\/\/corakid.com\/core-facilities\/imagerie\/#primaryimage","url":"https:\/\/corakid.com\/wp-content\/uploads\/2025\/06\/imagerie.png","contentUrl":"https:\/\/corakid.com\/wp-content\/uploads\/2025\/06\/imagerie.png"},{"@type":"BreadcrumbList","@id":"https:\/\/corakid.com\/core-facilities\/imagerie\/#breadcrumb","itemListElement":[{"@type":"ListItem","position":1,"name":"Accueil","item":"https:\/\/corakid.com\/"},{"@type":"ListItem","position":2,"name":"Plateformes","item":"https:\/\/corakid.com\/core-facilities\/"},{"@type":"ListItem","position":3,"name":"Imagerie"}]},{"@type":"WebSite","@id":"https:\/\/corakid.com\/en\/#website","url":"https:\/\/corakid.com\/en\/","name":"CoRaKiD","description":"UMRS 1155 Common and Rare Kidney Diseases","publisher":{"@id":"https:\/\/corakid.com\/en\/#organization"},"potentialAction":[{"@type":"SearchAction","target":{"@type":"EntryPoint","urlTemplate":"https:\/\/corakid.com\/en\/?s={search_term_string}"},"query-input":{"@type":"PropertyValueSpecification","valueRequired":true,"valueName":"search_term_string"}}],"inLanguage":"en-GB"},{"@type":"Organization","@id":"https:\/\/corakid.com\/en\/#organization","name":"CoRaKiD","url":"https:\/\/corakid.com\/en\/","logo":{"@type":"ImageObject","inLanguage":"en-GB","@id":"https:\/\/corakid.com\/en\/#\/schema\/logo\/image\/","url":"https:\/\/corakid.com\/wp-content\/uploads\/2019\/10\/logo5.png","contentUrl":"https:\/\/corakid.com\/wp-content\/uploads\/2019\/10\/logo5.png","width":652,"height":247,"caption":"CoRaKiD"},"image":{"@id":"https:\/\/corakid.com\/en\/#\/schema\/logo\/image\/"}}]}},"_links":{"self":[{"href":"https:\/\/corakid.com\/en\/wp-json\/wp\/v2\/pages\/141","targetHints":{"allow":["GET"]}}],"collection":[{"href":"https:\/\/corakid.com\/en\/wp-json\/wp\/v2\/pages"}],"about":[{"href":"https:\/\/corakid.com\/en\/wp-json\/wp\/v2\/types\/page"}],"author":[{"embeddable":true,"href":"https:\/\/corakid.com\/en\/wp-json\/wp\/v2\/users\/1"}],"replies":[{"embeddable":true,"href":"https:\/\/corakid.com\/en\/wp-json\/wp\/v2\/comments?post=141"}],"version-history":[{"count":39,"href":"https:\/\/corakid.com\/en\/wp-json\/wp\/v2\/pages\/141\/revisions"}],"predecessor-version":[{"id":2597,"href":"https:\/\/corakid.com\/en\/wp-json\/wp\/v2\/pages\/141\/revisions\/2597"}],"up":[{"embeddable":true,"href":"https:\/\/corakid.com\/en\/wp-json\/wp\/v2\/pages\/67"}],"wp:attachment":[{"href":"https:\/\/corakid.com\/en\/wp-json\/wp\/v2\/media?parent=141"}],"curies":[{"name":"wp","href":"https:\/\/api.w.org\/{rel}","templated":true}]}}