{"id":1433,"date":"2022-04-08T14:18:52","date_gmt":"2022-04-08T14:18:52","guid":{"rendered":"https:\/\/corakid.com\/?page_id=1433"},"modified":"2025-05-23T09:07:06","modified_gmt":"2025-05-23T09:07:06","slug":"mecanismes-de-reparation-renale","status":"publish","type":"page","link":"https:\/\/corakid.com\/en\/research\/theme-2\/mecanismes-de-reparation-renale\/","title":{"rendered":"Mechanisms of Renal Repair"},"content":{"rendered":"<figure class=\"wp-block-image\"><img decoding=\"async\" src=\"https:\/\/corakid.com\/wp-content\/uploads\/2022\/04\/bandeau2-1-1024x431.jpg\" alt=\"\"\/><\/figure>\n\n\n\n<p><\/p>\n\n\n\n<h2 class=\"wp-block-heading\">Projects<\/h2>\n\n\n\n<section data-id=\"9861dc4\" data-element_type=\"section\">\n<p>The kidneys repair after injury through the proliferation of tubular epithelial cells. This proliferative repair is physiologically self-constrained, and early expression of cell cycle inhibitors p53 and p21 reduces initial injury, suggesting that transient cell-cycle arrest might be beneficial in acute kidney injury. These observations prompted the development of a project with multiple axes, aimed at (1) understanding the relationship between cell proliferation and energy production\/expenditure, (2) characterising this relationship and its consequences in the early and late stages following an AKI, and (3) evaluating how cell proliferation could be modulated in order to favour renal repair and prevent the transition from AKI to CKD.<\/p>\n<p>We have previously identified <i>Nupr1 <\/i>(Nulcear Protein 1) as an early stress-response gene conveying epithelial protection in an acute model of renal toxicity. NUPR1 exerts its renoprotective effect during the early phase of AKI by preventing excessive cell proliferation and energy expenditure in the injured tubular epithelium.<\/p>\n<p>Using a combination of state-of-the art in vivo and in vitro techniques on human and animals models, we are currently pursuing the following projects :<\/p>\n<ul>\n<li>Is Nupr1 administration beneficial during AKI?<\/li>\n<li>Testing the proliferation hypothesis in the deleterious effect of an early procurement on kidney graft function.<\/li>\n<li>Real-time assessment of the kidney's metabolic state by non-invasive biomarkers<\/li>\n<\/ul>\n<\/section>\n\n\n\n<section data-id=\"60be062\" data-element_type=\"section\"><\/section>\n\n\n\n<figure class=\"wp-block-image\"><img decoding=\"async\" src=\"https:\/\/corakid.com\/wp-content\/uploads\/2022\/03\/Image1.png\" alt=\"\"\/><\/figure>\n\n\n\n<figure class=\"wp-block-image\"><img decoding=\"async\" src=\"https:\/\/corakid.com\/wp-content\/uploads\/2022\/03\/Image2.png\" alt=\"\"\/><\/figure>\n\n\n\n<p><br><\/p>\n\n\n\n<h2 class=\"wp-block-heading\">Publications<\/h2>\n\n\n\n<ol class=\"wp-block-list\">\n<li><a href=\"https:\/\/pubmed-ncbi-nlm-nih-gov.proxy.insermbiblio.inist.fr\/34793337\/\">Cell stress response impairs de novo NAD+ biosynthesis in the kidney. <\/a>Bignon Y, Rinaldi A, Nadour Z, Poindessous V, Nemazanyy I, Lenoir O, Fohlen B, Weill-Raynal P, Hertig A, Karras A, Galichon P, Naesens M, Anglicheau D, Cipp\u00e0 PE, Pallet N. JCI Insight. 2021 Nov 18:e153019. doi: 10.1172\/jci.insight.153019.<\/li>\n\n\n\n<li><a href=\"https:\/\/pubmed.ncbi.nlm.nih.gov\/34576005\/\" target=\"_blank\" rel=\"noopener\">Anaesthesia-Induced Transcriptomic Changes in the Context of Renal Ischemia Uncovered by the Use of a Novel Clamping Device.<\/a> Verney C, Legouis D, Placier S, Migeon T, Bonnin P, Buob D, Hadchouel J, Galichon P. Int J Mol Sci. 2021 Sep 11;22(18):9840. doi: 10.3390\/ijms22189840<\/li>\n\n\n\n<li><a href=\"https:\/\/pubmed-ncbi-nlm-nih-gov.proxy.insermbiblio.inist.fr\/32694833\/\"> Altered proximal tubular cell glucose metabolism during acute kidney injury is associated with mortality. <\/a>Legouis D, Ricksten SE, Faivre A, Verissimo T, Gariani K, Verney C, Galichon P, Berchtold L, Feraille E, Fernandez M, Placier S, Koppitch K, Hertig A, Martin PY, Naesens M, Pugin J, McMahon AP, Cipp\u00e0 PE, de Seigneux S. Nat Metab. 2020 Aug;2(8):732-743. doi: 10.1038\/s42255-020-0238-1.<\/li>\n\n\n\n<li><a href=\"https:\/\/pubmed-ncbi-nlm-nih-gov.proxy.insermbiblio.inist.fr\/29929186\/\">Increased Fatty Acid Oxidation in Differentiated Proximal Tubular Cells Surviving a Reversible Episode of Acute Kidney Injury. <\/a>Bataille A, Galichon P, Chelghoum N, Oumoussa BM, Ziliotis MJ, Sadia I, Vandermeersch S, Simon-Tillaux N, Legouis D, Cohen R, Xu-Dubois YC, Commereuc M, Rondeau E, Le Crom S, Hertig A. Cell Physiol Biochem. 2018;47(4):1338-1351. doi: 10.1159\/000490819.<\/li>\n\n\n\n<li><a href=\"https:\/\/pubmed-ncbi-nlm-nih-gov.proxy.insermbiblio.inist.fr\/27755064\/\">Rapid Occurrence of Chronic Kidney Disease in Patients Experiencing Reversible Acute Kidney Injury after Cardiac Surgery. <\/a>Legouis D, Galichon P, Bataille A, Chevret S, Provench\u00e8re S, Boutten A, Buklas D, Fellahi JL, Hanouz JL, Hertig A. Anesthesiology. 2017 Jan;126(1):39-46. doi: 10.1097\/ALN.0000000000001400.<\/li>\n\n\n\n<li><a href=\"https:\/\/pubmed-ncbi-nlm-nih-gov.proxy.insermbiblio.inist.fr\/27451286\/\">Stress Response Gene Nupr1 Alleviates Cyclosporin A Nephrotoxicity In Vivo. <\/a>Galichon P, Bataille A, Vandermeersch S, Wetzstein M, Xu-Dubois YC, Legouis D, Hertig A, Buob D, Placier S, Big\u00e9 N, Lefevre G, Jouanneau C, Martin C, Iovanna JL, Rondeau E. J Am Soc Nephrol. 2017 Feb;28(2):545-556. doi: 10.1681\/ASN.2015080936.<\/li>\n<\/ol>","protected":false},"excerpt":{"rendered":"<p>Projets Les reins se r\u00e9parent apr\u00e8s aggression gr\u00e2ce \u00e0 la prolif\u00e9ration des cellules \u00e9pith\u00e9liales tubulaires. Cette r\u00e9paration prolif\u00e9rative est physiologiquement auto-contrainte. En effet, l\u2019expression pr\u00e9coce des inhibiteurs du cycle cellulaire p53 et p21 r\u00e9duit la l\u00e9sion initiale, ce qui sugg\u00e8re que l\u2019arr\u00eat transitoire du cycle cellulaire pourrait \u00eatre b\u00e9n\u00e9fique en cas de l\u00e9sion r\u00e9nale aigu\u00eb. [&hellip;]<\/p>\n","protected":false},"author":1,"featured_media":0,"parent":7,"menu_order":1,"comment_status":"closed","ping_status":"closed","template":"elementor_header_footer","meta":{"_cbd_carousel_blocks":"[]","footnotes":""},"class_list":["post-1433","page","type-page","status-publish","hentry"],"yoast_head":"<!-- This site is optimized with the Yoast SEO plugin v27.5 - https:\/\/yoast.com\/product\/yoast-seo-wordpress\/ -->\n<title>M\u00e9canismes de r\u00e9paration r\u00e9nale - CoRaKiD<\/title>\n<meta name=\"robots\" content=\"index, follow, max-snippet:-1, max-image-preview:large, max-video-preview:-1\" \/>\n<link rel=\"canonical\" href=\"https:\/\/corakid.com\/en\/research\/theme-2\/mecanismes-de-reparation-renale\/\" \/>\n<meta property=\"og:locale\" content=\"en_GB\" \/>\n<meta property=\"og:type\" content=\"article\" \/>\n<meta property=\"og:title\" content=\"M\u00e9canismes de r\u00e9paration r\u00e9nale - CoRaKiD\" \/>\n<meta property=\"og:description\" content=\"Projets Les reins se r\u00e9parent apr\u00e8s aggression gr\u00e2ce \u00e0 la prolif\u00e9ration des cellules \u00e9pith\u00e9liales tubulaires. Cette r\u00e9paration prolif\u00e9rative est physiologiquement auto-contrainte. En effet, l\u2019expression pr\u00e9coce des inhibiteurs du cycle cellulaire p53 et p21 r\u00e9duit la l\u00e9sion initiale, ce qui sugg\u00e8re que l\u2019arr\u00eat transitoire du cycle cellulaire pourrait \u00eatre b\u00e9n\u00e9fique en cas de l\u00e9sion r\u00e9nale aigu\u00eb. [&hellip;]\" \/>\n<meta property=\"og:url\" content=\"https:\/\/corakid.com\/en\/research\/theme-2\/mecanismes-de-reparation-renale\/\" \/>\n<meta property=\"og:site_name\" content=\"CoRaKiD\" \/>\n<meta property=\"article:modified_time\" content=\"2025-05-23T09:07:06+00:00\" \/>\n<meta property=\"og:image\" content=\"https:\/\/corakid.com\/wp-content\/uploads\/2022\/04\/bandeau2-1-1024x431.jpg\" \/>\n<meta name=\"twitter:card\" content=\"summary_large_image\" \/>\n<meta name=\"twitter:label1\" content=\"Estimated reading time\" \/>\n\t<meta name=\"twitter:data1\" content=\"4 minutes\" \/>\n<script type=\"application\/ld+json\" class=\"yoast-schema-graph\">{\"@context\":\"https:\\\/\\\/schema.org\",\"@graph\":[{\"@type\":\"WebPage\",\"@id\":\"https:\\\/\\\/corakid.com\\\/research\\\/theme-2\\\/mecanismes-de-reparation-renale\\\/\",\"url\":\"https:\\\/\\\/corakid.com\\\/research\\\/theme-2\\\/mecanismes-de-reparation-renale\\\/\",\"name\":\"M\u00e9canismes de r\u00e9paration r\u00e9nale - CoRaKiD\",\"isPartOf\":{\"@id\":\"https:\\\/\\\/corakid.com\\\/en\\\/#website\"},\"primaryImageOfPage\":{\"@id\":\"https:\\\/\\\/corakid.com\\\/research\\\/theme-2\\\/mecanismes-de-reparation-renale\\\/#primaryimage\"},\"image\":{\"@id\":\"https:\\\/\\\/corakid.com\\\/research\\\/theme-2\\\/mecanismes-de-reparation-renale\\\/#primaryimage\"},\"thumbnailUrl\":\"https:\\\/\\\/corakid.com\\\/wp-content\\\/uploads\\\/2022\\\/04\\\/bandeau2-1-1024x431.jpg\",\"datePublished\":\"2022-04-08T14:18:52+00:00\",\"dateModified\":\"2025-05-23T09:07:06+00:00\",\"breadcrumb\":{\"@id\":\"https:\\\/\\\/corakid.com\\\/research\\\/theme-2\\\/mecanismes-de-reparation-renale\\\/#breadcrumb\"},\"inLanguage\":\"en-GB\",\"potentialAction\":[{\"@type\":\"ReadAction\",\"target\":[\"https:\\\/\\\/corakid.com\\\/research\\\/theme-2\\\/mecanismes-de-reparation-renale\\\/\"]}]},{\"@type\":\"ImageObject\",\"inLanguage\":\"en-GB\",\"@id\":\"https:\\\/\\\/corakid.com\\\/research\\\/theme-2\\\/mecanismes-de-reparation-renale\\\/#primaryimage\",\"url\":\"https:\\\/\\\/corakid.com\\\/wp-content\\\/uploads\\\/2022\\\/04\\\/bandeau2-1-1024x431.jpg\",\"contentUrl\":\"https:\\\/\\\/corakid.com\\\/wp-content\\\/uploads\\\/2022\\\/04\\\/bandeau2-1-1024x431.jpg\"},{\"@type\":\"BreadcrumbList\",\"@id\":\"https:\\\/\\\/corakid.com\\\/research\\\/theme-2\\\/mecanismes-de-reparation-renale\\\/#breadcrumb\",\"itemListElement\":[{\"@type\":\"ListItem\",\"position\":1,\"name\":\"Accueil\",\"item\":\"https:\\\/\\\/corakid.com\\\/\"},{\"@type\":\"ListItem\",\"position\":2,\"name\":\"Recherche\",\"item\":\"https:\\\/\\\/corakid.com\\\/research\\\/\"},{\"@type\":\"ListItem\",\"position\":3,\"name\":\"Groupe 2 : M\u00e9canismes de l&rsquo;insuffisance r\u00e9nale aig\u00fce et r\u00e9paration\",\"item\":\"https:\\\/\\\/corakid.com\\\/research\\\/theme-2\\\/\"},{\"@type\":\"ListItem\",\"position\":4,\"name\":\"M\u00e9canismes de r\u00e9paration r\u00e9nale\"}]},{\"@type\":\"WebSite\",\"@id\":\"https:\\\/\\\/corakid.com\\\/en\\\/#website\",\"url\":\"https:\\\/\\\/corakid.com\\\/en\\\/\",\"name\":\"CoRaKiD\",\"description\":\"UMRS 1155 Common and Rare Kidney Diseases\",\"publisher\":{\"@id\":\"https:\\\/\\\/corakid.com\\\/en\\\/#organization\"},\"potentialAction\":[{\"@type\":\"SearchAction\",\"target\":{\"@type\":\"EntryPoint\",\"urlTemplate\":\"https:\\\/\\\/corakid.com\\\/en\\\/?s={search_term_string}\"},\"query-input\":{\"@type\":\"PropertyValueSpecification\",\"valueRequired\":true,\"valueName\":\"search_term_string\"}}],\"inLanguage\":\"en-GB\"},{\"@type\":\"Organization\",\"@id\":\"https:\\\/\\\/corakid.com\\\/en\\\/#organization\",\"name\":\"CoRaKiD\",\"url\":\"https:\\\/\\\/corakid.com\\\/en\\\/\",\"logo\":{\"@type\":\"ImageObject\",\"inLanguage\":\"en-GB\",\"@id\":\"https:\\\/\\\/corakid.com\\\/en\\\/#\\\/schema\\\/logo\\\/image\\\/\",\"url\":\"https:\\\/\\\/corakid.com\\\/wp-content\\\/uploads\\\/2019\\\/10\\\/logo5.png\",\"contentUrl\":\"https:\\\/\\\/corakid.com\\\/wp-content\\\/uploads\\\/2019\\\/10\\\/logo5.png\",\"width\":652,\"height\":247,\"caption\":\"CoRaKiD\"},\"image\":{\"@id\":\"https:\\\/\\\/corakid.com\\\/en\\\/#\\\/schema\\\/logo\\\/image\\\/\"}}]}<\/script>\n<!-- \/ Yoast SEO plugin. -->","yoast_head_json":{"title":"M\u00e9canismes de r\u00e9paration r\u00e9nale - CoRaKiD","robots":{"index":"index","follow":"follow","max-snippet":"max-snippet:-1","max-image-preview":"max-image-preview:large","max-video-preview":"max-video-preview:-1"},"canonical":"https:\/\/corakid.com\/en\/research\/theme-2\/mecanismes-de-reparation-renale\/","og_locale":"en_GB","og_type":"article","og_title":"M\u00e9canismes de r\u00e9paration r\u00e9nale - CoRaKiD","og_description":"Projets Les reins se r\u00e9parent apr\u00e8s aggression gr\u00e2ce \u00e0 la prolif\u00e9ration des cellules \u00e9pith\u00e9liales tubulaires. Cette r\u00e9paration prolif\u00e9rative est physiologiquement auto-contrainte. En effet, l\u2019expression pr\u00e9coce des inhibiteurs du cycle cellulaire p53 et p21 r\u00e9duit la l\u00e9sion initiale, ce qui sugg\u00e8re que l\u2019arr\u00eat transitoire du cycle cellulaire pourrait \u00eatre b\u00e9n\u00e9fique en cas de l\u00e9sion r\u00e9nale aigu\u00eb. [&hellip;]","og_url":"https:\/\/corakid.com\/en\/research\/theme-2\/mecanismes-de-reparation-renale\/","og_site_name":"CoRaKiD","article_modified_time":"2025-05-23T09:07:06+00:00","og_image":[{"url":"https:\/\/corakid.com\/wp-content\/uploads\/2022\/04\/bandeau2-1-1024x431.jpg","type":"","width":"","height":""}],"twitter_card":"summary_large_image","twitter_misc":{"Estimated reading time":"4 minutes"},"schema":{"@context":"https:\/\/schema.org","@graph":[{"@type":"WebPage","@id":"https:\/\/corakid.com\/research\/theme-2\/mecanismes-de-reparation-renale\/","url":"https:\/\/corakid.com\/research\/theme-2\/mecanismes-de-reparation-renale\/","name":"M\u00e9canismes de r\u00e9paration r\u00e9nale - CoRaKiD","isPartOf":{"@id":"https:\/\/corakid.com\/en\/#website"},"primaryImageOfPage":{"@id":"https:\/\/corakid.com\/research\/theme-2\/mecanismes-de-reparation-renale\/#primaryimage"},"image":{"@id":"https:\/\/corakid.com\/research\/theme-2\/mecanismes-de-reparation-renale\/#primaryimage"},"thumbnailUrl":"https:\/\/corakid.com\/wp-content\/uploads\/2022\/04\/bandeau2-1-1024x431.jpg","datePublished":"2022-04-08T14:18:52+00:00","dateModified":"2025-05-23T09:07:06+00:00","breadcrumb":{"@id":"https:\/\/corakid.com\/research\/theme-2\/mecanismes-de-reparation-renale\/#breadcrumb"},"inLanguage":"en-GB","potentialAction":[{"@type":"ReadAction","target":["https:\/\/corakid.com\/research\/theme-2\/mecanismes-de-reparation-renale\/"]}]},{"@type":"ImageObject","inLanguage":"en-GB","@id":"https:\/\/corakid.com\/research\/theme-2\/mecanismes-de-reparation-renale\/#primaryimage","url":"https:\/\/corakid.com\/wp-content\/uploads\/2022\/04\/bandeau2-1-1024x431.jpg","contentUrl":"https:\/\/corakid.com\/wp-content\/uploads\/2022\/04\/bandeau2-1-1024x431.jpg"},{"@type":"BreadcrumbList","@id":"https:\/\/corakid.com\/research\/theme-2\/mecanismes-de-reparation-renale\/#breadcrumb","itemListElement":[{"@type":"ListItem","position":1,"name":"Accueil","item":"https:\/\/corakid.com\/"},{"@type":"ListItem","position":2,"name":"Recherche","item":"https:\/\/corakid.com\/research\/"},{"@type":"ListItem","position":3,"name":"Groupe 2 : M\u00e9canismes de l&rsquo;insuffisance r\u00e9nale aig\u00fce et r\u00e9paration","item":"https:\/\/corakid.com\/research\/theme-2\/"},{"@type":"ListItem","position":4,"name":"M\u00e9canismes de r\u00e9paration r\u00e9nale"}]},{"@type":"WebSite","@id":"https:\/\/corakid.com\/en\/#website","url":"https:\/\/corakid.com\/en\/","name":"CoRaKiD","description":"UMRS 1155 Common and Rare Kidney Diseases","publisher":{"@id":"https:\/\/corakid.com\/en\/#organization"},"potentialAction":[{"@type":"SearchAction","target":{"@type":"EntryPoint","urlTemplate":"https:\/\/corakid.com\/en\/?s={search_term_string}"},"query-input":{"@type":"PropertyValueSpecification","valueRequired":true,"valueName":"search_term_string"}}],"inLanguage":"en-GB"},{"@type":"Organization","@id":"https:\/\/corakid.com\/en\/#organization","name":"CoRaKiD","url":"https:\/\/corakid.com\/en\/","logo":{"@type":"ImageObject","inLanguage":"en-GB","@id":"https:\/\/corakid.com\/en\/#\/schema\/logo\/image\/","url":"https:\/\/corakid.com\/wp-content\/uploads\/2019\/10\/logo5.png","contentUrl":"https:\/\/corakid.com\/wp-content\/uploads\/2019\/10\/logo5.png","width":652,"height":247,"caption":"CoRaKiD"},"image":{"@id":"https:\/\/corakid.com\/en\/#\/schema\/logo\/image\/"}}]}},"_links":{"self":[{"href":"https:\/\/corakid.com\/en\/wp-json\/wp\/v2\/pages\/1433","targetHints":{"allow":["GET"]}}],"collection":[{"href":"https:\/\/corakid.com\/en\/wp-json\/wp\/v2\/pages"}],"about":[{"href":"https:\/\/corakid.com\/en\/wp-json\/wp\/v2\/types\/page"}],"author":[{"embeddable":true,"href":"https:\/\/corakid.com\/en\/wp-json\/wp\/v2\/users\/1"}],"replies":[{"embeddable":true,"href":"https:\/\/corakid.com\/en\/wp-json\/wp\/v2\/comments?post=1433"}],"version-history":[{"count":43,"href":"https:\/\/corakid.com\/en\/wp-json\/wp\/v2\/pages\/1433\/revisions"}],"predecessor-version":[{"id":2360,"href":"https:\/\/corakid.com\/en\/wp-json\/wp\/v2\/pages\/1433\/revisions\/2360"}],"up":[{"embeddable":true,"href":"https:\/\/corakid.com\/en\/wp-json\/wp\/v2\/pages\/7"}],"wp:attachment":[{"href":"https:\/\/corakid.com\/en\/wp-json\/wp\/v2\/media?parent=1433"}],"curies":[{"name":"wp","href":"https:\/\/api.w.org\/{rel}","templated":true}]}}