{"id":1454,"date":"2022-04-12T19:16:06","date_gmt":"2022-04-12T19:16:06","guid":{"rendered":"https:\/\/corakid.com\/?page_id=1454"},"modified":"2025-05-23T09:01:53","modified_gmt":"2025-05-23T09:01:53","slug":"artificial-kidney-induced-kidney-injury-akiki-2","status":"publish","type":"page","link":"https:\/\/corakid.com\/en\/research\/theme-2\/artificial-kidney-induced-kidney-injury-akiki-2\/","title":{"rendered":"Artificial Kidney-Induced Kidney Injury (AKIKI)"},"content":{"rendered":"<h5>Projects<\/h5>\n\n\n<p>Renal replacement therapy (RRT) is used for severe acute kidney injury (AKI). We published the first large trial on RRT timing (AKIKI). It showed no difference in mortality between 2 initiation strategies (early vs delayed) but the delayed one (allowing some patients to escape RRT) was associated with faster renal recovery. RRT might constitute a second hit, which would impair renal recovery by: 1\/modifying renal hemodynamic; 2\/activating platelets and neutrophils through contact with dialysis membrane; 3\/removing plasma molecules involved in tubules regeneration (e.g. vit B3). To test these hypotheses, we set up a rat model of RRT after AKI. Kidney histology and function, tubular damage, hemodynamic, platelets\/neutrophils activation\/aggregation and NAD+ metabolites will be assessed. It will then be tested in blood\/urine samples from patients included in AKIKI2 trial. We will also assess if plasma concentration of NAD+ metabolites is correlated with the time between AKI and recovery.<\/p>\n\n\n<p><img decoding=\"async\" src=\"https:\/\/corakid.com\/wp-content\/uploads\/2022\/04\/Image3.png\" alt=\"\" loading=\"lazy\" srcset=\"https:\/\/corakid.com\/wp-content\/uploads\/2022\/04\/Image3.png 315w, https:\/\/corakid.com\/wp-content\/uploads\/2022\/04\/Image3-300x218.png 300w, https:\/\/corakid.com\/wp-content\/uploads\/2022\/04\/Image3-18x12.png 18w\" sizes=\"auto, (max-width: 315px) 100vw, 315px\" width=\"315\" height=\"229\"><br>\n\t\t\t\t\t\t\t\t\t\t\t\t<img decoding=\"async\" src=\"https:\/\/corakid.com\/wp-content\/uploads\/2022\/04\/Image4.png\" alt=\"\" loading=\"lazy\" srcset=\"https:\/\/corakid.com\/wp-content\/uploads\/2022\/04\/Image4.png 321w, https:\/\/corakid.com\/wp-content\/uploads\/2022\/04\/Image4-300x214.png 300w, https:\/\/corakid.com\/wp-content\/uploads\/2022\/04\/Image4-18x12.png 18w\" sizes=\"auto, (max-width: 321px) 100vw, 321px\" width=\"321\" height=\"229\">\t\t\t\t\t\t\t\t\t\t\t\t\t\t<\/p>\n<h5>Publications<\/h5>\n<ol>\n<li>Comparison of two delayed strategies for renal replacement therapy initiation for severe acute kidney injury (AKIKI 2): a multicentre, open-label, randomised, controlled trial. Gaudry S, Hajage D, \u2026. and Dreyfuss D. <b><i>Lancet<\/i><\/b>. 2021. 397(10281):1293-1300. doi: 10.1016\/S0140-6736(21)00350-0<\/li>\n<li>Timing of Initiation of Renal-Replacement Therapy in Acute Kidney Injury. STARRT-AKI Investigators, \u2026, Gaudry S\u2026 and Zarbock A. <b><i>N <\/i><\/b><b><i>Engl<\/i><\/b><b><i> J Med <\/i><\/b>2020. 383(3):240-251. doi: 10.1056\/NEJMoa2000741.<\/li>\n<li>Timing of Renal Replacement Therapy for Severe Acute Kidney Injury in Critically Ill Patients. Gaudry S, Quenot JP\u2026and Dreyfuss D. <b><i>Am J Respir <\/i><\/b><b><i>Crit<\/i><\/b><b><i> Care Med <\/i><\/b>2019. 99(9):1066-1075. doi: 10.1164\/rccm.201810-1906CP.<\/li>\n<li>Timing of Renal Support and Outcome of Septic Shock and Acute Respiratory Distress Syndrome. A Post Hoc Analysis of the AKIKI Randomized Clinical Trial. Gaudry S, Hajage D, \u2026. and Dreyfuss D. <b><i>Am J Respir <\/i><\/b><b><i>Crit<\/i><\/b><b><i> Care Med <\/i><\/b>2018. 198(1):58-66. doi:10.1164\/rccm.201706-1255OC.<\/li>\n<li>Initiation of Renal-Replacement Therapy in the Intensive Care Unit. Gaudry S, Hajage D and Dreyfuss D. <b><i>N <\/i><\/b><b><i>Engl<\/i><\/b><b><i> J Med <\/i><\/b>2016;375:122\u2013133. doi: 10.1056\/NEJMc1610500.<\/li>\n<\/ol>","protected":false},"excerpt":{"rendered":"<p>Projets L\u2019\u00e9puration extra-r\u00e9nale (EER) est utilis\u00e9e en cas d\u2019insuffisance r\u00e9nale aigue\u0308 (IRA) s\u00e9v\u00e8re. Nous avons publie\u0301 un essai sur le timing de l\u2019EER ne montrant pas de diff\u00e9rence de mortalit\u00e9 entre 2 strat\u00e9gies d&rsquo;initiation (pr\u00e9coce ou diff\u00e9r\u00e9e). La strat\u00e9gie diff\u00e9r\u00e9e (conduisant a\u0300 moins d\u2019EER) \u00e9tait associ\u00e9e a\u0300 une r\u00e9cup\u00e9ration r\u00e9nale plus rapide. L\u2019EER pourrait alt\u00e9rer [&hellip;]<\/p>\n","protected":false},"author":1,"featured_media":0,"parent":7,"menu_order":0,"comment_status":"closed","ping_status":"closed","template":"","meta":{"_cbd_carousel_blocks":"[]","footnotes":""},"class_list":["post-1454","page","type-page","status-publish","hentry"],"yoast_head":"<!-- This site is optimized with the Yoast SEO plugin v27.5 - https:\/\/yoast.com\/product\/yoast-seo-wordpress\/ -->\n<title>Artificial Kidney-Induced Kidney Injury (AKIKI) - CoRaKiD<\/title>\n<meta name=\"robots\" content=\"index, follow, max-snippet:-1, max-image-preview:large, max-video-preview:-1\" \/>\n<link rel=\"canonical\" href=\"https:\/\/corakid.com\/en\/research\/theme-2\/artificial-kidney-induced-kidney-injury-akiki-2\/\" \/>\n<meta property=\"og:locale\" content=\"en_GB\" \/>\n<meta property=\"og:type\" content=\"article\" \/>\n<meta property=\"og:title\" content=\"Artificial Kidney-Induced Kidney Injury (AKIKI) - CoRaKiD\" \/>\n<meta property=\"og:description\" content=\"Projets L\u2019\u00e9puration extra-r\u00e9nale (EER) est utilis\u00e9e en cas d\u2019insuffisance r\u00e9nale aigue\u0308 (IRA) s\u00e9v\u00e8re. Nous avons publie\u0301 un essai sur le timing de l\u2019EER ne montrant pas de diff\u00e9rence de mortalit\u00e9 entre 2 strat\u00e9gies d&rsquo;initiation (pr\u00e9coce ou diff\u00e9r\u00e9e). La strat\u00e9gie diff\u00e9r\u00e9e (conduisant a\u0300 moins d\u2019EER) \u00e9tait associ\u00e9e a\u0300 une r\u00e9cup\u00e9ration r\u00e9nale plus rapide. L\u2019EER pourrait alt\u00e9rer [&hellip;]\" \/>\n<meta property=\"og:url\" content=\"https:\/\/corakid.com\/en\/research\/theme-2\/artificial-kidney-induced-kidney-injury-akiki-2\/\" \/>\n<meta property=\"og:site_name\" content=\"CoRaKiD\" \/>\n<meta property=\"article:modified_time\" content=\"2025-05-23T09:01:53+00:00\" \/>\n<meta property=\"og:image\" content=\"https:\/\/corakid.com\/wp-content\/uploads\/2022\/04\/Image3.png\" \/>\n<meta name=\"twitter:card\" content=\"summary_large_image\" \/>\n<meta name=\"twitter:label1\" content=\"Estimated reading time\" \/>\n\t<meta name=\"twitter:data1\" content=\"2 minutes\" \/>\n<script type=\"application\/ld+json\" class=\"yoast-schema-graph\">{\"@context\":\"https:\\\/\\\/schema.org\",\"@graph\":[{\"@type\":\"WebPage\",\"@id\":\"https:\\\/\\\/corakid.com\\\/research\\\/theme-2\\\/artificial-kidney-induced-kidney-injury-akiki-2\\\/\",\"url\":\"https:\\\/\\\/corakid.com\\\/research\\\/theme-2\\\/artificial-kidney-induced-kidney-injury-akiki-2\\\/\",\"name\":\"Artificial Kidney-Induced Kidney Injury (AKIKI) - CoRaKiD\",\"isPartOf\":{\"@id\":\"https:\\\/\\\/corakid.com\\\/en\\\/#website\"},\"primaryImageOfPage\":{\"@id\":\"https:\\\/\\\/corakid.com\\\/research\\\/theme-2\\\/artificial-kidney-induced-kidney-injury-akiki-2\\\/#primaryimage\"},\"image\":{\"@id\":\"https:\\\/\\\/corakid.com\\\/research\\\/theme-2\\\/artificial-kidney-induced-kidney-injury-akiki-2\\\/#primaryimage\"},\"thumbnailUrl\":\"https:\\\/\\\/corakid.com\\\/wp-content\\\/uploads\\\/2022\\\/04\\\/Image3.png\",\"datePublished\":\"2022-04-12T19:16:06+00:00\",\"dateModified\":\"2025-05-23T09:01:53+00:00\",\"breadcrumb\":{\"@id\":\"https:\\\/\\\/corakid.com\\\/research\\\/theme-2\\\/artificial-kidney-induced-kidney-injury-akiki-2\\\/#breadcrumb\"},\"inLanguage\":\"en-GB\",\"potentialAction\":[{\"@type\":\"ReadAction\",\"target\":[\"https:\\\/\\\/corakid.com\\\/research\\\/theme-2\\\/artificial-kidney-induced-kidney-injury-akiki-2\\\/\"]}]},{\"@type\":\"ImageObject\",\"inLanguage\":\"en-GB\",\"@id\":\"https:\\\/\\\/corakid.com\\\/research\\\/theme-2\\\/artificial-kidney-induced-kidney-injury-akiki-2\\\/#primaryimage\",\"url\":\"https:\\\/\\\/corakid.com\\\/wp-content\\\/uploads\\\/2022\\\/04\\\/Image3.png\",\"contentUrl\":\"https:\\\/\\\/corakid.com\\\/wp-content\\\/uploads\\\/2022\\\/04\\\/Image3.png\"},{\"@type\":\"BreadcrumbList\",\"@id\":\"https:\\\/\\\/corakid.com\\\/research\\\/theme-2\\\/artificial-kidney-induced-kidney-injury-akiki-2\\\/#breadcrumb\",\"itemListElement\":[{\"@type\":\"ListItem\",\"position\":1,\"name\":\"Accueil\",\"item\":\"https:\\\/\\\/corakid.com\\\/\"},{\"@type\":\"ListItem\",\"position\":2,\"name\":\"Recherche\",\"item\":\"https:\\\/\\\/corakid.com\\\/research\\\/\"},{\"@type\":\"ListItem\",\"position\":3,\"name\":\"Groupe 2 : M\u00e9canismes de l&rsquo;insuffisance r\u00e9nale aig\u00fce et r\u00e9paration\",\"item\":\"https:\\\/\\\/corakid.com\\\/research\\\/theme-2\\\/\"},{\"@type\":\"ListItem\",\"position\":4,\"name\":\"Artificial Kidney-Induced Kidney Injury (AKIKI)\"}]},{\"@type\":\"WebSite\",\"@id\":\"https:\\\/\\\/corakid.com\\\/en\\\/#website\",\"url\":\"https:\\\/\\\/corakid.com\\\/en\\\/\",\"name\":\"CoRaKiD\",\"description\":\"UMRS 1155 Common and Rare Kidney Diseases\",\"publisher\":{\"@id\":\"https:\\\/\\\/corakid.com\\\/en\\\/#organization\"},\"potentialAction\":[{\"@type\":\"SearchAction\",\"target\":{\"@type\":\"EntryPoint\",\"urlTemplate\":\"https:\\\/\\\/corakid.com\\\/en\\\/?s={search_term_string}\"},\"query-input\":{\"@type\":\"PropertyValueSpecification\",\"valueRequired\":true,\"valueName\":\"search_term_string\"}}],\"inLanguage\":\"en-GB\"},{\"@type\":\"Organization\",\"@id\":\"https:\\\/\\\/corakid.com\\\/en\\\/#organization\",\"name\":\"CoRaKiD\",\"url\":\"https:\\\/\\\/corakid.com\\\/en\\\/\",\"logo\":{\"@type\":\"ImageObject\",\"inLanguage\":\"en-GB\",\"@id\":\"https:\\\/\\\/corakid.com\\\/en\\\/#\\\/schema\\\/logo\\\/image\\\/\",\"url\":\"https:\\\/\\\/corakid.com\\\/wp-content\\\/uploads\\\/2019\\\/10\\\/logo5.png\",\"contentUrl\":\"https:\\\/\\\/corakid.com\\\/wp-content\\\/uploads\\\/2019\\\/10\\\/logo5.png\",\"width\":652,\"height\":247,\"caption\":\"CoRaKiD\"},\"image\":{\"@id\":\"https:\\\/\\\/corakid.com\\\/en\\\/#\\\/schema\\\/logo\\\/image\\\/\"}}]}<\/script>\n<!-- \/ Yoast SEO plugin. -->","yoast_head_json":{"title":"Artificial Kidney-Induced Kidney Injury (AKIKI) - CoRaKiD","robots":{"index":"index","follow":"follow","max-snippet":"max-snippet:-1","max-image-preview":"max-image-preview:large","max-video-preview":"max-video-preview:-1"},"canonical":"https:\/\/corakid.com\/en\/research\/theme-2\/artificial-kidney-induced-kidney-injury-akiki-2\/","og_locale":"en_GB","og_type":"article","og_title":"Artificial Kidney-Induced Kidney Injury (AKIKI) - CoRaKiD","og_description":"Projets L\u2019\u00e9puration extra-r\u00e9nale (EER) est utilis\u00e9e en cas d\u2019insuffisance r\u00e9nale aigue\u0308 (IRA) s\u00e9v\u00e8re. Nous avons publie\u0301 un essai sur le timing de l\u2019EER ne montrant pas de diff\u00e9rence de mortalit\u00e9 entre 2 strat\u00e9gies d&rsquo;initiation (pr\u00e9coce ou diff\u00e9r\u00e9e). La strat\u00e9gie diff\u00e9r\u00e9e (conduisant a\u0300 moins d\u2019EER) \u00e9tait associ\u00e9e a\u0300 une r\u00e9cup\u00e9ration r\u00e9nale plus rapide. L\u2019EER pourrait alt\u00e9rer [&hellip;]","og_url":"https:\/\/corakid.com\/en\/research\/theme-2\/artificial-kidney-induced-kidney-injury-akiki-2\/","og_site_name":"CoRaKiD","article_modified_time":"2025-05-23T09:01:53+00:00","og_image":[{"url":"https:\/\/corakid.com\/wp-content\/uploads\/2022\/04\/Image3.png","type":"","width":"","height":""}],"twitter_card":"summary_large_image","twitter_misc":{"Estimated reading time":"2 minutes"},"schema":{"@context":"https:\/\/schema.org","@graph":[{"@type":"WebPage","@id":"https:\/\/corakid.com\/research\/theme-2\/artificial-kidney-induced-kidney-injury-akiki-2\/","url":"https:\/\/corakid.com\/research\/theme-2\/artificial-kidney-induced-kidney-injury-akiki-2\/","name":"Artificial Kidney-Induced Kidney Injury (AKIKI) - CoRaKiD","isPartOf":{"@id":"https:\/\/corakid.com\/en\/#website"},"primaryImageOfPage":{"@id":"https:\/\/corakid.com\/research\/theme-2\/artificial-kidney-induced-kidney-injury-akiki-2\/#primaryimage"},"image":{"@id":"https:\/\/corakid.com\/research\/theme-2\/artificial-kidney-induced-kidney-injury-akiki-2\/#primaryimage"},"thumbnailUrl":"https:\/\/corakid.com\/wp-content\/uploads\/2022\/04\/Image3.png","datePublished":"2022-04-12T19:16:06+00:00","dateModified":"2025-05-23T09:01:53+00:00","breadcrumb":{"@id":"https:\/\/corakid.com\/research\/theme-2\/artificial-kidney-induced-kidney-injury-akiki-2\/#breadcrumb"},"inLanguage":"en-GB","potentialAction":[{"@type":"ReadAction","target":["https:\/\/corakid.com\/research\/theme-2\/artificial-kidney-induced-kidney-injury-akiki-2\/"]}]},{"@type":"ImageObject","inLanguage":"en-GB","@id":"https:\/\/corakid.com\/research\/theme-2\/artificial-kidney-induced-kidney-injury-akiki-2\/#primaryimage","url":"https:\/\/corakid.com\/wp-content\/uploads\/2022\/04\/Image3.png","contentUrl":"https:\/\/corakid.com\/wp-content\/uploads\/2022\/04\/Image3.png"},{"@type":"BreadcrumbList","@id":"https:\/\/corakid.com\/research\/theme-2\/artificial-kidney-induced-kidney-injury-akiki-2\/#breadcrumb","itemListElement":[{"@type":"ListItem","position":1,"name":"Accueil","item":"https:\/\/corakid.com\/"},{"@type":"ListItem","position":2,"name":"Recherche","item":"https:\/\/corakid.com\/research\/"},{"@type":"ListItem","position":3,"name":"Groupe 2 : M\u00e9canismes de l&rsquo;insuffisance r\u00e9nale aig\u00fce et r\u00e9paration","item":"https:\/\/corakid.com\/research\/theme-2\/"},{"@type":"ListItem","position":4,"name":"Artificial Kidney-Induced Kidney Injury (AKIKI)"}]},{"@type":"WebSite","@id":"https:\/\/corakid.com\/en\/#website","url":"https:\/\/corakid.com\/en\/","name":"CoRaKiD","description":"UMRS 1155 Common and Rare Kidney Diseases","publisher":{"@id":"https:\/\/corakid.com\/en\/#organization"},"potentialAction":[{"@type":"SearchAction","target":{"@type":"EntryPoint","urlTemplate":"https:\/\/corakid.com\/en\/?s={search_term_string}"},"query-input":{"@type":"PropertyValueSpecification","valueRequired":true,"valueName":"search_term_string"}}],"inLanguage":"en-GB"},{"@type":"Organization","@id":"https:\/\/corakid.com\/en\/#organization","name":"CoRaKiD","url":"https:\/\/corakid.com\/en\/","logo":{"@type":"ImageObject","inLanguage":"en-GB","@id":"https:\/\/corakid.com\/en\/#\/schema\/logo\/image\/","url":"https:\/\/corakid.com\/wp-content\/uploads\/2019\/10\/logo5.png","contentUrl":"https:\/\/corakid.com\/wp-content\/uploads\/2019\/10\/logo5.png","width":652,"height":247,"caption":"CoRaKiD"},"image":{"@id":"https:\/\/corakid.com\/en\/#\/schema\/logo\/image\/"}}]}},"_links":{"self":[{"href":"https:\/\/corakid.com\/en\/wp-json\/wp\/v2\/pages\/1454","targetHints":{"allow":["GET"]}}],"collection":[{"href":"https:\/\/corakid.com\/en\/wp-json\/wp\/v2\/pages"}],"about":[{"href":"https:\/\/corakid.com\/en\/wp-json\/wp\/v2\/types\/page"}],"author":[{"embeddable":true,"href":"https:\/\/corakid.com\/en\/wp-json\/wp\/v2\/users\/1"}],"replies":[{"embeddable":true,"href":"https:\/\/corakid.com\/en\/wp-json\/wp\/v2\/comments?post=1454"}],"version-history":[{"count":8,"href":"https:\/\/corakid.com\/en\/wp-json\/wp\/v2\/pages\/1454\/revisions"}],"predecessor-version":[{"id":1465,"href":"https:\/\/corakid.com\/en\/wp-json\/wp\/v2\/pages\/1454\/revisions\/1465"}],"up":[{"embeddable":true,"href":"https:\/\/corakid.com\/en\/wp-json\/wp\/v2\/pages\/7"}],"wp:attachment":[{"href":"https:\/\/corakid.com\/en\/wp-json\/wp\/v2\/media?parent=1454"}],"curies":[{"name":"wp","href":"https:\/\/api.w.org\/{rel}","templated":true}]}}