{"id":2262,"date":"2025-05-22T14:07:36","date_gmt":"2025-05-22T14:07:36","guid":{"rendered":"https:\/\/corakid.com\/?page_id=2262"},"modified":"2026-02-24T14:42:52","modified_gmt":"2026-02-24T14:42:52","slug":"equipe-2-traiter-les-maladies-renales-physiopathologie-et-cibles-therapeutiques","status":"publish","type":"page","link":"https:\/\/corakid.com\/en\/equipe-2-traiter-les-maladies-renales-physiopathologie-et-cibles-therapeutiques\/","title":{"rendered":"\u00c9quipe 2 &#8211; Traiter les maladies R\u00e9nales : Physiopathologie et Cibles th\u00e9rapeutiques"},"content":{"rendered":"<p>L\u2019\u00c9quipe 2 se concentre sur la maladie r\u00e9nale chronique (MRC), en poursuivant ses efforts pour identifier de nouveaux m\u00e9diateurs de la maladie pouvant servir de cibles th\u00e9rapeutiques. Le projet repose sur deux axes principaux : approfondir la compr\u00e9hension des m\u00e9canismes pathophysiologiques de la MRC, et d\u00e9velopper de nouvelles approches th\u00e9rapeutiques et outils de suivi des patients. Cette strat\u00e9gie s\u2019accompagne du d\u00e9veloppement de nouvelles m\u00e9thodes diagnostiques et th\u00e9rapeutiques, dans une d\u00e9marche collaborative avec l\u2019ensemble de l\u2019unit\u00e9.<\/p>\n\n\n\n<div class=\"wp-block-columns is-layout-flex wp-container-core-columns-is-layout-28f84493 wp-block-columns-is-layout-flex\">\n<div class=\"wp-block-column has-background is-layout-flow wp-container-core-column-is-layout-14a0a060 wp-block-column-is-layout-flow\" style=\"background-color:#f0f0f0f0;padding-top:var(--wp--preset--spacing--10);padding-right:var(--wp--preset--spacing--10);padding-bottom:var(--wp--preset--spacing--10);padding-left:var(--wp--preset--spacing--10)\">\n<h4 class=\"wp-block-heading has-custom-color-2-color has-text-color has-link-color wp-elements-e87d905bb1a4b34597753107c96653a6\"><strong>Avanc\u00e9es dans la physiopathologie de la maladie r\u00e9nale chronique<\/strong><\/h4>\n\n\n\n<p>Nous avons identifi\u00e9 plusieurs prot\u00e9ines fortement impliqu\u00e9es dans la progression de la MRC. Selon l\u2019agression initiale, ces prot\u00e9ines sont exprim\u00e9es de novo ou surexprim\u00e9es dans diff\u00e9rents compartiments r\u00e9naux, favorisant l\u2019inflammation et la fibrose tissulaire.<br>Nous continuons \u00e0 identifier et proposer de nouveaux m\u00e9diateurs comme cibles th\u00e9rapeutiques.<\/p>\n\n\n\n<p class=\"has-custom-color-1-color has-text-color has-link-color wp-elements-97dcf37365e1d8d10c8c196e4369cf81\">R\u00e9cepteur cannabino\u00efde 1 et MRC<\/p>\n\n\n\n<p class=\"has-custom-color-1-color has-text-color has-link-color wp-elements-cd89c32af6418943dc60ff57be583daf\">Implication de la lectine Gal-3 dans le syndrome cardio-r\u00e9nal<\/p>\n\n\n\n<p class=\"has-custom-color-1-color has-text-color has-link-color wp-elements-0a36dfdac2ada900b0717e2d14a40781\">R\u00f4le des jonctions intracellulaires dans la progression de la maladie r\u00e9nale<\/p>\n\n\n\n<p class=\"has-custom-color-1-color has-text-color has-link-color wp-elements-08fc61595acedb588e571229bf9d9cdd\">R\u00f4le de MMP9 dans la ciliog\u00e9n\u00e8se et la n\u00e9phronophtise<\/p>\n\n\n\n<p class=\"has-custom-color-1-color has-text-color has-link-color wp-elements-e3c2f392d55742e65d8b3b03331772c7\">Implication des prot\u00e9ines de choc thermique dans les glom\u00e9rulopathies<\/p>\n\n\n\n<p class=\"has-custom-color-1-color has-text-color has-link-color wp-elements-842564f36030dd315a6cf18e57cc4481\">Isthmin-1 : un nouveau m\u00e9diateur de la maladie r\u00e9nale chronique<\/p>\n\n\n\n<p class=\"has-custom-color-1-color has-text-color has-link-color wp-elements-80f9f58e94dc0a3b131ec3c89413f2c6\">Maladies hyperinflammatoires associ\u00e9es \u00e0 l\u2019amylose inflammatoire<\/p>\n<\/div>\n\n\n\n<div class=\"wp-block-column has-background is-layout-flow wp-block-column-is-layout-flow\" style=\"background-color:#f0f0f0f0;padding-top:var(--wp--preset--spacing--10);padding-right:var(--wp--preset--spacing--10);padding-bottom:var(--wp--preset--spacing--10);padding-left:var(--wp--preset--spacing--10)\">\n<h4 class=\"wp-block-heading has-custom-color-2-color has-text-color has-link-color wp-elements-84495af617d18cdd309fb207b899f706\"><strong>Approches th\u00e9rapeutiques et biomarqueurs pour le suivi des patients<\/strong><\/h4>\n\n\n\n<p>Afin de mieux comprendre la progression de la MRC, nous renforcerons notre approche en proposant de nouvelles m\u00e9thodologies et techniques permettant soit un diagnostic plus efficace des alt\u00e9rations structurelles, soit une administration cibl\u00e9e de traitements. Nous d\u00e9veloppons \u00e9galement de nouveaux dispositifs in vitro pour tester le potentiel des prot\u00e9ines identifi\u00e9es en tant que cibles th\u00e9rapeutiques.<\/p>\n\n\n\n<p class=\"has-custom-color-1-color has-text-color has-link-color wp-elements-d77255089e365d59c34302c9785756e8\">Carabin : une protection contre la toxicit\u00e9 de la calcineurine<\/p>\n\n\n\n<p class=\"has-custom-color-1-color has-text-color has-link-color wp-elements-dee972ebfc7b4d3ba724a433a23c2341\">Glom\u00e9rule sur puce<\/p>\n\n\n\n<p class=\"has-custom-color-1-color has-text-color has-link-color wp-elements-9ab85d0f224cf69c349da14af25e6b27\">Dysfonction podocytaire et glom\u00e9ruloscl\u00e9rose segmentaire et focale (FSGS)<\/p>\n\n\n\n<p class=\"has-custom-color-1-color has-text-color has-link-color wp-elements-c84ed897e0af1a7d50e92e31bd18c617\">Maladies glom\u00e9rulaires rares<\/p>\n\n\n\n<p class=\"has-custom-color-1-color has-text-color has-link-color wp-elements-d9403a3ec6689a18c8317a1f6b8f3e28\">Inhibiteurs du complexe d\u2019attaque membranaire (MAC)<\/p>\n<\/div>\n<\/div>\n\n\n\n<h3 class=\"wp-block-heading has-custom-color-2-color has-text-color has-link-color wp-elements-e8ee0a7e756f11f79a89d2c688ff44c8\"><strong>Membres de l&rsquo;\u00e9quipe<\/strong><\/h3>\n\n\n\n<figure class=\"wp-block-gallery has-nested-images columns-7 is-cropped wp-block-gallery-10 is-layout-flex wp-block-gallery-is-layout-flex\">\n<figure class=\"wp-block-image size-large is-style-rounded is-style-rounded--1\"><img loading=\"lazy\" decoding=\"async\" width=\"993\" height=\"1024\" data-id=\"1794\" src=\"https:\/\/corakid.com\/wp-content\/uploads\/2022\/12\/IMG_3947-e1698672225892-993x1024.jpg\" alt=\"Christos Chadjichristos \u00e9lections\" class=\"wp-image-1794\" srcset=\"https:\/\/corakid.com\/wp-content\/uploads\/2022\/12\/IMG_3947-e1698672225892-993x1024.jpg 993w, https:\/\/corakid.com\/wp-content\/uploads\/2022\/12\/IMG_3947-e1698672225892-291x300.jpg 291w, https:\/\/corakid.com\/wp-content\/uploads\/2022\/12\/IMG_3947-e1698672225892-768x792.jpg 768w, https:\/\/corakid.com\/wp-content\/uploads\/2022\/12\/IMG_3947-e1698672225892-1490x1536.jpg 1490w, https:\/\/corakid.com\/wp-content\/uploads\/2022\/12\/IMG_3947-e1698672225892-12x12.jpg 12w, https:\/\/corakid.com\/wp-content\/uploads\/2022\/12\/IMG_3947-e1698672225892.jpg 1674w\" sizes=\"auto, (max-width: 993px) 100vw, 993px\" \/><figcaption class=\"wp-element-caption\"><strong>Christos CHADJICHRISTOS<br>Chef d&rsquo;\u00e9quipe &#8211; DR Inserm<\/strong><\/figcaption><\/figure>\n\n\n\n<figure class=\"wp-block-image size-large is-style-rounded is-style-rounded--2\"><img loading=\"lazy\" decoding=\"async\" width=\"683\" height=\"1024\" data-id=\"2605\" src=\"https:\/\/corakid.com\/wp-content\/uploads\/2026\/02\/1747925725682f3add6e21b7.86527081-683x1024.jpg\" alt=\"\" class=\"wp-image-2605\" srcset=\"https:\/\/corakid.com\/wp-content\/uploads\/2026\/02\/1747925725682f3add6e21b7.86527081-683x1024.jpg 683w, https:\/\/corakid.com\/wp-content\/uploads\/2026\/02\/1747925725682f3add6e21b7.86527081-200x300.jpg 200w, https:\/\/corakid.com\/wp-content\/uploads\/2026\/02\/1747925725682f3add6e21b7.86527081-768x1151.jpg 768w, https:\/\/corakid.com\/wp-content\/uploads\/2026\/02\/1747925725682f3add6e21b7.86527081-8x12.jpg 8w, https:\/\/corakid.com\/wp-content\/uploads\/2026\/02\/1747925725682f3add6e21b7.86527081.jpg 1001w\" sizes=\"auto, (max-width: 683px) 100vw, 683px\" \/><figcaption class=\"wp-element-caption\"><strong>Khalil EL-KAROUI<br>PU-PH<\/strong><\/figcaption><\/figure>\n\n\n\n<figure class=\"wp-block-image size-large is-style-rounded is-style-rounded--3\"><img loading=\"lazy\" decoding=\"async\" width=\"970\" height=\"1024\" data-id=\"2065\" src=\"https:\/\/corakid.com\/wp-content\/uploads\/2024\/03\/photo-Helene-1-970x1024.jpg\" alt=\"\" class=\"wp-image-2065\" srcset=\"https:\/\/corakid.com\/wp-content\/uploads\/2024\/03\/photo-Helene-1-970x1024.jpg 970w, https:\/\/corakid.com\/wp-content\/uploads\/2024\/03\/photo-Helene-1-284x300.jpg 284w, https:\/\/corakid.com\/wp-content\/uploads\/2024\/03\/photo-Helene-1-768x810.jpg 768w, https:\/\/corakid.com\/wp-content\/uploads\/2024\/03\/photo-Helene-1-1455x1536.jpg 1455w, https:\/\/corakid.com\/wp-content\/uploads\/2024\/03\/photo-Helene-1-11x12.jpg 11w, https:\/\/corakid.com\/wp-content\/uploads\/2024\/03\/photo-Helene-1.jpg 1880w\" sizes=\"auto, (max-width: 970px) 100vw, 970px\" \/><figcaption class=\"wp-element-caption\"><strong>H\u00e9l\u00e8ne FRANCOIS<br>PU-PH<\/strong><\/figcaption><\/figure>\n\n\n\n<figure class=\"wp-block-image size-large is-style-rounded is-style-rounded--4\"><img loading=\"lazy\" decoding=\"async\" width=\"900\" height=\"1024\" data-id=\"2417\" src=\"https:\/\/corakid.com\/wp-content\/uploads\/2025\/05\/WhatsApp-Image-2025-05-26-a-13.15.12_d2f47d4e-900x1024.jpg\" alt=\"\" class=\"wp-image-2417\" srcset=\"https:\/\/corakid.com\/wp-content\/uploads\/2025\/05\/WhatsApp-Image-2025-05-26-a-13.15.12_d2f47d4e-900x1024.jpg 900w, https:\/\/corakid.com\/wp-content\/uploads\/2025\/05\/WhatsApp-Image-2025-05-26-a-13.15.12_d2f47d4e-264x300.jpg 264w, https:\/\/corakid.com\/wp-content\/uploads\/2025\/05\/WhatsApp-Image-2025-05-26-a-13.15.12_d2f47d4e-768x874.jpg 768w, https:\/\/corakid.com\/wp-content\/uploads\/2025\/05\/WhatsApp-Image-2025-05-26-a-13.15.12_d2f47d4e-11x12.jpg 11w, https:\/\/corakid.com\/wp-content\/uploads\/2025\/05\/WhatsApp-Image-2025-05-26-a-13.15.12_d2f47d4e.jpg 1330w\" sizes=\"auto, (max-width: 900px) 100vw, 900px\" \/><figcaption class=\"wp-element-caption\"><strong>Christos CHATZIANTONIOU<br>Directeur de Corakid &#8211; DR Inserm<\/strong><\/figcaption><\/figure>\n\n\n\n<figure class=\"wp-block-image size-large is-style-rounded is-style-rounded--5\"><img loading=\"lazy\" decoding=\"async\" width=\"987\" height=\"1024\" data-id=\"2558\" src=\"https:\/\/corakid.com\/wp-content\/uploads\/2025\/08\/WhatsApp-Image-2025-07-17-a-14.36.48_1d52615a-e1756216143622-987x1024.jpg\" alt=\"\" class=\"wp-image-2558\" srcset=\"https:\/\/corakid.com\/wp-content\/uploads\/2025\/08\/WhatsApp-Image-2025-07-17-a-14.36.48_1d52615a-e1756216143622-987x1024.jpg 987w, https:\/\/corakid.com\/wp-content\/uploads\/2025\/08\/WhatsApp-Image-2025-07-17-a-14.36.48_1d52615a-e1756216143622-289x300.jpg 289w, https:\/\/corakid.com\/wp-content\/uploads\/2025\/08\/WhatsApp-Image-2025-07-17-a-14.36.48_1d52615a-e1756216143622-768x797.jpg 768w, https:\/\/corakid.com\/wp-content\/uploads\/2025\/08\/WhatsApp-Image-2025-07-17-a-14.36.48_1d52615a-e1756216143622-12x12.jpg 12w, https:\/\/corakid.com\/wp-content\/uploads\/2025\/08\/WhatsApp-Image-2025-07-17-a-14.36.48_1d52615a-e1756216143622.jpg 1200w\" sizes=\"auto, (max-width: 987px) 100vw, 987px\" \/><figcaption class=\"wp-element-caption\"><strong>R\u00e9mi PIEDAGNEL<br>CR Inserm<\/strong><\/figcaption><\/figure>\n\n\n\n<figure class=\"wp-block-image size-large is-style-rounded wp-duotone-unset-7 is-style-rounded--6\"><img loading=\"lazy\" decoding=\"async\" width=\"828\" height=\"1024\" data-id=\"2610\" src=\"https:\/\/corakid.com\/wp-content\/uploads\/2026\/02\/Sophie-GL-828x1024.webp\" alt=\"\" class=\"wp-image-2610\" srcset=\"https:\/\/corakid.com\/wp-content\/uploads\/2026\/02\/Sophie-GL-828x1024.webp 828w, https:\/\/corakid.com\/wp-content\/uploads\/2026\/02\/Sophie-GL-243x300.webp 243w, https:\/\/corakid.com\/wp-content\/uploads\/2026\/02\/Sophie-GL-768x949.webp 768w, https:\/\/corakid.com\/wp-content\/uploads\/2026\/02\/Sophie-GL-1243x1536.webp 1243w, https:\/\/corakid.com\/wp-content\/uploads\/2026\/02\/Sophie-GL-10x12.webp 10w, https:\/\/corakid.com\/wp-content\/uploads\/2026\/02\/Sophie-GL.webp 1381w\" sizes=\"auto, (max-width: 828px) 100vw, 828px\" \/><figcaption class=\"wp-element-caption\"><strong>Sophie GEORGIN-LAVIALLE<br>PU-PH<\/strong><\/figcaption><\/figure>\n\n\n\n<figure class=\"wp-block-image size-large is-style-rounded wp-duotone-unset-9 is-style-rounded--8\"><img loading=\"lazy\" decoding=\"async\" width=\"552\" height=\"576\" data-id=\"1940\" src=\"https:\/\/corakid.com\/wp-content\/uploads\/2023\/10\/jjb-e1698664628244.webp\" alt=\"\" class=\"wp-image-1940\" srcset=\"https:\/\/corakid.com\/wp-content\/uploads\/2023\/10\/jjb-e1698664628244.webp 552w, https:\/\/corakid.com\/wp-content\/uploads\/2023\/10\/jjb-e1698664628244-288x300.webp 288w, https:\/\/corakid.com\/wp-content\/uploads\/2023\/10\/jjb-e1698664628244-12x12.webp 12w\" sizes=\"auto, (max-width: 552px) 100vw, 552px\" \/><figcaption class=\"wp-element-caption\"><strong>Jean-Jacques BOFFA<br>PU-PH<\/strong><\/figcaption><\/figure>\n<\/figure>\n\n\n\n<p><\/p>","protected":false},"excerpt":{"rendered":"<p>L\u2019\u00c9quipe 2 se concentre sur la maladie r\u00e9nale chronique (MRC), en poursuivant ses efforts pour identifier de nouveaux m\u00e9diateurs de la maladie pouvant servir de cibles th\u00e9rapeutiques. Le projet repose sur deux axes principaux : approfondir la compr\u00e9hension des m\u00e9canismes pathophysiologiques de la MRC, et d\u00e9velopper de nouvelles approches th\u00e9rapeutiques et outils de suivi des [&hellip;]<\/p>\n","protected":false},"author":1,"featured_media":0,"parent":0,"menu_order":0,"comment_status":"closed","ping_status":"closed","template":"modele-corakid","meta":{"_cbd_carousel_blocks":"[]","footnotes":""},"class_list":["post-2262","page","type-page","status-publish","hentry"],"yoast_head":"<!-- This site is optimized with the Yoast SEO plugin v27.5 - https:\/\/yoast.com\/product\/yoast-seo-wordpress\/ -->\n<title>\u00c9quipe 2 - Traiter les maladies R\u00e9nales : Physiopathologie et Cibles th\u00e9rapeutiques - CoRaKiD<\/title>\n<meta name=\"robots\" content=\"index, follow, max-snippet:-1, max-image-preview:large, max-video-preview:-1\" \/>\n<link rel=\"canonical\" href=\"https:\/\/corakid.com\/en\/equipe-2-traiter-les-maladies-renales-physiopathologie-et-cibles-therapeutiques\/\" \/>\n<meta property=\"og:locale\" content=\"en_GB\" \/>\n<meta property=\"og:type\" content=\"article\" \/>\n<meta property=\"og:title\" content=\"\u00c9quipe 2 - Traiter les maladies R\u00e9nales : Physiopathologie et Cibles th\u00e9rapeutiques - CoRaKiD\" \/>\n<meta property=\"og:description\" content=\"L\u2019\u00c9quipe 2 se concentre sur la maladie r\u00e9nale chronique (MRC), en poursuivant ses efforts pour identifier de nouveaux m\u00e9diateurs de la maladie pouvant servir de cibles th\u00e9rapeutiques. Le projet repose sur deux axes principaux : approfondir la compr\u00e9hension des m\u00e9canismes pathophysiologiques de la MRC, et d\u00e9velopper de nouvelles approches th\u00e9rapeutiques et outils de suivi des [&hellip;]\" \/>\n<meta property=\"og:url\" content=\"https:\/\/corakid.com\/en\/equipe-2-traiter-les-maladies-renales-physiopathologie-et-cibles-therapeutiques\/\" \/>\n<meta property=\"og:site_name\" content=\"CoRaKiD\" \/>\n<meta property=\"article:modified_time\" content=\"2026-02-24T14:42:52+00:00\" \/>\n<meta property=\"og:image\" content=\"https:\/\/corakid.com\/wp-content\/uploads\/2022\/12\/IMG_3947-e1698672225892.jpg\" \/>\n\t<meta property=\"og:image:width\" content=\"1674\" \/>\n\t<meta property=\"og:image:height\" content=\"1726\" \/>\n\t<meta property=\"og:image:type\" content=\"image\/jpeg\" \/>\n<meta name=\"twitter:card\" content=\"summary_large_image\" \/>\n<meta name=\"twitter:label1\" content=\"Estimated reading time\" \/>\n\t<meta name=\"twitter:data1\" content=\"3 minutes\" \/>\n<script type=\"application\/ld+json\" class=\"yoast-schema-graph\">{\"@context\":\"https:\\\/\\\/schema.org\",\"@graph\":[{\"@type\":\"WebPage\",\"@id\":\"https:\\\/\\\/corakid.com\\\/equipe-2-traiter-les-maladies-renales-physiopathologie-et-cibles-therapeutiques\\\/\",\"url\":\"https:\\\/\\\/corakid.com\\\/equipe-2-traiter-les-maladies-renales-physiopathologie-et-cibles-therapeutiques\\\/\",\"name\":\"\u00c9quipe 2 - Traiter les maladies R\u00e9nales : Physiopathologie et Cibles th\u00e9rapeutiques - CoRaKiD\",\"isPartOf\":{\"@id\":\"https:\\\/\\\/corakid.com\\\/en\\\/#website\"},\"primaryImageOfPage\":{\"@id\":\"https:\\\/\\\/corakid.com\\\/equipe-2-traiter-les-maladies-renales-physiopathologie-et-cibles-therapeutiques\\\/#primaryimage\"},\"image\":{\"@id\":\"https:\\\/\\\/corakid.com\\\/equipe-2-traiter-les-maladies-renales-physiopathologie-et-cibles-therapeutiques\\\/#primaryimage\"},\"thumbnailUrl\":\"https:\\\/\\\/corakid.com\\\/wp-content\\\/uploads\\\/2022\\\/12\\\/IMG_3947-e1698672225892-993x1024.jpg\",\"datePublished\":\"2025-05-22T14:07:36+00:00\",\"dateModified\":\"2026-02-24T14:42:52+00:00\",\"breadcrumb\":{\"@id\":\"https:\\\/\\\/corakid.com\\\/equipe-2-traiter-les-maladies-renales-physiopathologie-et-cibles-therapeutiques\\\/#breadcrumb\"},\"inLanguage\":\"en-GB\",\"potentialAction\":[{\"@type\":\"ReadAction\",\"target\":[\"https:\\\/\\\/corakid.com\\\/equipe-2-traiter-les-maladies-renales-physiopathologie-et-cibles-therapeutiques\\\/\"]}]},{\"@type\":\"ImageObject\",\"inLanguage\":\"en-GB\",\"@id\":\"https:\\\/\\\/corakid.com\\\/equipe-2-traiter-les-maladies-renales-physiopathologie-et-cibles-therapeutiques\\\/#primaryimage\",\"url\":\"https:\\\/\\\/corakid.com\\\/wp-content\\\/uploads\\\/2022\\\/12\\\/IMG_3947-e1698672225892-993x1024.jpg\",\"contentUrl\":\"https:\\\/\\\/corakid.com\\\/wp-content\\\/uploads\\\/2022\\\/12\\\/IMG_3947-e1698672225892-993x1024.jpg\"},{\"@type\":\"BreadcrumbList\",\"@id\":\"https:\\\/\\\/corakid.com\\\/equipe-2-traiter-les-maladies-renales-physiopathologie-et-cibles-therapeutiques\\\/#breadcrumb\",\"itemListElement\":[{\"@type\":\"ListItem\",\"position\":1,\"name\":\"Accueil\",\"item\":\"https:\\\/\\\/corakid.com\\\/\"},{\"@type\":\"ListItem\",\"position\":2,\"name\":\"\u00c9quipe 2 &#8211; Traiter les maladies R\u00e9nales : Physiopathologie et Cibles th\u00e9rapeutiques\"}]},{\"@type\":\"WebSite\",\"@id\":\"https:\\\/\\\/corakid.com\\\/en\\\/#website\",\"url\":\"https:\\\/\\\/corakid.com\\\/en\\\/\",\"name\":\"CoRaKiD\",\"description\":\"UMRS 1155 Common and Rare Kidney Diseases\",\"publisher\":{\"@id\":\"https:\\\/\\\/corakid.com\\\/en\\\/#organization\"},\"potentialAction\":[{\"@type\":\"SearchAction\",\"target\":{\"@type\":\"EntryPoint\",\"urlTemplate\":\"https:\\\/\\\/corakid.com\\\/en\\\/?s={search_term_string}\"},\"query-input\":{\"@type\":\"PropertyValueSpecification\",\"valueRequired\":true,\"valueName\":\"search_term_string\"}}],\"inLanguage\":\"en-GB\"},{\"@type\":\"Organization\",\"@id\":\"https:\\\/\\\/corakid.com\\\/en\\\/#organization\",\"name\":\"CoRaKiD\",\"url\":\"https:\\\/\\\/corakid.com\\\/en\\\/\",\"logo\":{\"@type\":\"ImageObject\",\"inLanguage\":\"en-GB\",\"@id\":\"https:\\\/\\\/corakid.com\\\/en\\\/#\\\/schema\\\/logo\\\/image\\\/\",\"url\":\"https:\\\/\\\/corakid.com\\\/wp-content\\\/uploads\\\/2019\\\/10\\\/logo5.png\",\"contentUrl\":\"https:\\\/\\\/corakid.com\\\/wp-content\\\/uploads\\\/2019\\\/10\\\/logo5.png\",\"width\":652,\"height\":247,\"caption\":\"CoRaKiD\"},\"image\":{\"@id\":\"https:\\\/\\\/corakid.com\\\/en\\\/#\\\/schema\\\/logo\\\/image\\\/\"}}]}<\/script>\n<!-- \/ Yoast SEO plugin. -->","yoast_head_json":{"title":"\u00c9quipe 2 - Traiter les maladies R\u00e9nales : Physiopathologie et Cibles th\u00e9rapeutiques - CoRaKiD","robots":{"index":"index","follow":"follow","max-snippet":"max-snippet:-1","max-image-preview":"max-image-preview:large","max-video-preview":"max-video-preview:-1"},"canonical":"https:\/\/corakid.com\/en\/equipe-2-traiter-les-maladies-renales-physiopathologie-et-cibles-therapeutiques\/","og_locale":"en_GB","og_type":"article","og_title":"\u00c9quipe 2 - Traiter les maladies R\u00e9nales : Physiopathologie et Cibles th\u00e9rapeutiques - CoRaKiD","og_description":"L\u2019\u00c9quipe 2 se concentre sur la maladie r\u00e9nale chronique (MRC), en poursuivant ses efforts pour identifier de nouveaux m\u00e9diateurs de la maladie pouvant servir de cibles th\u00e9rapeutiques. Le projet repose sur deux axes principaux : approfondir la compr\u00e9hension des m\u00e9canismes pathophysiologiques de la MRC, et d\u00e9velopper de nouvelles approches th\u00e9rapeutiques et outils de suivi des [&hellip;]","og_url":"https:\/\/corakid.com\/en\/equipe-2-traiter-les-maladies-renales-physiopathologie-et-cibles-therapeutiques\/","og_site_name":"CoRaKiD","article_modified_time":"2026-02-24T14:42:52+00:00","og_image":[{"width":1674,"height":1726,"url":"https:\/\/corakid.com\/wp-content\/uploads\/2022\/12\/IMG_3947-e1698672225892.jpg","type":"image\/jpeg"}],"twitter_card":"summary_large_image","twitter_misc":{"Estimated reading time":"3 minutes"},"schema":{"@context":"https:\/\/schema.org","@graph":[{"@type":"WebPage","@id":"https:\/\/corakid.com\/equipe-2-traiter-les-maladies-renales-physiopathologie-et-cibles-therapeutiques\/","url":"https:\/\/corakid.com\/equipe-2-traiter-les-maladies-renales-physiopathologie-et-cibles-therapeutiques\/","name":"\u00c9quipe 2 - Traiter les maladies R\u00e9nales : Physiopathologie et Cibles th\u00e9rapeutiques - CoRaKiD","isPartOf":{"@id":"https:\/\/corakid.com\/en\/#website"},"primaryImageOfPage":{"@id":"https:\/\/corakid.com\/equipe-2-traiter-les-maladies-renales-physiopathologie-et-cibles-therapeutiques\/#primaryimage"},"image":{"@id":"https:\/\/corakid.com\/equipe-2-traiter-les-maladies-renales-physiopathologie-et-cibles-therapeutiques\/#primaryimage"},"thumbnailUrl":"https:\/\/corakid.com\/wp-content\/uploads\/2022\/12\/IMG_3947-e1698672225892-993x1024.jpg","datePublished":"2025-05-22T14:07:36+00:00","dateModified":"2026-02-24T14:42:52+00:00","breadcrumb":{"@id":"https:\/\/corakid.com\/equipe-2-traiter-les-maladies-renales-physiopathologie-et-cibles-therapeutiques\/#breadcrumb"},"inLanguage":"en-GB","potentialAction":[{"@type":"ReadAction","target":["https:\/\/corakid.com\/equipe-2-traiter-les-maladies-renales-physiopathologie-et-cibles-therapeutiques\/"]}]},{"@type":"ImageObject","inLanguage":"en-GB","@id":"https:\/\/corakid.com\/equipe-2-traiter-les-maladies-renales-physiopathologie-et-cibles-therapeutiques\/#primaryimage","url":"https:\/\/corakid.com\/wp-content\/uploads\/2022\/12\/IMG_3947-e1698672225892-993x1024.jpg","contentUrl":"https:\/\/corakid.com\/wp-content\/uploads\/2022\/12\/IMG_3947-e1698672225892-993x1024.jpg"},{"@type":"BreadcrumbList","@id":"https:\/\/corakid.com\/equipe-2-traiter-les-maladies-renales-physiopathologie-et-cibles-therapeutiques\/#breadcrumb","itemListElement":[{"@type":"ListItem","position":1,"name":"Accueil","item":"https:\/\/corakid.com\/"},{"@type":"ListItem","position":2,"name":"\u00c9quipe 2 &#8211; Traiter les maladies R\u00e9nales : Physiopathologie et Cibles th\u00e9rapeutiques"}]},{"@type":"WebSite","@id":"https:\/\/corakid.com\/en\/#website","url":"https:\/\/corakid.com\/en\/","name":"CoRaKiD","description":"UMRS 1155 Common and Rare Kidney Diseases","publisher":{"@id":"https:\/\/corakid.com\/en\/#organization"},"potentialAction":[{"@type":"SearchAction","target":{"@type":"EntryPoint","urlTemplate":"https:\/\/corakid.com\/en\/?s={search_term_string}"},"query-input":{"@type":"PropertyValueSpecification","valueRequired":true,"valueName":"search_term_string"}}],"inLanguage":"en-GB"},{"@type":"Organization","@id":"https:\/\/corakid.com\/en\/#organization","name":"CoRaKiD","url":"https:\/\/corakid.com\/en\/","logo":{"@type":"ImageObject","inLanguage":"en-GB","@id":"https:\/\/corakid.com\/en\/#\/schema\/logo\/image\/","url":"https:\/\/corakid.com\/wp-content\/uploads\/2019\/10\/logo5.png","contentUrl":"https:\/\/corakid.com\/wp-content\/uploads\/2019\/10\/logo5.png","width":652,"height":247,"caption":"CoRaKiD"},"image":{"@id":"https:\/\/corakid.com\/en\/#\/schema\/logo\/image\/"}}]}},"_links":{"self":[{"href":"https:\/\/corakid.com\/en\/wp-json\/wp\/v2\/pages\/2262","targetHints":{"allow":["GET"]}}],"collection":[{"href":"https:\/\/corakid.com\/en\/wp-json\/wp\/v2\/pages"}],"about":[{"href":"https:\/\/corakid.com\/en\/wp-json\/wp\/v2\/types\/page"}],"author":[{"embeddable":true,"href":"https:\/\/corakid.com\/en\/wp-json\/wp\/v2\/users\/1"}],"replies":[{"embeddable":true,"href":"https:\/\/corakid.com\/en\/wp-json\/wp\/v2\/comments?post=2262"}],"version-history":[{"count":35,"href":"https:\/\/corakid.com\/en\/wp-json\/wp\/v2\/pages\/2262\/revisions"}],"predecessor-version":[{"id":2612,"href":"https:\/\/corakid.com\/en\/wp-json\/wp\/v2\/pages\/2262\/revisions\/2612"}],"wp:attachment":[{"href":"https:\/\/corakid.com\/en\/wp-json\/wp\/v2\/media?parent=2262"}],"curies":[{"name":"wp","href":"https:\/\/api.w.org\/{rel}","templated":true}]}}