{"id":233,"date":"2019-10-21T14:38:32","date_gmt":"2019-10-21T14:38:32","guid":{"rendered":"http:\/\/corakid.com\/?page_id=233"},"modified":"2026-05-05T15:12:15","modified_gmt":"2026-05-05T15:12:15","slug":"genomique-et-biologie-cellulaire","status":"publish","type":"page","link":"https:\/\/corakid.com\/en\/core-facilities\/genomique-et-biologie-cellulaire\/","title":{"rendered":"Genomic and cell biology"},"content":{"rendered":"<h4 class=\"wp-block-heading has-custom-color-1-color has-text-color has-link-color wp-elements-4aba783060e2fba5d82cf53d73844009\"><strong>Pr\u00e9sentation<\/strong><\/h4>\n\n\n\n<p>La plateforme G\u00e9nomique et Biologie cellulaire met \u00e0 disposition de la communaut\u00e9 scientifique un ensemble de technologies et comp\u00e9tences dans diff\u00e9rents domaines allant de l&rsquo;ADN \u00e0 la cellule. Elle propose plusieurs activit\u00e9s de prestations comme du tri cellulaire, CRISPR\/Cas9.<\/p>\n\n\n\n<h4 class=\"wp-block-heading has-custom-color-1-color has-text-color has-link-color wp-elements-4606307a30292aba3b3cb525568009ae\"><strong>Expertise<\/strong><\/h4>\n\n\n\n<ul class=\"wp-block-list\">\n<li><a href=\"https:\/\/corakid.com\/en\/core-facilities\/genomique-et-biologie-cellulaire\/crisprcas9\/\">g\u00e9n\u00e9ration de clones cellulaire via CRISPR\/Cas9<\/a><\/li>\n\n\n\n<li><a href=\"https:\/\/corakid.com\/en\/core-facilities\/genomique-et-biologie-cellulaire\/isolation-de-cellules-renales-par-cytometrie-de-flux\/\">isolation de diff\u00e9rents types cellulaire r\u00e9naux<\/a><\/li>\n<\/ul>\n\n\n\n<h4 class=\"wp-block-heading has-custom-color-1-color has-text-color has-link-color wp-elements-d610dba88a9b258acaa4d1305c14126e\"><strong>\u00c9quipements<\/strong><\/h4>\n\n\n\n<p>Hana Cell Trieur\/Single Cell Dispenseur Bio-Techne : technologie microfluidique exclusive pour trier et distribuer des cellules individuelles directement dans des plaques de 96 ou 384 puits.<\/p>\n\n\n\n<h4 class=\"wp-block-heading has-custom-color-1-color has-text-color has-link-color wp-elements-30ae9d733eac9db32fcbdd200e6b5f7c\"><strong>\u00c9quipe<\/strong><\/h4>\n\n\n\n<div class=\"wp-block-columns is-layout-flex wp-container-core-columns-is-layout-28f84493 wp-block-columns-is-layout-flex\">\n<div class=\"wp-block-column is-layout-flow wp-block-column-is-layout-flow\">\n<p class=\"has-text-align-center has-very-light-gray-background-color has-background\"><strong>Brigitte Surin (2025 :&nbsp;temporairement en formation au MNHN)<\/strong><br>CRISPR\/Cas9 s\u00e9quan\u00e7age NGS<\/p>\n<\/div>\n\n\n\n<div class=\"wp-block-column is-layout-flow wp-block-column-is-layout-flow\"><\/div>\n<\/div>\n\n\n\n<p><\/p>","protected":false},"excerpt":{"rendered":"<p>Pr\u00e9sentation La plateforme G\u00e9nomique et Biologie cellulaire met \u00e0 disposition de la communaut\u00e9 scientifique un ensemble de technologies et comp\u00e9tences dans diff\u00e9rents domaines allant de l&rsquo;ADN \u00e0 la cellule. Elle propose plusieurs activit\u00e9s de prestations comme du tri cellulaire, CRISPR\/Cas9. Expertise \u00c9quipements Hana Cell Trieur\/Single Cell Dispenseur Bio-Techne : technologie microfluidique exclusive pour trier et [&hellip;]<\/p>\n","protected":false},"author":1,"featured_media":0,"parent":67,"menu_order":0,"comment_status":"closed","ping_status":"closed","template":"modele-corakid","meta":{"_cbd_carousel_blocks":"[]","footnotes":""},"class_list":["post-233","page","type-page","status-publish","hentry"],"yoast_head":"<!-- This site is optimized with the Yoast SEO plugin v27.6 - https:\/\/yoast.com\/product\/yoast-seo-wordpress\/ -->\n<title>G\u00e9nomique et Biologie cellulaire - CoRaKiD<\/title>\n<meta name=\"robots\" content=\"index, follow, max-snippet:-1, max-image-preview:large, max-video-preview:-1\" \/>\n<link rel=\"canonical\" href=\"https:\/\/corakid.com\/en\/core-facilities\/genomique-et-biologie-cellulaire\/\" \/>\n<meta property=\"og:locale\" content=\"en_GB\" \/>\n<meta property=\"og:type\" content=\"article\" \/>\n<meta property=\"og:title\" content=\"G\u00e9nomique et Biologie cellulaire - CoRaKiD\" \/>\n<meta property=\"og:description\" content=\"Pr\u00e9sentation La plateforme G\u00e9nomique et Biologie cellulaire met \u00e0 disposition de la communaut\u00e9 scientifique un ensemble de technologies et comp\u00e9tences dans diff\u00e9rents domaines allant de l&rsquo;ADN \u00e0 la cellule. Elle propose plusieurs activit\u00e9s de prestations comme du tri cellulaire, CRISPR\/Cas9. Expertise \u00c9quipements Hana Cell Trieur\/Single Cell Dispenseur Bio-Techne : technologie microfluidique exclusive pour trier et [&hellip;]\" \/>\n<meta property=\"og:url\" content=\"https:\/\/corakid.com\/en\/core-facilities\/genomique-et-biologie-cellulaire\/\" \/>\n<meta property=\"og:site_name\" content=\"CoRaKiD\" \/>\n<meta property=\"article:modified_time\" content=\"2026-05-05T15:12:15+00:00\" \/>\n<meta name=\"twitter:card\" content=\"summary_large_image\" \/>\n<meta name=\"twitter:label1\" content=\"Estimated reading time\" \/>\n\t<meta name=\"twitter:data1\" content=\"1 minute\" \/>\n<script type=\"application\/ld+json\" class=\"yoast-schema-graph\">{\"@context\":\"https:\\\/\\\/schema.org\",\"@graph\":[{\"@type\":\"WebPage\",\"@id\":\"https:\\\/\\\/corakid.com\\\/core-facilities\\\/genomique-et-biologie-cellulaire\\\/\",\"url\":\"https:\\\/\\\/corakid.com\\\/core-facilities\\\/genomique-et-biologie-cellulaire\\\/\",\"name\":\"G\u00e9nomique et Biologie cellulaire - CoRaKiD\",\"isPartOf\":{\"@id\":\"https:\\\/\\\/corakid.com\\\/en\\\/#website\"},\"datePublished\":\"2019-10-21T14:38:32+00:00\",\"dateModified\":\"2026-05-05T15:12:15+00:00\",\"breadcrumb\":{\"@id\":\"https:\\\/\\\/corakid.com\\\/core-facilities\\\/genomique-et-biologie-cellulaire\\\/#breadcrumb\"},\"inLanguage\":\"en-GB\",\"potentialAction\":[{\"@type\":\"ReadAction\",\"target\":[\"https:\\\/\\\/corakid.com\\\/core-facilities\\\/genomique-et-biologie-cellulaire\\\/\"]}]},{\"@type\":\"BreadcrumbList\",\"@id\":\"https:\\\/\\\/corakid.com\\\/core-facilities\\\/genomique-et-biologie-cellulaire\\\/#breadcrumb\",\"itemListElement\":[{\"@type\":\"ListItem\",\"position\":1,\"name\":\"Accueil\",\"item\":\"https:\\\/\\\/corakid.com\\\/\"},{\"@type\":\"ListItem\",\"position\":2,\"name\":\"Plateformes\",\"item\":\"https:\\\/\\\/corakid.com\\\/core-facilities\\\/\"},{\"@type\":\"ListItem\",\"position\":3,\"name\":\"G\u00e9nomique et Biologie cellulaire\"}]},{\"@type\":\"WebSite\",\"@id\":\"https:\\\/\\\/corakid.com\\\/en\\\/#website\",\"url\":\"https:\\\/\\\/corakid.com\\\/en\\\/\",\"name\":\"CoRaKiD\",\"description\":\"UMRS 1155 Common and Rare Kidney Diseases\",\"publisher\":{\"@id\":\"https:\\\/\\\/corakid.com\\\/en\\\/#organization\"},\"potentialAction\":[{\"@type\":\"SearchAction\",\"target\":{\"@type\":\"EntryPoint\",\"urlTemplate\":\"https:\\\/\\\/corakid.com\\\/en\\\/?s={search_term_string}\"},\"query-input\":{\"@type\":\"PropertyValueSpecification\",\"valueRequired\":true,\"valueName\":\"search_term_string\"}}],\"inLanguage\":\"en-GB\"},{\"@type\":\"Organization\",\"@id\":\"https:\\\/\\\/corakid.com\\\/en\\\/#organization\",\"name\":\"CoRaKiD\",\"url\":\"https:\\\/\\\/corakid.com\\\/en\\\/\",\"logo\":{\"@type\":\"ImageObject\",\"inLanguage\":\"en-GB\",\"@id\":\"https:\\\/\\\/corakid.com\\\/en\\\/#\\\/schema\\\/logo\\\/image\\\/\",\"url\":\"https:\\\/\\\/corakid.com\\\/wp-content\\\/uploads\\\/2019\\\/10\\\/logo5.png\",\"contentUrl\":\"https:\\\/\\\/corakid.com\\\/wp-content\\\/uploads\\\/2019\\\/10\\\/logo5.png\",\"width\":652,\"height\":247,\"caption\":\"CoRaKiD\"},\"image\":{\"@id\":\"https:\\\/\\\/corakid.com\\\/en\\\/#\\\/schema\\\/logo\\\/image\\\/\"}}]}<\/script>\n<!-- \/ Yoast SEO plugin. -->","yoast_head_json":{"title":"G\u00e9nomique et Biologie cellulaire - CoRaKiD","robots":{"index":"index","follow":"follow","max-snippet":"max-snippet:-1","max-image-preview":"max-image-preview:large","max-video-preview":"max-video-preview:-1"},"canonical":"https:\/\/corakid.com\/en\/core-facilities\/genomique-et-biologie-cellulaire\/","og_locale":"en_GB","og_type":"article","og_title":"G\u00e9nomique et Biologie cellulaire - CoRaKiD","og_description":"Pr\u00e9sentation La plateforme G\u00e9nomique et Biologie cellulaire met \u00e0 disposition de la communaut\u00e9 scientifique un ensemble de technologies et comp\u00e9tences dans diff\u00e9rents domaines allant de l&rsquo;ADN \u00e0 la cellule. Elle propose plusieurs activit\u00e9s de prestations comme du tri cellulaire, CRISPR\/Cas9. Expertise \u00c9quipements Hana Cell Trieur\/Single Cell Dispenseur Bio-Techne : technologie microfluidique exclusive pour trier et [&hellip;]","og_url":"https:\/\/corakid.com\/en\/core-facilities\/genomique-et-biologie-cellulaire\/","og_site_name":"CoRaKiD","article_modified_time":"2026-05-05T15:12:15+00:00","twitter_card":"summary_large_image","twitter_misc":{"Estimated reading time":"1 minute"},"schema":{"@context":"https:\/\/schema.org","@graph":[{"@type":"WebPage","@id":"https:\/\/corakid.com\/core-facilities\/genomique-et-biologie-cellulaire\/","url":"https:\/\/corakid.com\/core-facilities\/genomique-et-biologie-cellulaire\/","name":"G\u00e9nomique et Biologie cellulaire - CoRaKiD","isPartOf":{"@id":"https:\/\/corakid.com\/en\/#website"},"datePublished":"2019-10-21T14:38:32+00:00","dateModified":"2026-05-05T15:12:15+00:00","breadcrumb":{"@id":"https:\/\/corakid.com\/core-facilities\/genomique-et-biologie-cellulaire\/#breadcrumb"},"inLanguage":"en-GB","potentialAction":[{"@type":"ReadAction","target":["https:\/\/corakid.com\/core-facilities\/genomique-et-biologie-cellulaire\/"]}]},{"@type":"BreadcrumbList","@id":"https:\/\/corakid.com\/core-facilities\/genomique-et-biologie-cellulaire\/#breadcrumb","itemListElement":[{"@type":"ListItem","position":1,"name":"Accueil","item":"https:\/\/corakid.com\/"},{"@type":"ListItem","position":2,"name":"Plateformes","item":"https:\/\/corakid.com\/core-facilities\/"},{"@type":"ListItem","position":3,"name":"G\u00e9nomique et Biologie cellulaire"}]},{"@type":"WebSite","@id":"https:\/\/corakid.com\/en\/#website","url":"https:\/\/corakid.com\/en\/","name":"CoRaKiD","description":"UMRS 1155 Common and Rare Kidney Diseases","publisher":{"@id":"https:\/\/corakid.com\/en\/#organization"},"potentialAction":[{"@type":"SearchAction","target":{"@type":"EntryPoint","urlTemplate":"https:\/\/corakid.com\/en\/?s={search_term_string}"},"query-input":{"@type":"PropertyValueSpecification","valueRequired":true,"valueName":"search_term_string"}}],"inLanguage":"en-GB"},{"@type":"Organization","@id":"https:\/\/corakid.com\/en\/#organization","name":"CoRaKiD","url":"https:\/\/corakid.com\/en\/","logo":{"@type":"ImageObject","inLanguage":"en-GB","@id":"https:\/\/corakid.com\/en\/#\/schema\/logo\/image\/","url":"https:\/\/corakid.com\/wp-content\/uploads\/2019\/10\/logo5.png","contentUrl":"https:\/\/corakid.com\/wp-content\/uploads\/2019\/10\/logo5.png","width":652,"height":247,"caption":"CoRaKiD"},"image":{"@id":"https:\/\/corakid.com\/en\/#\/schema\/logo\/image\/"}}]}},"_links":{"self":[{"href":"https:\/\/corakid.com\/en\/wp-json\/wp\/v2\/pages\/233","targetHints":{"allow":["GET"]}}],"collection":[{"href":"https:\/\/corakid.com\/en\/wp-json\/wp\/v2\/pages"}],"about":[{"href":"https:\/\/corakid.com\/en\/wp-json\/wp\/v2\/types\/page"}],"author":[{"embeddable":true,"href":"https:\/\/corakid.com\/en\/wp-json\/wp\/v2\/users\/1"}],"replies":[{"embeddable":true,"href":"https:\/\/corakid.com\/en\/wp-json\/wp\/v2\/comments?post=233"}],"version-history":[{"count":30,"href":"https:\/\/corakid.com\/en\/wp-json\/wp\/v2\/pages\/233\/revisions"}],"predecessor-version":[{"id":2657,"href":"https:\/\/corakid.com\/en\/wp-json\/wp\/v2\/pages\/233\/revisions\/2657"}],"up":[{"embeddable":true,"href":"https:\/\/corakid.com\/en\/wp-json\/wp\/v2\/pages\/67"}],"wp:attachment":[{"href":"https:\/\/corakid.com\/en\/wp-json\/wp\/v2\/media?parent=233"}],"curies":[{"name":"wp","href":"https:\/\/api.w.org\/{rel}","templated":true}]}}