{"id":25,"date":"2019-09-09T10:04:56","date_gmt":"2019-09-09T10:04:56","guid":{"rendered":"http:\/\/corakid.com\/?page_id=25"},"modified":"2025-11-17T08:28:56","modified_gmt":"2025-11-17T08:28:56","slug":"research","status":"publish","type":"page","link":"https:\/\/corakid.com\/en\/research\/","title":{"rendered":"Research"},"content":{"rendered":"<p>L\u2019\u00e9quipe 1 se consacre \u00e0 la compr\u00e9hension des facteurs g\u00e9n\u00e9tiques, des l\u00e9sions r\u00e9nales aigu\u00ebs (AKI) et de la lithiase r\u00e9nale, pour mieux pr\u00e9venir et stopper la progression des atteintes r\u00e9nales.<\/p>\n\n\n\n<p>L\u2019\u00e9quipe 2, quant \u00e0 elle, concentre ses efforts sur les approches th\u00e9rapeutiques innovantes, telles que l\u2019inhibition de la fibrose et le d\u00e9veloppement de th\u00e9rapies cibl\u00e9es, dans le but de restaurer la sant\u00e9 des reins.<\/p>\n\n\n\n<figure class=\"wp-block-image size-large\"><img loading=\"lazy\" decoding=\"async\" width=\"1024\" height=\"568\" src=\"https:\/\/corakid.com\/wp-content\/uploads\/2025\/02\/2-equipes-1024x568.png\" alt=\"\" class=\"wp-image-2241\" srcset=\"https:\/\/corakid.com\/wp-content\/uploads\/2025\/02\/2-equipes-1024x568.png 1024w, https:\/\/corakid.com\/wp-content\/uploads\/2025\/02\/2-equipes-300x166.png 300w, https:\/\/corakid.com\/wp-content\/uploads\/2025\/02\/2-equipes-768x426.png 768w, https:\/\/corakid.com\/wp-content\/uploads\/2025\/02\/2-equipes-18x10.png 18w, https:\/\/corakid.com\/wp-content\/uploads\/2025\/02\/2-equipes.png 1121w\" sizes=\"auto, (max-width: 1024px) 100vw, 1024px\" \/><\/figure>","protected":false},"excerpt":{"rendered":"<p>L\u2019\u00e9quipe 1 se consacre \u00e0 la compr\u00e9hension des facteurs g\u00e9n\u00e9tiques, des l\u00e9sions r\u00e9nales aigu\u00ebs (AKI) et de la lithiase r\u00e9nale, pour mieux pr\u00e9venir et stopper la progression des atteintes r\u00e9nales. L\u2019\u00e9quipe 2, quant \u00e0 elle, concentre ses efforts sur les approches th\u00e9rapeutiques innovantes, telles que l\u2019inhibition de la fibrose et le d\u00e9veloppement de th\u00e9rapies cibl\u00e9es, [&hellip;]<\/p>\n","protected":false},"author":1,"featured_media":0,"parent":0,"menu_order":0,"comment_status":"closed","ping_status":"closed","template":"","meta":{"_cbd_carousel_blocks":"[]","footnotes":""},"class_list":["post-25","page","type-page","status-publish","hentry"],"yoast_head":"<!-- This site is optimized with the Yoast SEO plugin v27.4 - https:\/\/yoast.com\/product\/yoast-seo-wordpress\/ -->\n<title>Recherche - CoRaKiD<\/title>\n<meta name=\"robots\" content=\"index, follow, max-snippet:-1, max-image-preview:large, max-video-preview:-1\" \/>\n<link rel=\"canonical\" href=\"https:\/\/corakid.com\/en\/research\/\" \/>\n<meta property=\"og:locale\" content=\"en_GB\" \/>\n<meta property=\"og:type\" content=\"article\" \/>\n<meta property=\"og:title\" content=\"Recherche - CoRaKiD\" \/>\n<meta property=\"og:description\" content=\"L\u2019\u00e9quipe 1 se consacre \u00e0 la compr\u00e9hension des facteurs g\u00e9n\u00e9tiques, des l\u00e9sions r\u00e9nales aigu\u00ebs (AKI) et de la lithiase r\u00e9nale, pour mieux pr\u00e9venir et stopper la progression des atteintes r\u00e9nales. L\u2019\u00e9quipe 2, quant \u00e0 elle, concentre ses efforts sur les approches th\u00e9rapeutiques innovantes, telles que l\u2019inhibition de la fibrose et le d\u00e9veloppement de th\u00e9rapies cibl\u00e9es, [&hellip;]\" \/>\n<meta property=\"og:url\" content=\"https:\/\/corakid.com\/en\/research\/\" \/>\n<meta property=\"og:site_name\" content=\"CoRaKiD\" \/>\n<meta property=\"article:modified_time\" content=\"2025-11-17T08:28:56+00:00\" \/>\n<meta property=\"og:image\" content=\"https:\/\/corakid.com\/wp-content\/uploads\/2025\/02\/2-equipes.png\" \/>\n\t<meta property=\"og:image:width\" content=\"1121\" \/>\n\t<meta property=\"og:image:height\" content=\"622\" \/>\n\t<meta property=\"og:image:type\" content=\"image\/png\" \/>\n<meta name=\"twitter:card\" content=\"summary_large_image\" \/>\n<meta name=\"twitter:label1\" content=\"Estimated reading time\" \/>\n\t<meta name=\"twitter:data1\" content=\"1 minute\" \/>\n<script type=\"application\/ld+json\" class=\"yoast-schema-graph\">{\"@context\":\"https:\\\/\\\/schema.org\",\"@graph\":[{\"@type\":\"WebPage\",\"@id\":\"https:\\\/\\\/corakid.com\\\/research\\\/\",\"url\":\"https:\\\/\\\/corakid.com\\\/research\\\/\",\"name\":\"Recherche - CoRaKiD\",\"isPartOf\":{\"@id\":\"https:\\\/\\\/corakid.com\\\/en\\\/#website\"},\"primaryImageOfPage\":{\"@id\":\"https:\\\/\\\/corakid.com\\\/research\\\/#primaryimage\"},\"image\":{\"@id\":\"https:\\\/\\\/corakid.com\\\/research\\\/#primaryimage\"},\"thumbnailUrl\":\"https:\\\/\\\/corakid.com\\\/wp-content\\\/uploads\\\/2025\\\/02\\\/2-equipes-1024x568.png\",\"datePublished\":\"2019-09-09T10:04:56+00:00\",\"dateModified\":\"2025-11-17T08:28:56+00:00\",\"breadcrumb\":{\"@id\":\"https:\\\/\\\/corakid.com\\\/research\\\/#breadcrumb\"},\"inLanguage\":\"en-GB\",\"potentialAction\":[{\"@type\":\"ReadAction\",\"target\":[\"https:\\\/\\\/corakid.com\\\/research\\\/\"]}]},{\"@type\":\"ImageObject\",\"inLanguage\":\"en-GB\",\"@id\":\"https:\\\/\\\/corakid.com\\\/research\\\/#primaryimage\",\"url\":\"https:\\\/\\\/corakid.com\\\/wp-content\\\/uploads\\\/2025\\\/02\\\/2-equipes-1024x568.png\",\"contentUrl\":\"https:\\\/\\\/corakid.com\\\/wp-content\\\/uploads\\\/2025\\\/02\\\/2-equipes-1024x568.png\"},{\"@type\":\"BreadcrumbList\",\"@id\":\"https:\\\/\\\/corakid.com\\\/research\\\/#breadcrumb\",\"itemListElement\":[{\"@type\":\"ListItem\",\"position\":1,\"name\":\"Accueil\",\"item\":\"https:\\\/\\\/corakid.com\\\/\"},{\"@type\":\"ListItem\",\"position\":2,\"name\":\"Recherche\"}]},{\"@type\":\"WebSite\",\"@id\":\"https:\\\/\\\/corakid.com\\\/en\\\/#website\",\"url\":\"https:\\\/\\\/corakid.com\\\/en\\\/\",\"name\":\"CoRaKiD\",\"description\":\"UMRS 1155 Common and Rare Kidney Diseases\",\"publisher\":{\"@id\":\"https:\\\/\\\/corakid.com\\\/en\\\/#organization\"},\"potentialAction\":[{\"@type\":\"SearchAction\",\"target\":{\"@type\":\"EntryPoint\",\"urlTemplate\":\"https:\\\/\\\/corakid.com\\\/en\\\/?s={search_term_string}\"},\"query-input\":{\"@type\":\"PropertyValueSpecification\",\"valueRequired\":true,\"valueName\":\"search_term_string\"}}],\"inLanguage\":\"en-GB\"},{\"@type\":\"Organization\",\"@id\":\"https:\\\/\\\/corakid.com\\\/en\\\/#organization\",\"name\":\"CoRaKiD\",\"url\":\"https:\\\/\\\/corakid.com\\\/en\\\/\",\"logo\":{\"@type\":\"ImageObject\",\"inLanguage\":\"en-GB\",\"@id\":\"https:\\\/\\\/corakid.com\\\/en\\\/#\\\/schema\\\/logo\\\/image\\\/\",\"url\":\"https:\\\/\\\/corakid.com\\\/wp-content\\\/uploads\\\/2019\\\/10\\\/logo5.png\",\"contentUrl\":\"https:\\\/\\\/corakid.com\\\/wp-content\\\/uploads\\\/2019\\\/10\\\/logo5.png\",\"width\":652,\"height\":247,\"caption\":\"CoRaKiD\"},\"image\":{\"@id\":\"https:\\\/\\\/corakid.com\\\/en\\\/#\\\/schema\\\/logo\\\/image\\\/\"}}]}<\/script>\n<!-- \/ Yoast SEO plugin. -->","yoast_head_json":{"title":"Recherche - CoRaKiD","robots":{"index":"index","follow":"follow","max-snippet":"max-snippet:-1","max-image-preview":"max-image-preview:large","max-video-preview":"max-video-preview:-1"},"canonical":"https:\/\/corakid.com\/en\/research\/","og_locale":"en_GB","og_type":"article","og_title":"Recherche - CoRaKiD","og_description":"L\u2019\u00e9quipe 1 se consacre \u00e0 la compr\u00e9hension des facteurs g\u00e9n\u00e9tiques, des l\u00e9sions r\u00e9nales aigu\u00ebs (AKI) et de la lithiase r\u00e9nale, pour mieux pr\u00e9venir et stopper la progression des atteintes r\u00e9nales. L\u2019\u00e9quipe 2, quant \u00e0 elle, concentre ses efforts sur les approches th\u00e9rapeutiques innovantes, telles que l\u2019inhibition de la fibrose et le d\u00e9veloppement de th\u00e9rapies cibl\u00e9es, [&hellip;]","og_url":"https:\/\/corakid.com\/en\/research\/","og_site_name":"CoRaKiD","article_modified_time":"2025-11-17T08:28:56+00:00","og_image":[{"width":1121,"height":622,"url":"https:\/\/corakid.com\/wp-content\/uploads\/2025\/02\/2-equipes.png","type":"image\/png"}],"twitter_card":"summary_large_image","twitter_misc":{"Estimated reading time":"1 minute"},"schema":{"@context":"https:\/\/schema.org","@graph":[{"@type":"WebPage","@id":"https:\/\/corakid.com\/research\/","url":"https:\/\/corakid.com\/research\/","name":"Recherche - CoRaKiD","isPartOf":{"@id":"https:\/\/corakid.com\/en\/#website"},"primaryImageOfPage":{"@id":"https:\/\/corakid.com\/research\/#primaryimage"},"image":{"@id":"https:\/\/corakid.com\/research\/#primaryimage"},"thumbnailUrl":"https:\/\/corakid.com\/wp-content\/uploads\/2025\/02\/2-equipes-1024x568.png","datePublished":"2019-09-09T10:04:56+00:00","dateModified":"2025-11-17T08:28:56+00:00","breadcrumb":{"@id":"https:\/\/corakid.com\/research\/#breadcrumb"},"inLanguage":"en-GB","potentialAction":[{"@type":"ReadAction","target":["https:\/\/corakid.com\/research\/"]}]},{"@type":"ImageObject","inLanguage":"en-GB","@id":"https:\/\/corakid.com\/research\/#primaryimage","url":"https:\/\/corakid.com\/wp-content\/uploads\/2025\/02\/2-equipes-1024x568.png","contentUrl":"https:\/\/corakid.com\/wp-content\/uploads\/2025\/02\/2-equipes-1024x568.png"},{"@type":"BreadcrumbList","@id":"https:\/\/corakid.com\/research\/#breadcrumb","itemListElement":[{"@type":"ListItem","position":1,"name":"Accueil","item":"https:\/\/corakid.com\/"},{"@type":"ListItem","position":2,"name":"Recherche"}]},{"@type":"WebSite","@id":"https:\/\/corakid.com\/en\/#website","url":"https:\/\/corakid.com\/en\/","name":"CoRaKiD","description":"UMRS 1155 Common and Rare Kidney Diseases","publisher":{"@id":"https:\/\/corakid.com\/en\/#organization"},"potentialAction":[{"@type":"SearchAction","target":{"@type":"EntryPoint","urlTemplate":"https:\/\/corakid.com\/en\/?s={search_term_string}"},"query-input":{"@type":"PropertyValueSpecification","valueRequired":true,"valueName":"search_term_string"}}],"inLanguage":"en-GB"},{"@type":"Organization","@id":"https:\/\/corakid.com\/en\/#organization","name":"CoRaKiD","url":"https:\/\/corakid.com\/en\/","logo":{"@type":"ImageObject","inLanguage":"en-GB","@id":"https:\/\/corakid.com\/en\/#\/schema\/logo\/image\/","url":"https:\/\/corakid.com\/wp-content\/uploads\/2019\/10\/logo5.png","contentUrl":"https:\/\/corakid.com\/wp-content\/uploads\/2019\/10\/logo5.png","width":652,"height":247,"caption":"CoRaKiD"},"image":{"@id":"https:\/\/corakid.com\/en\/#\/schema\/logo\/image\/"}}]}},"_links":{"self":[{"href":"https:\/\/corakid.com\/en\/wp-json\/wp\/v2\/pages\/25","targetHints":{"allow":["GET"]}}],"collection":[{"href":"https:\/\/corakid.com\/en\/wp-json\/wp\/v2\/pages"}],"about":[{"href":"https:\/\/corakid.com\/en\/wp-json\/wp\/v2\/types\/page"}],"author":[{"embeddable":true,"href":"https:\/\/corakid.com\/en\/wp-json\/wp\/v2\/users\/1"}],"replies":[{"embeddable":true,"href":"https:\/\/corakid.com\/en\/wp-json\/wp\/v2\/comments?post=25"}],"version-history":[{"count":4,"href":"https:\/\/corakid.com\/en\/wp-json\/wp\/v2\/pages\/25\/revisions"}],"predecessor-version":[{"id":2564,"href":"https:\/\/corakid.com\/en\/wp-json\/wp\/v2\/pages\/25\/revisions\/2564"}],"wp:attachment":[{"href":"https:\/\/corakid.com\/en\/wp-json\/wp\/v2\/media?parent=25"}],"curies":[{"name":"wp","href":"https:\/\/api.w.org\/{rel}","templated":true}]}}