{"id":49,"date":"2019-09-09T10:15:24","date_gmt":"2019-09-09T10:15:24","guid":{"rendered":"http:\/\/corakid.com\/home\/"},"modified":"2025-05-22T15:15:32","modified_gmt":"2025-05-22T15:15:32","slug":"home","status":"publish","type":"page","link":"https:\/\/corakid.com\/en\/home\/","title":{"rendered":"UMRS 1155 &#8211; Common and Rare Kidney Diseases"},"content":{"rendered":"<h2>\u00a0<\/h2>\n<h2>\u00a0<\/h2>\n<h2 style=\"text-align: center;\"><strong>Maladies R\u00e9nales Fr\u00e9quentes et Rares : <\/strong><br \/><strong>des m\u00e9canismes mol\u00e9culaires \u00e0 la m\u00e9decine personnalis\u00e9e<\/strong><\/h2>\n<p>\u00a0<\/p>\n<h5 style=\"text-align: center;\"><strong>CoRaKiD est une unit\u00e9 de recherche de l\u2019Inserm et de Sorbonne Universit\u00e9,<\/strong><br \/><strong>situ\u00e9e \u00e0 l\u2019h\u00f4pital Tenon. C&rsquo;est la seule unit\u00e9 en France<\/strong><br \/><strong>dont les projets de recherche sont enti\u00e8rement consacr\u00e9s<\/strong><br \/><strong>\u00e0 l&rsquo;\u00e9tude des maladies r\u00e9nales.<\/strong><\/h5>\n<p>\u00a0<\/p>\n<h5 style=\"text-align: center;\"><a style=\"color: #ffffff;\" href=\"https:\/\/corakid.com\/en\/team-presentation\/\"><strong>EN SAVOIR PLUS<\/strong><\/a><\/h5>\n<p>\u00a0<\/p>\n<h2>Prochains S\u00e9minaires<\/h2>\n<h5>Camille Cohen &#8211; CRI &#8211; Bich\u00e2t<\/h5>\n<p>Inflammatory fibroblasts drive fibrosis development in kidney by interacting with FOLR2+ macrophage.<\/p>\n<h6>Vendredi 16 Mai \u00e0 14h30 &#8211; RdC B\u00e2timent Recherche<\/h6>\n<h2>Publications<\/h2>\n<p>\t\t\t\t\t\t\t\t\t\t\t\t\t\t\t\t<a href=\"https:\/\/hal.science\/U1155\"><br \/>\n\t\t\t\t\t\t\t<img loading=\"lazy\" decoding=\"async\" width=\"1682\" height=\"668\" src=\"https:\/\/corakid.com\/wp-content\/uploads\/2024\/01\/HAL_logotype-rvb_fond-clair_fr-e1705655474301.png\" alt=\"\" srcset=\"https:\/\/corakid.com\/wp-content\/uploads\/2024\/01\/HAL_logotype-rvb_fond-clair_fr-e1705655474301.png 1682w, https:\/\/corakid.com\/wp-content\/uploads\/2024\/01\/HAL_logotype-rvb_fond-clair_fr-e1705655474301-300x119.png 300w, https:\/\/corakid.com\/wp-content\/uploads\/2024\/01\/HAL_logotype-rvb_fond-clair_fr-e1705655474301-1024x407.png 1024w, https:\/\/corakid.com\/wp-content\/uploads\/2024\/01\/HAL_logotype-rvb_fond-clair_fr-e1705655474301-768x305.png 768w, https:\/\/corakid.com\/wp-content\/uploads\/2024\/01\/HAL_logotype-rvb_fond-clair_fr-e1705655474301-1536x610.png 1536w, https:\/\/corakid.com\/wp-content\/uploads\/2024\/01\/HAL_logotype-rvb_fond-clair_fr-e1705655474301-18x7.png 18w\" sizes=\"auto, (max-width: 1682px) 100vw, 1682px\" \/>\t\t\t\t\t\t\t\t<\/a><\/p>\n<h5><a href=\"https:\/\/hal.science\/U1155\" target=\"_blank\">D\u00e9couvrez notre biblioth\u00e8que HAL<\/a><\/h5>\n<p>\t\t\t\t\t\t\t\t\t\t\t\t\t\t\t<img loading=\"lazy\" decoding=\"async\" width=\"300\" height=\"82\" src=\"https:\/\/corakid.com\/wp-content\/uploads\/2025\/02\/nat-rev-neph-300x82.gif\" alt=\"\" srcset=\"https:\/\/corakid.com\/wp-content\/uploads\/2025\/02\/nat-rev-neph-300x82.gif 300w, https:\/\/corakid.com\/wp-content\/uploads\/2025\/02\/nat-rev-neph-18x5.gif 18w\" sizes=\"auto, (max-width: 300px) 100vw, 300px\" \/>\t\t\t\t\t\t\t\t\t\t\t\t\t\t\t<\/p>\n<h6><a href=\"https:\/\/doi.org\/10.1038\/s41581-025-00934-5\" target=\"_blank\">Advances and challenges in kidney fibrosis therapeutics<\/a><\/h6>\n<p>\t\t\t\t\t\t\t\t\t\t\t\t\t\t\t<img loading=\"lazy\" decoding=\"async\" width=\"300\" height=\"120\" src=\"https:\/\/corakid.com\/wp-content\/uploads\/2025\/01\/mol-med-300x120.jpg\" alt=\"\" srcset=\"https:\/\/corakid.com\/wp-content\/uploads\/2025\/01\/mol-med-300x120.jpg 300w, https:\/\/corakid.com\/wp-content\/uploads\/2025\/01\/mol-med-18x7.jpg 18w, https:\/\/corakid.com\/wp-content\/uploads\/2025\/01\/mol-med.jpg 424w\" sizes=\"auto, (max-width: 300px) 100vw, 300px\" \/>\t\t\t\t\t\t\t\t\t\t\t\t\t\t\t<\/p>\n<h6><a href=\"https:\/\/doi.org\/10.1186\/s10020-024-01011-6\" target=\"_blank\">Endothelial-specific deletion of connexin 43 improves renal function and structure after acute kidney injury<\/a><\/h6>\n<p>\t\t\t\t\t\t\t\t\t\t\t\t\t\t\t<img loading=\"lazy\" decoding=\"async\" width=\"300\" height=\"61\" src=\"https:\/\/corakid.com\/wp-content\/uploads\/2025\/01\/JASN-300x61.png\" alt=\"\" srcset=\"https:\/\/corakid.com\/wp-content\/uploads\/2025\/01\/JASN-300x61.png 300w, https:\/\/corakid.com\/wp-content\/uploads\/2025\/01\/JASN-18x4.png 18w, https:\/\/corakid.com\/wp-content\/uploads\/2025\/01\/JASN.png 493w\" sizes=\"auto, (max-width: 300px) 100vw, 300px\" \/>\t\t\t\t\t\t\t\t\t\t\t\t\t\t\t<\/p>\n<h6><a href=\"https:\/\/doi.org\/10.1681\/ASN.0000000503\" target=\"_blank\">Systematic screening of Autosomal Dominant Tubulointerstitial Kidney Disease-MUC1 27dupC pathogenic variant through exome sequencing<\/a><\/h6>\n<p>\t\t\t\t\t\t\t\t\t\t\t\t\t\t\t<img loading=\"lazy\" decoding=\"async\" width=\"300\" height=\"80\" src=\"https:\/\/corakid.com\/wp-content\/uploads\/2024\/09\/blood-300x80.jpg\" alt=\"\" srcset=\"https:\/\/corakid.com\/wp-content\/uploads\/2024\/09\/blood-300x80.jpg 300w, https:\/\/corakid.com\/wp-content\/uploads\/2024\/09\/blood-18x5.jpg 18w, https:\/\/corakid.com\/wp-content\/uploads\/2024\/09\/blood.jpg 434w\" sizes=\"auto, (max-width: 300px) 100vw, 300px\" \/>\t\t\t\t\t\t\t\t\t\t\t\t\t\t\t<\/p>\n<h6><a href=\"https:\/\/doi.org\/10.1182\/blood.2024024976\" target=\"_blank\">Genomic analysis of adult thrombotic microangiopathies in less than 3 days: From rapid to fast genomics to treatment <\/a><\/h6>\n<p>\t\t\t\t\t\t\t\t\t\t\t\t\t\t\t<img loading=\"lazy\" decoding=\"async\" width=\"300\" height=\"111\" src=\"https:\/\/corakid.com\/wp-content\/uploads\/2024\/09\/X22107401-e1725546989658-300x111.jpg\" alt=\"\" srcset=\"https:\/\/corakid.com\/wp-content\/uploads\/2024\/09\/X22107401-e1725546989658-300x111.jpg 300w, https:\/\/corakid.com\/wp-content\/uploads\/2024\/09\/X22107401-e1725546989658-18x7.jpg 18w, https:\/\/corakid.com\/wp-content\/uploads\/2024\/09\/X22107401-e1725546989658.jpg 576w\" sizes=\"auto, (max-width: 300px) 100vw, 300px\" \/>\t\t\t\t\t\t\t\t\t\t\t\t\t\t\t<\/p>\n<h6><a href=\"https:\/\/doi.org\/10.1016\/j.clinre.2024.102454\" target=\"_blank\">Gastrointestinal Angiectasia in patients with chronic kidney disease: A matched case-control study<\/a><\/h6>\n<p>\t\t\t\t\t\t\t\t\t\t\t\t\t\t\t<img loading=\"lazy\" decoding=\"async\" width=\"300\" height=\"104\" src=\"https:\/\/corakid.com\/wp-content\/uploads\/2024\/05\/KI-300x104.jpg\" alt=\"\" srcset=\"https:\/\/corakid.com\/wp-content\/uploads\/2024\/05\/KI-300x104.jpg 300w, https:\/\/corakid.com\/wp-content\/uploads\/2024\/05\/KI-18x6.jpg 18w, https:\/\/corakid.com\/wp-content\/uploads\/2024\/05\/KI.jpg 732w\" sizes=\"auto, (max-width: 300px) 100vw, 300px\" \/>\t\t\t\t\t\t\t\t\t\t\t\t\t\t\t<\/p>\n<h6><a href=\"https:\/\/www.kidney-international.org\/article\/S0085-2538(24)00380-6\/abstract?dgcid=raven_jbs_aip_email\" target=\"_blank\">Signaling through cAMP-Epac1 induces metabolic reprogramming to protect podocytes in glomerulonephritis.<\/a><\/h6>\n<p>\t\t\t\t\t\t\t\t\t\t\t\t\t\t\t<img loading=\"lazy\" decoding=\"async\" width=\"300\" height=\"49\" src=\"https:\/\/corakid.com\/wp-content\/uploads\/2024\/04\/nejm-logo-300x49.png\" alt=\"\" srcset=\"https:\/\/corakid.com\/wp-content\/uploads\/2024\/04\/nejm-logo-300x49.png 300w, https:\/\/corakid.com\/wp-content\/uploads\/2024\/04\/nejm-logo-18x3.png 18w, https:\/\/corakid.com\/wp-content\/uploads\/2024\/04\/nejm-logo.png 552w\" sizes=\"auto, (max-width: 300px) 100vw, 300px\" \/>\t\t\t\t\t\t\t\t\t\t\t\t\t\t\t<\/p>\n<h6><a href=\"https:\/\/www.nejm.org\/doi\/full\/10.1056\/NEJMc2400528\" target=\"_blank\">Kidney Injury and Hair-Straightening Products Containing Glyoxylic Acid<\/a><\/h6>\n<h2>Events<\/h2>\n<h5>Deux nouvelles \u00e9quipes <\/h5>\n<p>\ud83d\udd2c\ud83e\uddec L&rsquo;\u00e9quipe 1 se consacre \u00e0 la compr\u00e9hension des facteurs g\u00e9n\u00e9tiques, des l\u00e9sions r\u00e9nales aigu\u00ebs (AKI) et de la lithiase r\u00e9nale, pour mieux pr\u00e9venir et stopper la progression des atteintes r\u00e9nales.<br \/>\ud83d\udc8a\ud83c\udfaf L&rsquo;\u00e9quipe 2, quant \u00e0 elle, concentre ses efforts sur les approches th\u00e9rapeutiques innovantes, telles que l&rsquo;inhibition de la fibrose et le d\u00e9veloppement de th\u00e9rapies cibl\u00e9es, dans le but de restaurer la sant\u00e9 des reins.<\/p>\n<p>\t\t\t\t\t\t\t\t\t\t\t\t\t\t\t<img loading=\"lazy\" decoding=\"async\" width=\"1121\" height=\"622\" src=\"https:\/\/corakid.com\/wp-content\/uploads\/2025\/02\/2-equipes.png\" alt=\"\" srcset=\"https:\/\/corakid.com\/wp-content\/uploads\/2025\/02\/2-equipes.png 1121w, https:\/\/corakid.com\/wp-content\/uploads\/2025\/02\/2-equipes-300x166.png 300w, https:\/\/corakid.com\/wp-content\/uploads\/2025\/02\/2-equipes-1024x568.png 1024w, https:\/\/corakid.com\/wp-content\/uploads\/2025\/02\/2-equipes-768x426.png 768w, https:\/\/corakid.com\/wp-content\/uploads\/2025\/02\/2-equipes-18x10.png 18w\" sizes=\"auto, (max-width: 1121px) 100vw, 1121px\" \/><br \/>\n\t\t\t\t\t\t\t\t\t\t\t\t\t\t\t<img loading=\"lazy\" decoding=\"async\" width=\"1536\" height=\"1084\" src=\"https:\/\/corakid.com\/wp-content\/uploads\/2024\/10\/IMG-20241007-WA0003-e1728574240442-1536x1084.jpg\" alt=\"\" srcset=\"https:\/\/corakid.com\/wp-content\/uploads\/2024\/10\/IMG-20241007-WA0003-e1728574240442-1536x1084.jpg 1536w, https:\/\/corakid.com\/wp-content\/uploads\/2024\/10\/IMG-20241007-WA0003-e1728574240442-300x212.jpg 300w, https:\/\/corakid.com\/wp-content\/uploads\/2024\/10\/IMG-20241007-WA0003-e1728574240442-1024x723.jpg 1024w, https:\/\/corakid.com\/wp-content\/uploads\/2024\/10\/IMG-20241007-WA0003-e1728574240442-768x542.jpg 768w, https:\/\/corakid.com\/wp-content\/uploads\/2024\/10\/IMG-20241007-WA0003-e1728574240442-18x12.jpg 18w, https:\/\/corakid.com\/wp-content\/uploads\/2024\/10\/IMG-20241007-WA0003-e1728574240442.jpg 1634w\" sizes=\"auto, (max-width: 1536px) 100vw, 1536px\" \/>\t\t\t\t\t\t\t\t\t\t\t\t\t\t\t<\/p>\n<h3>SFNDT<\/h3>\n<p>Trois projets financ\u00e9s par la SFNDT ! Mieux comprendre le r\u00f4le des clones my\u00e9lo\u00efdes dans la n\u00e9phrite interstitielle, celui de la MMP9 dans le cil, ou la modulation de la voie des kynur\u00e9nines dans l&rsquo;IRA, tels sont les objectifs de Khalil El Karoui, R\u00e9mi Piedagnel et Juliette Hadchouel.<\/p>\n<h2>D\u00e9couvrez notre laboratoire<\/h2>\n<p>\t\t<iframe loading=\"lazy\" title=\"Lab&#039;Inserm Episode 2 - Paris - Tenon\" width=\"500\" height=\"281\" src=\"https:\/\/www.youtube.com\/embed\/RHzxPoPnLMY?feature=oembed\" frameborder=\"0\" allow=\"accelerometer; autoplay; clipboard-write; encrypted-media; gyroscope; picture-in-picture; web-share\" referrerpolicy=\"strict-origin-when-cross-origin\" allowfullscreen><\/iframe>\t\t<\/p>\n<figure class='gallery-item'>\n\t\t\t\t<a data-elementor-open-lightbox=\"yes\" data-elementor-lightbox-slideshow=\"583ce75\" data-elementor-lightbox-title=\"Image1\" data-e-action-hash=\"#elementor-action%3Aaction%3Dlightbox%26settings%3DeyJpZCI6ODI1LCJ1cmwiOiJodHRwczpcL1wvY29yYWtpZC5jb21cL3dwLWNvbnRlbnRcL3VwbG9hZHNcLzIwMjBcLzEwXC9JbWFnZTEucG5nIiwic2xpZGVzaG93IjoiNTgzY2U3NSJ9\" href='https:\/\/corakid.com\/wp-content\/uploads\/2020\/10\/Image1.png'><img loading=\"lazy\" width=\"401\" height=\"354\" src=\"https:\/\/corakid.com\/wp-content\/uploads\/2020\/10\/Image1.png\" alt=\"\" decoding=\"async\" srcset=\"https:\/\/corakid.com\/wp-content\/uploads\/2020\/10\/Image1.png 401w, https:\/\/corakid.com\/wp-content\/uploads\/2020\/10\/Image1-300x265.png 300w, https:\/\/corakid.com\/wp-content\/uploads\/2020\/10\/Image1-14x12.png 14w\" sizes=\"auto, (max-width: 401px) 100vw, 401px\" \/><\/a><br \/>\n\t\t\t<\/figure>\n<figure class='gallery-item'>\n\t\t\t\t<a data-elementor-open-lightbox=\"yes\" data-elementor-lightbox-slideshow=\"583ce75\" data-elementor-lightbox-title=\"Image2\" data-e-action-hash=\"#elementor-action%3Aaction%3Dlightbox%26settings%3DeyJpZCI6ODI2LCJ1cmwiOiJodHRwczpcL1wvY29yYWtpZC5jb21cL3dwLWNvbnRlbnRcL3VwbG9hZHNcLzIwMjBcLzEwXC9JbWFnZTIucG5nIiwic2xpZGVzaG93IjoiNTgzY2U3NSJ9\" href='https:\/\/corakid.com\/wp-content\/uploads\/2020\/10\/Image2.png'><img loading=\"lazy\" width=\"401\" height=\"354\" src=\"https:\/\/corakid.com\/wp-content\/uploads\/2020\/10\/Image2.png\" alt=\"\" decoding=\"async\" srcset=\"https:\/\/corakid.com\/wp-content\/uploads\/2020\/10\/Image2.png 401w, https:\/\/corakid.com\/wp-content\/uploads\/2020\/10\/Image2-300x265.png 300w, https:\/\/corakid.com\/wp-content\/uploads\/2020\/10\/Image2-14x12.png 14w\" sizes=\"auto, (max-width: 401px) 100vw, 401px\" \/><\/a><br \/>\n\t\t\t<\/figure>\n<figure class='gallery-item'>\n\t\t\t\t<a data-elementor-open-lightbox=\"yes\" data-elementor-lightbox-slideshow=\"583ce75\" data-elementor-lightbox-title=\"Image3\" data-e-action-hash=\"#elementor-action%3Aaction%3Dlightbox%26settings%3DeyJpZCI6ODc0LCJ1cmwiOiJodHRwczpcL1wvY29yYWtpZC5jb21cL3dwLWNvbnRlbnRcL3VwbG9hZHNcLzIwMjBcLzExXC9JbWFnZTMtMS5wbmciLCJzbGlkZXNob3ciOiI1ODNjZTc1In0%3D\" href='https:\/\/corakid.com\/wp-content\/uploads\/2020\/11\/Image3-1.png'><img loading=\"lazy\" width=\"401\" height=\"354\" src=\"https:\/\/corakid.com\/wp-content\/uploads\/2020\/11\/Image3-1.png\" alt=\"\" decoding=\"async\" srcset=\"https:\/\/corakid.com\/wp-content\/uploads\/2020\/11\/Image3-1.png 401w, https:\/\/corakid.com\/wp-content\/uploads\/2020\/11\/Image3-1-300x265.png 300w, https:\/\/corakid.com\/wp-content\/uploads\/2020\/11\/Image3-1-14x12.png 14w\" sizes=\"auto, (max-width: 401px) 100vw, 401px\" \/><\/a><br \/>\n\t\t\t<\/figure>","protected":false},"excerpt":{"rendered":"<p>\u00a0 \u00a0 Maladies R\u00e9nales Fr\u00e9quentes et Rares : des m\u00e9canismes mol\u00e9culaires \u00e0 la m\u00e9decine personnalis\u00e9e \u00a0 CoRaKiD est une unit\u00e9 de recherche de l\u2019Inserm et de Sorbonne Universit\u00e9,situ\u00e9e \u00e0 l\u2019h\u00f4pital Tenon. C&rsquo;est la seule unit\u00e9 en Francedont les projets de recherche sont enti\u00e8rement consacr\u00e9s\u00e0 l&rsquo;\u00e9tude des maladies r\u00e9nales. \u00a0 EN SAVOIR PLUS \u00a0 Prochains S\u00e9minaires [&hellip;]<\/p>\n","protected":false},"author":1,"featured_media":0,"parent":0,"menu_order":0,"comment_status":"closed","ping_status":"closed","template":"modele-corakid","meta":{"_cbd_carousel_blocks":"[]","footnotes":""},"class_list":["post-49","page","type-page","status-publish","hentry"],"yoast_head":"<!-- This site is optimized with the Yoast SEO plugin v27.4 - https:\/\/yoast.com\/product\/yoast-seo-wordpress\/ -->\n<title>UMRS 1155 - Common and Rare Kidney Diseases - CoRaKiD<\/title>\n<meta name=\"description\" content=\"CoRaKiD est une unit\u00e9 de recherche de l\u2019Inserm et de Sorbonne Universit\u00e9, situ\u00e9e \u00e0 l\u2019h\u00f4pital Tenon. C\u2019est la seule unit\u00e9 en France dont les projets de recherche sont enti\u00e8rement consacr\u00e9s \u00e0 l\u2019\u00e9tude des maladies r\u00e9nales.\" \/>\n<meta name=\"robots\" content=\"index, follow, max-snippet:-1, max-image-preview:large, max-video-preview:-1\" \/>\n<link rel=\"canonical\" href=\"https:\/\/corakid.com\/en\/home\/\" \/>\n<meta property=\"og:locale\" content=\"en_GB\" \/>\n<meta property=\"og:type\" content=\"article\" \/>\n<meta property=\"og:title\" content=\"UMRS 1155 - Common and Rare Kidney Diseases\" \/>\n<meta property=\"og:description\" content=\"CoRaKiD est une unit\u00e9 de recherche de l\u2019Inserm et de Sorbonne Universit\u00e9, situ\u00e9e \u00e0 l\u2019h\u00f4pital Tenon. C\u2019est la seule unit\u00e9 en France dont les projets de recherche sont enti\u00e8rement consacr\u00e9s \u00e0 l\u2019\u00e9tude des maladies r\u00e9nales.\" \/>\n<meta property=\"og:url\" content=\"https:\/\/corakid.com\/en\/home\/\" \/>\n<meta property=\"og:site_name\" content=\"CoRaKiD\" \/>\n<meta property=\"article:modified_time\" content=\"2025-05-22T15:15:32+00:00\" \/>\n<meta property=\"og:image\" content=\"https:\/\/corakid.com\/wp-content\/uploads\/2019\/10\/logo5.png\" \/>\n\t<meta property=\"og:image:width\" content=\"652\" \/>\n\t<meta property=\"og:image:height\" content=\"247\" \/>\n\t<meta property=\"og:image:type\" content=\"image\/png\" \/>\n<meta name=\"twitter:card\" content=\"summary_large_image\" \/>\n<meta name=\"twitter:title\" content=\"UMRS 1155 - Common and Rare Kidney diseases\" \/>\n<meta name=\"twitter:image\" content=\"https:\/\/corakid.com\/wp-content\/uploads\/2019\/10\/logo5.png\" \/>\n<meta name=\"twitter:label1\" content=\"Estimated reading time\" \/>\n\t<meta name=\"twitter:data1\" content=\"5 minutes\" \/>\n<script type=\"application\/ld+json\" class=\"yoast-schema-graph\">{\"@context\":\"https:\\\/\\\/schema.org\",\"@graph\":[{\"@type\":\"WebPage\",\"@id\":\"https:\\\/\\\/corakid.com\\\/home\\\/\",\"url\":\"https:\\\/\\\/corakid.com\\\/home\\\/\",\"name\":\"UMRS 1155 - Common and Rare Kidney Diseases - CoRaKiD\",\"isPartOf\":{\"@id\":\"https:\\\/\\\/corakid.com\\\/en\\\/#website\"},\"primaryImageOfPage\":{\"@id\":\"https:\\\/\\\/corakid.com\\\/home\\\/#primaryimage\"},\"image\":{\"@id\":\"https:\\\/\\\/corakid.com\\\/home\\\/#primaryimage\"},\"thumbnailUrl\":\"https:\\\/\\\/corakid.com\\\/wp-content\\\/uploads\\\/2024\\\/01\\\/HAL_logotype-rvb_fond-clair_fr-e1705655474301.png\",\"datePublished\":\"2019-09-09T10:15:24+00:00\",\"dateModified\":\"2025-05-22T15:15:32+00:00\",\"description\":\"CoRaKiD est une unit\u00e9 de recherche de l\u2019Inserm et de Sorbonne Universit\u00e9, situ\u00e9e \u00e0 l\u2019h\u00f4pital Tenon. C\u2019est la seule unit\u00e9 en France dont les projets de recherche sont enti\u00e8rement consacr\u00e9s \u00e0 l\u2019\u00e9tude des maladies r\u00e9nales.\",\"breadcrumb\":{\"@id\":\"https:\\\/\\\/corakid.com\\\/home\\\/#breadcrumb\"},\"inLanguage\":\"en-GB\",\"potentialAction\":[{\"@type\":\"ReadAction\",\"target\":[\"https:\\\/\\\/corakid.com\\\/home\\\/\"]}]},{\"@type\":\"ImageObject\",\"inLanguage\":\"en-GB\",\"@id\":\"https:\\\/\\\/corakid.com\\\/home\\\/#primaryimage\",\"url\":\"https:\\\/\\\/corakid.com\\\/wp-content\\\/uploads\\\/2024\\\/01\\\/HAL_logotype-rvb_fond-clair_fr-e1705655474301.png\",\"contentUrl\":\"https:\\\/\\\/corakid.com\\\/wp-content\\\/uploads\\\/2024\\\/01\\\/HAL_logotype-rvb_fond-clair_fr-e1705655474301.png\"},{\"@type\":\"BreadcrumbList\",\"@id\":\"https:\\\/\\\/corakid.com\\\/home\\\/#breadcrumb\",\"itemListElement\":[{\"@type\":\"ListItem\",\"position\":1,\"name\":\"Accueil\",\"item\":\"https:\\\/\\\/corakid.com\\\/\"},{\"@type\":\"ListItem\",\"position\":2,\"name\":\"UMRS 1155 &#8211; Common and Rare Kidney Diseases\"}]},{\"@type\":\"WebSite\",\"@id\":\"https:\\\/\\\/corakid.com\\\/en\\\/#website\",\"url\":\"https:\\\/\\\/corakid.com\\\/en\\\/\",\"name\":\"CoRaKiD\",\"description\":\"UMRS 1155 Common and Rare Kidney Diseases\",\"publisher\":{\"@id\":\"https:\\\/\\\/corakid.com\\\/en\\\/#organization\"},\"potentialAction\":[{\"@type\":\"SearchAction\",\"target\":{\"@type\":\"EntryPoint\",\"urlTemplate\":\"https:\\\/\\\/corakid.com\\\/en\\\/?s={search_term_string}\"},\"query-input\":{\"@type\":\"PropertyValueSpecification\",\"valueRequired\":true,\"valueName\":\"search_term_string\"}}],\"inLanguage\":\"en-GB\"},{\"@type\":\"Organization\",\"@id\":\"https:\\\/\\\/corakid.com\\\/en\\\/#organization\",\"name\":\"CoRaKiD\",\"url\":\"https:\\\/\\\/corakid.com\\\/en\\\/\",\"logo\":{\"@type\":\"ImageObject\",\"inLanguage\":\"en-GB\",\"@id\":\"https:\\\/\\\/corakid.com\\\/en\\\/#\\\/schema\\\/logo\\\/image\\\/\",\"url\":\"https:\\\/\\\/corakid.com\\\/wp-content\\\/uploads\\\/2019\\\/10\\\/logo5.png\",\"contentUrl\":\"https:\\\/\\\/corakid.com\\\/wp-content\\\/uploads\\\/2019\\\/10\\\/logo5.png\",\"width\":652,\"height\":247,\"caption\":\"CoRaKiD\"},\"image\":{\"@id\":\"https:\\\/\\\/corakid.com\\\/en\\\/#\\\/schema\\\/logo\\\/image\\\/\"}}]}<\/script>\n<!-- \/ Yoast SEO plugin. -->","yoast_head_json":{"title":"UMRS 1155 - Common and Rare Kidney Diseases - CoRaKiD","description":"CoRaKiD est une unit\u00e9 de recherche de l\u2019Inserm et de Sorbonne Universit\u00e9, situ\u00e9e \u00e0 l\u2019h\u00f4pital Tenon. C\u2019est la seule unit\u00e9 en France dont les projets de recherche sont enti\u00e8rement consacr\u00e9s \u00e0 l\u2019\u00e9tude des maladies r\u00e9nales.","robots":{"index":"index","follow":"follow","max-snippet":"max-snippet:-1","max-image-preview":"max-image-preview:large","max-video-preview":"max-video-preview:-1"},"canonical":"https:\/\/corakid.com\/en\/home\/","og_locale":"en_GB","og_type":"article","og_title":"UMRS 1155 - Common and Rare Kidney Diseases","og_description":"CoRaKiD est une unit\u00e9 de recherche de l\u2019Inserm et de Sorbonne Universit\u00e9, situ\u00e9e \u00e0 l\u2019h\u00f4pital Tenon. C\u2019est la seule unit\u00e9 en France dont les projets de recherche sont enti\u00e8rement consacr\u00e9s \u00e0 l\u2019\u00e9tude des maladies r\u00e9nales.","og_url":"https:\/\/corakid.com\/en\/home\/","og_site_name":"CoRaKiD","article_modified_time":"2025-05-22T15:15:32+00:00","og_image":[{"width":652,"height":247,"url":"https:\/\/corakid.com\/wp-content\/uploads\/2019\/10\/logo5.png","type":"image\/png"}],"twitter_card":"summary_large_image","twitter_title":"UMRS 1155 - Common and Rare Kidney diseases","twitter_image":"https:\/\/corakid.com\/wp-content\/uploads\/2019\/10\/logo5.png","twitter_misc":{"Estimated reading time":"5 minutes"},"schema":{"@context":"https:\/\/schema.org","@graph":[{"@type":"WebPage","@id":"https:\/\/corakid.com\/home\/","url":"https:\/\/corakid.com\/home\/","name":"UMRS 1155 - Common and Rare Kidney Diseases - CoRaKiD","isPartOf":{"@id":"https:\/\/corakid.com\/en\/#website"},"primaryImageOfPage":{"@id":"https:\/\/corakid.com\/home\/#primaryimage"},"image":{"@id":"https:\/\/corakid.com\/home\/#primaryimage"},"thumbnailUrl":"https:\/\/corakid.com\/wp-content\/uploads\/2024\/01\/HAL_logotype-rvb_fond-clair_fr-e1705655474301.png","datePublished":"2019-09-09T10:15:24+00:00","dateModified":"2025-05-22T15:15:32+00:00","description":"CoRaKiD est une unit\u00e9 de recherche de l\u2019Inserm et de Sorbonne Universit\u00e9, situ\u00e9e \u00e0 l\u2019h\u00f4pital Tenon. C\u2019est la seule unit\u00e9 en France dont les projets de recherche sont enti\u00e8rement consacr\u00e9s \u00e0 l\u2019\u00e9tude des maladies r\u00e9nales.","breadcrumb":{"@id":"https:\/\/corakid.com\/home\/#breadcrumb"},"inLanguage":"en-GB","potentialAction":[{"@type":"ReadAction","target":["https:\/\/corakid.com\/home\/"]}]},{"@type":"ImageObject","inLanguage":"en-GB","@id":"https:\/\/corakid.com\/home\/#primaryimage","url":"https:\/\/corakid.com\/wp-content\/uploads\/2024\/01\/HAL_logotype-rvb_fond-clair_fr-e1705655474301.png","contentUrl":"https:\/\/corakid.com\/wp-content\/uploads\/2024\/01\/HAL_logotype-rvb_fond-clair_fr-e1705655474301.png"},{"@type":"BreadcrumbList","@id":"https:\/\/corakid.com\/home\/#breadcrumb","itemListElement":[{"@type":"ListItem","position":1,"name":"Accueil","item":"https:\/\/corakid.com\/"},{"@type":"ListItem","position":2,"name":"UMRS 1155 &#8211; Common and Rare Kidney Diseases"}]},{"@type":"WebSite","@id":"https:\/\/corakid.com\/en\/#website","url":"https:\/\/corakid.com\/en\/","name":"CoRaKiD","description":"UMRS 1155 Common and Rare Kidney Diseases","publisher":{"@id":"https:\/\/corakid.com\/en\/#organization"},"potentialAction":[{"@type":"SearchAction","target":{"@type":"EntryPoint","urlTemplate":"https:\/\/corakid.com\/en\/?s={search_term_string}"},"query-input":{"@type":"PropertyValueSpecification","valueRequired":true,"valueName":"search_term_string"}}],"inLanguage":"en-GB"},{"@type":"Organization","@id":"https:\/\/corakid.com\/en\/#organization","name":"CoRaKiD","url":"https:\/\/corakid.com\/en\/","logo":{"@type":"ImageObject","inLanguage":"en-GB","@id":"https:\/\/corakid.com\/en\/#\/schema\/logo\/image\/","url":"https:\/\/corakid.com\/wp-content\/uploads\/2019\/10\/logo5.png","contentUrl":"https:\/\/corakid.com\/wp-content\/uploads\/2019\/10\/logo5.png","width":652,"height":247,"caption":"CoRaKiD"},"image":{"@id":"https:\/\/corakid.com\/en\/#\/schema\/logo\/image\/"}}]}},"_links":{"self":[{"href":"https:\/\/corakid.com\/en\/wp-json\/wp\/v2\/pages\/49","targetHints":{"allow":["GET"]}}],"collection":[{"href":"https:\/\/corakid.com\/en\/wp-json\/wp\/v2\/pages"}],"about":[{"href":"https:\/\/corakid.com\/en\/wp-json\/wp\/v2\/types\/page"}],"author":[{"embeddable":true,"href":"https:\/\/corakid.com\/en\/wp-json\/wp\/v2\/users\/1"}],"replies":[{"embeddable":true,"href":"https:\/\/corakid.com\/en\/wp-json\/wp\/v2\/comments?post=49"}],"version-history":[{"count":586,"href":"https:\/\/corakid.com\/en\/wp-json\/wp\/v2\/pages\/49\/revisions"}],"predecessor-version":[{"id":2372,"href":"https:\/\/corakid.com\/en\/wp-json\/wp\/v2\/pages\/49\/revisions\/2372"}],"wp:attachment":[{"href":"https:\/\/corakid.com\/en\/wp-json\/wp\/v2\/media?parent=49"}],"curies":[{"name":"wp","href":"https:\/\/api.w.org\/{rel}","templated":true}]}}