{"id":495,"date":"2020-02-03T15:02:05","date_gmt":"2020-02-03T15:02:05","guid":{"rendered":"https:\/\/corakid.com\/?page_id=495"},"modified":"2025-06-06T09:41:10","modified_gmt":"2025-06-06T09:41:10","slug":"histologie-et-microdissection-2","status":"publish","type":"page","link":"https:\/\/corakid.com\/en\/core-facilities\/histologie-et-microdissection-2\/","title":{"rendered":"Histologie et Microdissection"},"content":{"rendered":"<div class=\"wp-block-columns is-layout-flex wp-container-core-columns-is-layout-28f84493 wp-block-columns-is-layout-flex\">\n<div class=\"wp-block-column is-vertically-aligned-center is-layout-flow wp-block-column-is-layout-flow\" style=\"flex-basis:66.66%\">\n<h4 class=\"wp-block-heading has-custom-color-1-color has-text-color has-link-color wp-elements-4aba783060e2fba5d82cf53d73844009\"><strong>Pr\u00e9sentation<\/strong><\/h4>\n\n\n\n<p>La plateforme d&rsquo;histologie et de microdissection laser se compose d&rsquo;un plateau technique d&rsquo;histologie et d&rsquo;un plateau technique de microdissection laser. <\/p>\n\n\n\n<p>Le plateau technique d&rsquo;histologie propose une gamme compl\u00e8te de services techniques aux \u00e9quipes de recherche acad\u00e9mique et du service priv\u00e9. Le personnel aide les utilisateurs en prodiguant son expertise soit sous forme de formation aux \u00e9quipements et aux techniques soit en r\u00e9alisant des \u00e9tudes en r\u00e9ponse aux besoins des \u00e9quipes (coupes au microtome et au cryostat, colorations). <\/p>\n\n\n\n<p>Le plateau technique de microdissection laser offre une technique de pointe permettant la r\u00e9alisation de nouveau challenge scientifique ( dissection de cellule unique). Ouverte aux \u00e9quipes acad\u00e9mique et du secteur priv\u00e9, ce plateau technique propose ses services \u00e0 toute la communaut\u00e9 scientifique et dans des th\u00e9matiques diff\u00e9rentes : n\u00e9phrologie, canc\u00e9rologie&#8230; Le plateau technique se fixe pour mission de vous accompagner dans les \u00e9tapes primordiales de la pr\u00e9paration des \u00e9chantillons \u00e0 la microdissection laser et dans l&rsquo;utilisation des biomol\u00e9cules extraites.<\/p>\n<\/div>\n\n\n\n<div class=\"wp-block-column is-vertically-aligned-center is-layout-flow wp-block-column-is-layout-flow\" style=\"flex-basis:33.33%\">\n<figure class=\"wp-block-image aligncenter size-full is-resized\" style=\"margin-top:var(--wp--preset--spacing--10);margin-right:var(--wp--preset--spacing--10);margin-bottom:var(--wp--preset--spacing--10);margin-left:var(--wp--preset--spacing--10)\"><img loading=\"lazy\" decoding=\"async\" width=\"366\" height=\"272\" src=\"https:\/\/corakid.com\/wp-content\/uploads\/2025\/06\/histo.png\" alt=\"\" class=\"wp-image-2488\" style=\"width:422px;height:auto\" srcset=\"https:\/\/corakid.com\/wp-content\/uploads\/2025\/06\/histo.png 366w, https:\/\/corakid.com\/wp-content\/uploads\/2025\/06\/histo-300x223.png 300w, https:\/\/corakid.com\/wp-content\/uploads\/2025\/06\/histo-16x12.png 16w\" sizes=\"auto, (max-width: 366px) 100vw, 366px\" \/><\/figure>\n<\/div>\n<\/div>\n\n\n\n<h4 class=\"wp-block-heading has-custom-color-1-color has-text-color has-link-color wp-elements-4606307a30292aba3b3cb525568009ae\"><strong>Expertise<\/strong><\/h4>\n\n\n\n<ul class=\"wp-block-list\">\n<li>Pr\u00e9paration des \u00e9chantillons <\/li>\n\n\n\n<li>Coupe d\u2019\u00e9chantillons <\/li>\n\n\n\n<li>Coloration d\u2019\u00e9chantillons <\/li>\n\n\n\n<li>Immunohistochimie <\/li>\n\n\n\n<li>Immunofluorescence <\/li>\n\n\n\n<li>Microscopie <\/li>\n\n\n\n<li>Microdissection Laser <\/li>\n<\/ul>\n\n\n\n<h4 class=\"wp-block-heading has-custom-color-1-color has-text-color has-link-color wp-elements-45c99a0af97ddc916673774eebe8023f\"><strong>Equipements<\/strong><\/h4>\n\n\n\n<h6 class=\"wp-block-heading\">Pour la pr\u00e9paration des \u00e9chantillons<\/h6>\n\n\n\n<ul class=\"wp-block-list\">\n<li> Station d\u2019inclusion Microm EC350<\/li>\n\n\n\n<li>Automate \u00e0 d\u00e9shydratation Microm STP 121<\/li>\n<\/ul>\n\n\n\n<h6 class=\"wp-block-heading\">Pour la coupe<\/h6>\n\n\n\n<ul class=\"wp-block-list\">\n<li>2 Cryostats Microm HM 550<\/li>\n\n\n\n<li>2 Microtomes Microm HM340<\/li>\n\n\n\n<li>Vibratome Leica VT 1000<\/li>\n<\/ul>\n\n\n\n<p>Microdissecteur laser Excilone Arcturus XT <\/p>\n\n\n\n<h5 class=\"wp-block-heading\"><a href=\"https:\/\/corakid.com\/wp-content\/uploads\/2020\/02\/tarifs-microdissection-2020.pdf\">Tarifs pour la microdissection laser<\/a><\/h5>\n\n\n\n<h4 class=\"wp-block-heading has-custom-color-1-color has-text-color has-link-color wp-elements-29198b6b2594e46a28847b17e425cfed\"><strong>Equipe<\/strong><\/h4>\n\n\n\n<p><strong>Souhila Ouchelouche<\/strong><\/p>\n\n\n\n<p><\/p>","protected":false},"excerpt":{"rendered":"<p>Pr\u00e9sentation La plateforme d&rsquo;histologie et de microdissection laser se compose d&rsquo;un plateau technique d&rsquo;histologie et d&rsquo;un plateau technique de microdissection laser. Le plateau technique d&rsquo;histologie propose une gamme compl\u00e8te de services techniques aux \u00e9quipes de recherche acad\u00e9mique et du service priv\u00e9. Le personnel aide les utilisateurs en prodiguant son expertise soit sous forme de formation [&hellip;]<\/p>\n","protected":false},"author":1,"featured_media":0,"parent":67,"menu_order":0,"comment_status":"closed","ping_status":"closed","template":"modele-corakid","meta":{"_cbd_carousel_blocks":"[]","footnotes":""},"class_list":["post-495","page","type-page","status-publish","hentry"],"yoast_head":"<!-- This site is optimized with the Yoast SEO plugin v27.5 - https:\/\/yoast.com\/product\/yoast-seo-wordpress\/ -->\n<title>Histologie et Microdissection - CoRaKiD<\/title>\n<meta name=\"robots\" content=\"index, follow, max-snippet:-1, max-image-preview:large, max-video-preview:-1\" \/>\n<link rel=\"canonical\" href=\"https:\/\/corakid.com\/en\/core-facilities\/histologie-et-microdissection-2\/\" \/>\n<meta property=\"og:locale\" content=\"en_GB\" \/>\n<meta property=\"og:type\" content=\"article\" \/>\n<meta property=\"og:title\" content=\"Histologie et Microdissection - CoRaKiD\" \/>\n<meta property=\"og:description\" content=\"Pr\u00e9sentation La plateforme d&rsquo;histologie et de microdissection laser se compose d&rsquo;un plateau technique d&rsquo;histologie et d&rsquo;un plateau technique de microdissection laser. Le plateau technique d&rsquo;histologie propose une gamme compl\u00e8te de services techniques aux \u00e9quipes de recherche acad\u00e9mique et du service priv\u00e9. Le personnel aide les utilisateurs en prodiguant son expertise soit sous forme de formation [&hellip;]\" \/>\n<meta property=\"og:url\" content=\"https:\/\/corakid.com\/en\/core-facilities\/histologie-et-microdissection-2\/\" \/>\n<meta property=\"og:site_name\" content=\"CoRaKiD\" \/>\n<meta property=\"article:modified_time\" content=\"2025-06-06T09:41:10+00:00\" \/>\n<meta property=\"og:image\" content=\"https:\/\/corakid.com\/wp-content\/uploads\/2025\/06\/histo.png\" \/>\n\t<meta property=\"og:image:width\" content=\"366\" \/>\n\t<meta property=\"og:image:height\" content=\"272\" \/>\n\t<meta property=\"og:image:type\" content=\"image\/png\" \/>\n<meta name=\"twitter:card\" content=\"summary_large_image\" \/>\n<meta name=\"twitter:label1\" content=\"Estimated reading time\" \/>\n\t<meta name=\"twitter:data1\" content=\"2 minutes\" \/>\n<script type=\"application\/ld+json\" class=\"yoast-schema-graph\">{\"@context\":\"https:\\\/\\\/schema.org\",\"@graph\":[{\"@type\":\"WebPage\",\"@id\":\"https:\\\/\\\/corakid.com\\\/core-facilities\\\/histologie-et-microdissection-2\\\/\",\"url\":\"https:\\\/\\\/corakid.com\\\/core-facilities\\\/histologie-et-microdissection-2\\\/\",\"name\":\"Histologie et Microdissection - CoRaKiD\",\"isPartOf\":{\"@id\":\"https:\\\/\\\/corakid.com\\\/en\\\/#website\"},\"primaryImageOfPage\":{\"@id\":\"https:\\\/\\\/corakid.com\\\/core-facilities\\\/histologie-et-microdissection-2\\\/#primaryimage\"},\"image\":{\"@id\":\"https:\\\/\\\/corakid.com\\\/core-facilities\\\/histologie-et-microdissection-2\\\/#primaryimage\"},\"thumbnailUrl\":\"https:\\\/\\\/corakid.com\\\/wp-content\\\/uploads\\\/2025\\\/06\\\/histo.png\",\"datePublished\":\"2020-02-03T15:02:05+00:00\",\"dateModified\":\"2025-06-06T09:41:10+00:00\",\"breadcrumb\":{\"@id\":\"https:\\\/\\\/corakid.com\\\/core-facilities\\\/histologie-et-microdissection-2\\\/#breadcrumb\"},\"inLanguage\":\"en-GB\",\"potentialAction\":[{\"@type\":\"ReadAction\",\"target\":[\"https:\\\/\\\/corakid.com\\\/core-facilities\\\/histologie-et-microdissection-2\\\/\"]}]},{\"@type\":\"ImageObject\",\"inLanguage\":\"en-GB\",\"@id\":\"https:\\\/\\\/corakid.com\\\/core-facilities\\\/histologie-et-microdissection-2\\\/#primaryimage\",\"url\":\"https:\\\/\\\/corakid.com\\\/wp-content\\\/uploads\\\/2025\\\/06\\\/histo.png\",\"contentUrl\":\"https:\\\/\\\/corakid.com\\\/wp-content\\\/uploads\\\/2025\\\/06\\\/histo.png\"},{\"@type\":\"BreadcrumbList\",\"@id\":\"https:\\\/\\\/corakid.com\\\/core-facilities\\\/histologie-et-microdissection-2\\\/#breadcrumb\",\"itemListElement\":[{\"@type\":\"ListItem\",\"position\":1,\"name\":\"Accueil\",\"item\":\"https:\\\/\\\/corakid.com\\\/\"},{\"@type\":\"ListItem\",\"position\":2,\"name\":\"Plateformes\",\"item\":\"https:\\\/\\\/corakid.com\\\/core-facilities\\\/\"},{\"@type\":\"ListItem\",\"position\":3,\"name\":\"Histologie et Microdissection\"}]},{\"@type\":\"WebSite\",\"@id\":\"https:\\\/\\\/corakid.com\\\/en\\\/#website\",\"url\":\"https:\\\/\\\/corakid.com\\\/en\\\/\",\"name\":\"CoRaKiD\",\"description\":\"UMRS 1155 Common and Rare Kidney Diseases\",\"publisher\":{\"@id\":\"https:\\\/\\\/corakid.com\\\/en\\\/#organization\"},\"potentialAction\":[{\"@type\":\"SearchAction\",\"target\":{\"@type\":\"EntryPoint\",\"urlTemplate\":\"https:\\\/\\\/corakid.com\\\/en\\\/?s={search_term_string}\"},\"query-input\":{\"@type\":\"PropertyValueSpecification\",\"valueRequired\":true,\"valueName\":\"search_term_string\"}}],\"inLanguage\":\"en-GB\"},{\"@type\":\"Organization\",\"@id\":\"https:\\\/\\\/corakid.com\\\/en\\\/#organization\",\"name\":\"CoRaKiD\",\"url\":\"https:\\\/\\\/corakid.com\\\/en\\\/\",\"logo\":{\"@type\":\"ImageObject\",\"inLanguage\":\"en-GB\",\"@id\":\"https:\\\/\\\/corakid.com\\\/en\\\/#\\\/schema\\\/logo\\\/image\\\/\",\"url\":\"https:\\\/\\\/corakid.com\\\/wp-content\\\/uploads\\\/2019\\\/10\\\/logo5.png\",\"contentUrl\":\"https:\\\/\\\/corakid.com\\\/wp-content\\\/uploads\\\/2019\\\/10\\\/logo5.png\",\"width\":652,\"height\":247,\"caption\":\"CoRaKiD\"},\"image\":{\"@id\":\"https:\\\/\\\/corakid.com\\\/en\\\/#\\\/schema\\\/logo\\\/image\\\/\"}}]}<\/script>\n<!-- \/ Yoast SEO plugin. -->","yoast_head_json":{"title":"Histologie et Microdissection - CoRaKiD","robots":{"index":"index","follow":"follow","max-snippet":"max-snippet:-1","max-image-preview":"max-image-preview:large","max-video-preview":"max-video-preview:-1"},"canonical":"https:\/\/corakid.com\/en\/core-facilities\/histologie-et-microdissection-2\/","og_locale":"en_GB","og_type":"article","og_title":"Histologie et Microdissection - CoRaKiD","og_description":"Pr\u00e9sentation La plateforme d&rsquo;histologie et de microdissection laser se compose d&rsquo;un plateau technique d&rsquo;histologie et d&rsquo;un plateau technique de microdissection laser. Le plateau technique d&rsquo;histologie propose une gamme compl\u00e8te de services techniques aux \u00e9quipes de recherche acad\u00e9mique et du service priv\u00e9. Le personnel aide les utilisateurs en prodiguant son expertise soit sous forme de formation [&hellip;]","og_url":"https:\/\/corakid.com\/en\/core-facilities\/histologie-et-microdissection-2\/","og_site_name":"CoRaKiD","article_modified_time":"2025-06-06T09:41:10+00:00","og_image":[{"width":366,"height":272,"url":"https:\/\/corakid.com\/wp-content\/uploads\/2025\/06\/histo.png","type":"image\/png"}],"twitter_card":"summary_large_image","twitter_misc":{"Estimated reading time":"2 minutes"},"schema":{"@context":"https:\/\/schema.org","@graph":[{"@type":"WebPage","@id":"https:\/\/corakid.com\/core-facilities\/histologie-et-microdissection-2\/","url":"https:\/\/corakid.com\/core-facilities\/histologie-et-microdissection-2\/","name":"Histologie et Microdissection - CoRaKiD","isPartOf":{"@id":"https:\/\/corakid.com\/en\/#website"},"primaryImageOfPage":{"@id":"https:\/\/corakid.com\/core-facilities\/histologie-et-microdissection-2\/#primaryimage"},"image":{"@id":"https:\/\/corakid.com\/core-facilities\/histologie-et-microdissection-2\/#primaryimage"},"thumbnailUrl":"https:\/\/corakid.com\/wp-content\/uploads\/2025\/06\/histo.png","datePublished":"2020-02-03T15:02:05+00:00","dateModified":"2025-06-06T09:41:10+00:00","breadcrumb":{"@id":"https:\/\/corakid.com\/core-facilities\/histologie-et-microdissection-2\/#breadcrumb"},"inLanguage":"en-GB","potentialAction":[{"@type":"ReadAction","target":["https:\/\/corakid.com\/core-facilities\/histologie-et-microdissection-2\/"]}]},{"@type":"ImageObject","inLanguage":"en-GB","@id":"https:\/\/corakid.com\/core-facilities\/histologie-et-microdissection-2\/#primaryimage","url":"https:\/\/corakid.com\/wp-content\/uploads\/2025\/06\/histo.png","contentUrl":"https:\/\/corakid.com\/wp-content\/uploads\/2025\/06\/histo.png"},{"@type":"BreadcrumbList","@id":"https:\/\/corakid.com\/core-facilities\/histologie-et-microdissection-2\/#breadcrumb","itemListElement":[{"@type":"ListItem","position":1,"name":"Accueil","item":"https:\/\/corakid.com\/"},{"@type":"ListItem","position":2,"name":"Plateformes","item":"https:\/\/corakid.com\/core-facilities\/"},{"@type":"ListItem","position":3,"name":"Histologie et Microdissection"}]},{"@type":"WebSite","@id":"https:\/\/corakid.com\/en\/#website","url":"https:\/\/corakid.com\/en\/","name":"CoRaKiD","description":"UMRS 1155 Common and Rare Kidney Diseases","publisher":{"@id":"https:\/\/corakid.com\/en\/#organization"},"potentialAction":[{"@type":"SearchAction","target":{"@type":"EntryPoint","urlTemplate":"https:\/\/corakid.com\/en\/?s={search_term_string}"},"query-input":{"@type":"PropertyValueSpecification","valueRequired":true,"valueName":"search_term_string"}}],"inLanguage":"en-GB"},{"@type":"Organization","@id":"https:\/\/corakid.com\/en\/#organization","name":"CoRaKiD","url":"https:\/\/corakid.com\/en\/","logo":{"@type":"ImageObject","inLanguage":"en-GB","@id":"https:\/\/corakid.com\/en\/#\/schema\/logo\/image\/","url":"https:\/\/corakid.com\/wp-content\/uploads\/2019\/10\/logo5.png","contentUrl":"https:\/\/corakid.com\/wp-content\/uploads\/2019\/10\/logo5.png","width":652,"height":247,"caption":"CoRaKiD"},"image":{"@id":"https:\/\/corakid.com\/en\/#\/schema\/logo\/image\/"}}]}},"_links":{"self":[{"href":"https:\/\/corakid.com\/en\/wp-json\/wp\/v2\/pages\/495","targetHints":{"allow":["GET"]}}],"collection":[{"href":"https:\/\/corakid.com\/en\/wp-json\/wp\/v2\/pages"}],"about":[{"href":"https:\/\/corakid.com\/en\/wp-json\/wp\/v2\/types\/page"}],"author":[{"embeddable":true,"href":"https:\/\/corakid.com\/en\/wp-json\/wp\/v2\/users\/1"}],"replies":[{"embeddable":true,"href":"https:\/\/corakid.com\/en\/wp-json\/wp\/v2\/comments?post=495"}],"version-history":[{"count":12,"href":"https:\/\/corakid.com\/en\/wp-json\/wp\/v2\/pages\/495\/revisions"}],"predecessor-version":[{"id":2517,"href":"https:\/\/corakid.com\/en\/wp-json\/wp\/v2\/pages\/495\/revisions\/2517"}],"up":[{"embeddable":true,"href":"https:\/\/corakid.com\/en\/wp-json\/wp\/v2\/pages\/67"}],"wp:attachment":[{"href":"https:\/\/corakid.com\/en\/wp-json\/wp\/v2\/media?parent=495"}],"curies":[{"name":"wp","href":"https:\/\/api.w.org\/{rel}","templated":true}]}}