{"id":5,"date":"2019-09-09T09:49:32","date_gmt":"2019-09-09T09:49:32","guid":{"rendered":"http:\/\/corakid.com\/?page_id=5"},"modified":"2025-05-23T09:02:38","modified_gmt":"2025-05-23T09:02:38","slug":"theme-1","status":"publish","type":"page","link":"https:\/\/corakid.com\/en\/research\/theme-1\/","title":{"rendered":"Group 1 : Genetics of inherited and acquired rare renal diseases"},"content":{"rendered":"<h3>Group 1 : Genetics of inherited and acquired rare renal diseases<\/h3>\t\t\n\t\t<p><\/p>\n<p><strong>Group leaders<\/strong> : B Lelongt (DR), H Debiec (DR), R Piedagnel (CR), L Mesnard (PU-PH), E Plaisier (PU-PH), P Ronco (PU-PH), G Perry (MCU), Y Luque (MCU-PH)<\/p>\n<p><\/p>\n<p><\/p>\n<p class=\"is-layout-flex wp-container-core-columns-is-layout-28f84493 wp-block-columns-is-layout-flex\"><\/p><p>Over the past two decades, we identified novel rare renal diseases as well as new mechanisms of disease. Illustrative examples of our discoveries are: 1) the anti-NEP-induced membranous nephropathy which laid the ground for the identification of other antigens responsible for the adult form of the disease, and 2) the HANAC syndrome. We demonstrated that the underlying mechanisms are not confined to the effect of some rare gene mutations on the renal function, but that they can apply to systemic or other organ disorders as well. We plan to pursue our studies by an in-depth investigation of membranous nephropathy and allograft rejection (as models of distorted immunity), collagen IV-related disorders and polycystic kidney disease (as models of basement membrane and cilium diseases) from the gene variants involved to the pathophysiology and the bedside. Our ultimate objectives are to identify new biomarkers of disease and novel (use of) drugs which could be rapidly translated in patient\u2019s care.<\/p><h5 contenteditable=\"true\" data-elementor-setting-key=\"title\" data-pen-placeholder=\"\u00c9crivez ici...\">ALLOGENOMICS : une m\u00e9thode innovante pour identifier les mismatchs entre donneur et receveur (L Mesnard)\u200b<\/h5>\n<p>We have recently developed a computational method called \"allogenomics\", which compares donor and recipient genomes after renal transplantation (Mesnard et al, Plos Comp Biol, 2016). This method uses genotype information obtained from candidate DNA donor and recipient samples to calculate a personalized computational score predictive of chronic graft loss for each transplant pair (AMS, Allogenomics Mismatch Score)<\/p>\n<p><a href=\"http:\/\/allogenomics.com\/\" target=\"_blank\" rel=\"noreferrer noopener\" aria-label=\"Site Web (s\u2019ouvre dans un nouvel onglet)\"><strong>Web Site<\/strong><\/a><\/p>","protected":false},"excerpt":{"rendered":"<p>Groupe 1 : G\u00e9n\u00e9tique des maladies rares h\u00e9r\u00e9ditaires et acquises Group leaders : B Lelongt (DR), H Debiec (DR), R Piedagnel (CR), L Mesnard (PU-PH), E Plaisier (PU-PH), P Ronco (PU-PH), G Perry (MCU), Y Luque (MCU-PH) Au cours des deux derni\u00e8res d\u00e9cennies, nous avons identifi\u00e9 de nouvelles maladies r\u00e9nales rares ainsi que de nouveaux [&hellip;]<\/p>\n","protected":false},"author":1,"featured_media":0,"parent":25,"menu_order":0,"comment_status":"closed","ping_status":"closed","template":"elementor_theme","meta":{"_cbd_carousel_blocks":"[]","footnotes":""},"class_list":["post-5","page","type-page","status-publish","hentry"],"yoast_head":"<!-- This site is optimized with the Yoast SEO plugin v27.4 - https:\/\/yoast.com\/product\/yoast-seo-wordpress\/ -->\n<title>Groupe 1 : G\u00e9n\u00e9tique des maladies rares h\u00e9r\u00e9ditaires et acquises - CoRaKiD<\/title>\n<meta name=\"robots\" content=\"index, follow, max-snippet:-1, max-image-preview:large, max-video-preview:-1\" \/>\n<link rel=\"canonical\" href=\"https:\/\/corakid.com\/en\/research\/theme-1\/\" \/>\n<meta property=\"og:locale\" content=\"en_GB\" \/>\n<meta property=\"og:type\" content=\"article\" \/>\n<meta property=\"og:title\" content=\"Groupe 1 : G\u00e9n\u00e9tique des maladies rares h\u00e9r\u00e9ditaires et acquises - CoRaKiD\" \/>\n<meta property=\"og:description\" content=\"Groupe 1 : G\u00e9n\u00e9tique des maladies rares h\u00e9r\u00e9ditaires et acquises Group leaders : B Lelongt (DR), H Debiec (DR), R Piedagnel (CR), L Mesnard (PU-PH), E Plaisier (PU-PH), P Ronco (PU-PH), G Perry (MCU), Y Luque (MCU-PH) Au cours des deux derni\u00e8res d\u00e9cennies, nous avons identifi\u00e9 de nouvelles maladies r\u00e9nales rares ainsi que de nouveaux [&hellip;]\" \/>\n<meta property=\"og:url\" content=\"https:\/\/corakid.com\/en\/research\/theme-1\/\" \/>\n<meta property=\"og:site_name\" content=\"CoRaKiD\" \/>\n<meta property=\"article:modified_time\" content=\"2025-05-23T09:02:38+00:00\" \/>\n<meta name=\"twitter:card\" content=\"summary_large_image\" \/>\n<meta name=\"twitter:label1\" content=\"Estimated reading time\" \/>\n\t<meta name=\"twitter:data1\" content=\"2 minutes\" \/>\n<script type=\"application\/ld+json\" class=\"yoast-schema-graph\">{\"@context\":\"https:\\\/\\\/schema.org\",\"@graph\":[{\"@type\":\"WebPage\",\"@id\":\"https:\\\/\\\/corakid.com\\\/research\\\/theme-1\\\/\",\"url\":\"https:\\\/\\\/corakid.com\\\/research\\\/theme-1\\\/\",\"name\":\"Groupe 1 : G\u00e9n\u00e9tique des maladies rares h\u00e9r\u00e9ditaires et acquises - CoRaKiD\",\"isPartOf\":{\"@id\":\"https:\\\/\\\/corakid.com\\\/en\\\/#website\"},\"datePublished\":\"2019-09-09T09:49:32+00:00\",\"dateModified\":\"2025-05-23T09:02:38+00:00\",\"breadcrumb\":{\"@id\":\"https:\\\/\\\/corakid.com\\\/research\\\/theme-1\\\/#breadcrumb\"},\"inLanguage\":\"en-GB\",\"potentialAction\":[{\"@type\":\"ReadAction\",\"target\":[\"https:\\\/\\\/corakid.com\\\/research\\\/theme-1\\\/\"]}]},{\"@type\":\"BreadcrumbList\",\"@id\":\"https:\\\/\\\/corakid.com\\\/research\\\/theme-1\\\/#breadcrumb\",\"itemListElement\":[{\"@type\":\"ListItem\",\"position\":1,\"name\":\"Accueil\",\"item\":\"https:\\\/\\\/corakid.com\\\/\"},{\"@type\":\"ListItem\",\"position\":2,\"name\":\"Recherche\",\"item\":\"https:\\\/\\\/corakid.com\\\/research\\\/\"},{\"@type\":\"ListItem\",\"position\":3,\"name\":\"Groupe 1 : G\u00e9n\u00e9tique des maladies rares h\u00e9r\u00e9ditaires et acquises\"}]},{\"@type\":\"WebSite\",\"@id\":\"https:\\\/\\\/corakid.com\\\/en\\\/#website\",\"url\":\"https:\\\/\\\/corakid.com\\\/en\\\/\",\"name\":\"CoRaKiD\",\"description\":\"UMRS 1155 Common and Rare Kidney Diseases\",\"publisher\":{\"@id\":\"https:\\\/\\\/corakid.com\\\/en\\\/#organization\"},\"potentialAction\":[{\"@type\":\"SearchAction\",\"target\":{\"@type\":\"EntryPoint\",\"urlTemplate\":\"https:\\\/\\\/corakid.com\\\/en\\\/?s={search_term_string}\"},\"query-input\":{\"@type\":\"PropertyValueSpecification\",\"valueRequired\":true,\"valueName\":\"search_term_string\"}}],\"inLanguage\":\"en-GB\"},{\"@type\":\"Organization\",\"@id\":\"https:\\\/\\\/corakid.com\\\/en\\\/#organization\",\"name\":\"CoRaKiD\",\"url\":\"https:\\\/\\\/corakid.com\\\/en\\\/\",\"logo\":{\"@type\":\"ImageObject\",\"inLanguage\":\"en-GB\",\"@id\":\"https:\\\/\\\/corakid.com\\\/en\\\/#\\\/schema\\\/logo\\\/image\\\/\",\"url\":\"https:\\\/\\\/corakid.com\\\/wp-content\\\/uploads\\\/2019\\\/10\\\/logo5.png\",\"contentUrl\":\"https:\\\/\\\/corakid.com\\\/wp-content\\\/uploads\\\/2019\\\/10\\\/logo5.png\",\"width\":652,\"height\":247,\"caption\":\"CoRaKiD\"},\"image\":{\"@id\":\"https:\\\/\\\/corakid.com\\\/en\\\/#\\\/schema\\\/logo\\\/image\\\/\"}}]}<\/script>\n<!-- \/ Yoast SEO plugin. -->","yoast_head_json":{"title":"Groupe 1 : G\u00e9n\u00e9tique des maladies rares h\u00e9r\u00e9ditaires et acquises - CoRaKiD","robots":{"index":"index","follow":"follow","max-snippet":"max-snippet:-1","max-image-preview":"max-image-preview:large","max-video-preview":"max-video-preview:-1"},"canonical":"https:\/\/corakid.com\/en\/research\/theme-1\/","og_locale":"en_GB","og_type":"article","og_title":"Groupe 1 : G\u00e9n\u00e9tique des maladies rares h\u00e9r\u00e9ditaires et acquises - CoRaKiD","og_description":"Groupe 1 : G\u00e9n\u00e9tique des maladies rares h\u00e9r\u00e9ditaires et acquises Group leaders : B Lelongt (DR), H Debiec (DR), R Piedagnel (CR), L Mesnard (PU-PH), E Plaisier (PU-PH), P Ronco (PU-PH), G Perry (MCU), Y Luque (MCU-PH) Au cours des deux derni\u00e8res d\u00e9cennies, nous avons identifi\u00e9 de nouvelles maladies r\u00e9nales rares ainsi que de nouveaux [&hellip;]","og_url":"https:\/\/corakid.com\/en\/research\/theme-1\/","og_site_name":"CoRaKiD","article_modified_time":"2025-05-23T09:02:38+00:00","twitter_card":"summary_large_image","twitter_misc":{"Estimated reading time":"2 minutes"},"schema":{"@context":"https:\/\/schema.org","@graph":[{"@type":"WebPage","@id":"https:\/\/corakid.com\/research\/theme-1\/","url":"https:\/\/corakid.com\/research\/theme-1\/","name":"Groupe 1 : G\u00e9n\u00e9tique des maladies rares h\u00e9r\u00e9ditaires et acquises - CoRaKiD","isPartOf":{"@id":"https:\/\/corakid.com\/en\/#website"},"datePublished":"2019-09-09T09:49:32+00:00","dateModified":"2025-05-23T09:02:38+00:00","breadcrumb":{"@id":"https:\/\/corakid.com\/research\/theme-1\/#breadcrumb"},"inLanguage":"en-GB","potentialAction":[{"@type":"ReadAction","target":["https:\/\/corakid.com\/research\/theme-1\/"]}]},{"@type":"BreadcrumbList","@id":"https:\/\/corakid.com\/research\/theme-1\/#breadcrumb","itemListElement":[{"@type":"ListItem","position":1,"name":"Accueil","item":"https:\/\/corakid.com\/"},{"@type":"ListItem","position":2,"name":"Recherche","item":"https:\/\/corakid.com\/research\/"},{"@type":"ListItem","position":3,"name":"Groupe 1 : G\u00e9n\u00e9tique des maladies rares h\u00e9r\u00e9ditaires et acquises"}]},{"@type":"WebSite","@id":"https:\/\/corakid.com\/en\/#website","url":"https:\/\/corakid.com\/en\/","name":"CoRaKiD","description":"UMRS 1155 Common and Rare Kidney Diseases","publisher":{"@id":"https:\/\/corakid.com\/en\/#organization"},"potentialAction":[{"@type":"SearchAction","target":{"@type":"EntryPoint","urlTemplate":"https:\/\/corakid.com\/en\/?s={search_term_string}"},"query-input":{"@type":"PropertyValueSpecification","valueRequired":true,"valueName":"search_term_string"}}],"inLanguage":"en-GB"},{"@type":"Organization","@id":"https:\/\/corakid.com\/en\/#organization","name":"CoRaKiD","url":"https:\/\/corakid.com\/en\/","logo":{"@type":"ImageObject","inLanguage":"en-GB","@id":"https:\/\/corakid.com\/en\/#\/schema\/logo\/image\/","url":"https:\/\/corakid.com\/wp-content\/uploads\/2019\/10\/logo5.png","contentUrl":"https:\/\/corakid.com\/wp-content\/uploads\/2019\/10\/logo5.png","width":652,"height":247,"caption":"CoRaKiD"},"image":{"@id":"https:\/\/corakid.com\/en\/#\/schema\/logo\/image\/"}}]}},"_links":{"self":[{"href":"https:\/\/corakid.com\/en\/wp-json\/wp\/v2\/pages\/5","targetHints":{"allow":["GET"]}}],"collection":[{"href":"https:\/\/corakid.com\/en\/wp-json\/wp\/v2\/pages"}],"about":[{"href":"https:\/\/corakid.com\/en\/wp-json\/wp\/v2\/types\/page"}],"author":[{"embeddable":true,"href":"https:\/\/corakid.com\/en\/wp-json\/wp\/v2\/users\/1"}],"replies":[{"embeddable":true,"href":"https:\/\/corakid.com\/en\/wp-json\/wp\/v2\/comments?post=5"}],"version-history":[{"count":68,"href":"https:\/\/corakid.com\/en\/wp-json\/wp\/v2\/pages\/5\/revisions"}],"predecessor-version":[{"id":1792,"href":"https:\/\/corakid.com\/en\/wp-json\/wp\/v2\/pages\/5\/revisions\/1792"}],"up":[{"embeddable":true,"href":"https:\/\/corakid.com\/en\/wp-json\/wp\/v2\/pages\/25"}],"wp:attachment":[{"href":"https:\/\/corakid.com\/en\/wp-json\/wp\/v2\/media?parent=5"}],"curies":[{"name":"wp","href":"https:\/\/api.w.org\/{rel}","templated":true}]}}