{"id":67,"date":"2019-09-09T10:52:28","date_gmt":"2019-09-09T10:52:28","guid":{"rendered":"http:\/\/corakid.com\/?page_id=67"},"modified":"2025-06-06T09:03:57","modified_gmt":"2025-06-06T09:03:57","slug":"core-facilities","status":"publish","type":"page","link":"https:\/\/corakid.com\/en\/core-facilities\/","title":{"rendered":"Core Facilities"},"content":{"rendered":"<p>CoRaKiD veille \u00e0 ce que ses \u00e9quipes de recherche aient acc\u00e8s \u00e0 diff\u00e9rentes technologies, en organisant et en soutenant le fonctionnement de ses plateformes technologiques. Les plateformes de CoRaKiD rassemblent les ressources humaines et technologiques permettant la mise \u00e0 disposition d\u2019une offre de service compl\u00e8te, ouverte aux diff\u00e9rentes \u00e9quipes locales ou ext\u00e9rieures.<\/p>\n\n\n\n<p>Les activit\u00e9s des plateformes comprennent la mise \u00e0 disposition de mat\u00e9riels et infrastructures, apr\u00e8s formation \u00e0 l\u2019utilisation des appareils ainsi que la prestation de service avec prise en charge de tout, ou partie d\u2019un projet de recherche. Les donn\u00e9es g\u00e9n\u00e9r\u00e9es sont le fruit d\u2019un travail de conseil et de mise au point exp\u00e9rimental, effectu\u00e9 en collaboration avec l&rsquo;\u00e9quipe utilisatrice.<\/p>\n\n\n\n<div class=\"wp-block-columns is-layout-flex wp-container-core-columns-is-layout-90a4ef72 wp-block-columns-is-layout-flex\" style=\"margin-top:var(--wp--preset--spacing--10);margin-bottom:var(--wp--preset--spacing--10);padding-top:0;padding-bottom:0\">\n<div class=\"wp-block-column is-vertically-aligned-center has-background is-layout-flow wp-container-core-column-is-layout-91f98e72 wp-block-column-is-layout-flow\" style=\"background-color:#f0f0f0f0;padding-top:var(--wp--preset--spacing--40);padding-right:var(--wp--preset--spacing--10);padding-bottom:var(--wp--preset--spacing--40);padding-left:var(--wp--preset--spacing--10)\">\n<figure class=\"wp-block-image aligncenter size-full\"><a href=\"https:\/\/corakid.com\/en\/core-facilities\/exphyr\/\"><img loading=\"lazy\" decoding=\"async\" width=\"572\" height=\"255\" src=\"https:\/\/corakid.com\/wp-content\/uploads\/2025\/06\/epr.png\" alt=\"\" class=\"wp-image-2485\" srcset=\"https:\/\/corakid.com\/wp-content\/uploads\/2025\/06\/epr.png 572w, https:\/\/corakid.com\/wp-content\/uploads\/2025\/06\/epr-300x134.png 300w, https:\/\/corakid.com\/wp-content\/uploads\/2025\/06\/epr-18x8.png 18w\" sizes=\"auto, (max-width: 572px) 100vw, 572px\" \/><\/a><\/figure>\n<\/div>\n\n\n\n<div class=\"wp-block-column is-vertically-aligned-center has-background is-layout-flow wp-block-column-is-layout-flow\" style=\"background-color:#f0f0f0f0;padding-top:var(--wp--preset--spacing--10);padding-right:0;padding-bottom:var(--wp--preset--spacing--10);padding-left:0\">\n<figure class=\"wp-block-image aligncenter size-full is-resized is-style-default\"><a href=\"https:\/\/corakid.com\/en\/core-facilities\/imagerie\/\"><img loading=\"lazy\" decoding=\"async\" width=\"339\" height=\"586\" src=\"https:\/\/corakid.com\/wp-content\/uploads\/2025\/06\/imagerie.png\" alt=\"\" class=\"wp-image-2487\" style=\"width:135px;height:auto\" srcset=\"https:\/\/corakid.com\/wp-content\/uploads\/2025\/06\/imagerie.png 339w, https:\/\/corakid.com\/wp-content\/uploads\/2025\/06\/imagerie-174x300.png 174w, https:\/\/corakid.com\/wp-content\/uploads\/2025\/06\/imagerie-7x12.png 7w\" sizes=\"auto, (max-width: 339px) 100vw, 339px\" \/><\/a><\/figure>\n<\/div>\n\n\n\n<div class=\"wp-block-column is-vertically-aligned-center has-background is-layout-flow wp-block-column-is-layout-flow\" style=\"background-color:#f0f0f0f0;padding-top:var(--wp--preset--spacing--10);padding-bottom:var(--wp--preset--spacing--10)\">\n<figure class=\"wp-block-image size-full\" style=\"margin-top:0;margin-right:0;margin-bottom:0;margin-left:0\"><a href=\"https:\/\/corakid.com\/en\/core-facilities\/histologie-et-microdissection-2\/\"><img loading=\"lazy\" decoding=\"async\" width=\"366\" height=\"272\" src=\"https:\/\/corakid.com\/wp-content\/uploads\/2025\/06\/histo.png\" alt=\"\" class=\"wp-image-2488\" srcset=\"https:\/\/corakid.com\/wp-content\/uploads\/2025\/06\/histo.png 366w, https:\/\/corakid.com\/wp-content\/uploads\/2025\/06\/histo-300x223.png 300w, https:\/\/corakid.com\/wp-content\/uploads\/2025\/06\/histo-16x12.png 16w\" sizes=\"auto, (max-width: 366px) 100vw, 366px\" \/><\/a><\/figure>\n<\/div>\n\n\n\n<div class=\"wp-block-column is-vertically-aligned-center has-background is-layout-flow wp-block-column-is-layout-flow\" style=\"background-color:#f0f0f0f0;padding-top:var(--wp--preset--spacing--10);padding-bottom:var(--wp--preset--spacing--10)\">\n<figure class=\"wp-block-image size-full\"><a href=\"https:\/\/corakid.com\/en\/core-facilities\/genomique-et-biologie-cellulaire\/\"><img loading=\"lazy\" decoding=\"async\" width=\"530\" height=\"388\" src=\"https:\/\/corakid.com\/wp-content\/uploads\/2025\/06\/biomol.png\" alt=\"\" class=\"wp-image-2486\" srcset=\"https:\/\/corakid.com\/wp-content\/uploads\/2025\/06\/biomol.png 530w, https:\/\/corakid.com\/wp-content\/uploads\/2025\/06\/biomol-300x220.png 300w, https:\/\/corakid.com\/wp-content\/uploads\/2025\/06\/biomol-16x12.png 16w\" sizes=\"auto, (max-width: 530px) 100vw, 530px\" \/><\/a><\/figure>\n<\/div>\n<\/div>\n\n\n\n<div class=\"wp-block-columns is-layout-flex wp-container-core-columns-is-layout-cf06de28 wp-block-columns-is-layout-flex\">\n<div class=\"wp-block-column is-layout-flow wp-block-column-is-layout-flow\" style=\"padding-right:var(--wp--preset--spacing--10);padding-left:var(--wp--preset--spacing--10)\">\n<h5 class=\"wp-block-heading has-text-align-center has-custom-color-2-color has-text-color has-link-color wp-elements-88d8abe55b1675497a027451b1acef01\"><strong><a href=\"https:\/\/corakid.com\/en\/core-facilities\/exphyr\/\">Explorations Physiologiques R\u00e9nales<\/a><\/strong><\/h5>\n<\/div>\n\n\n\n<div class=\"wp-block-column is-layout-flow wp-block-column-is-layout-flow\" style=\"padding-right:0;padding-left:0\">\n<h5 class=\"wp-block-heading has-text-align-center has-custom-color-2-color has-text-color has-link-color wp-elements-f4b9052ec2205b664434f9b9acadbb12\"><strong><a href=\"https:\/\/corakid.com\/en\/core-facilities\/imagerie\/\">Imaging<\/a><\/strong><\/h5>\n<\/div>\n\n\n\n<div class=\"wp-block-column is-layout-flow wp-block-column-is-layout-flow\">\n<h5 class=\"wp-block-heading has-text-align-center has-custom-color-2-color has-text-color has-link-color wp-elements-b0fd27ba9c3bed5fb79fe52a0b2679ad\"><strong><a href=\"https:\/\/corakid.com\/en\/core-facilities\/histologie-et-microdissection-2\/\">Histologie &amp; Microdissection Laser<\/a> <\/strong><\/h5>\n<\/div>\n\n\n\n<div class=\"wp-block-column is-layout-flow wp-block-column-is-layout-flow\">\n<h5 class=\"wp-block-heading has-text-align-center has-custom-color-2-color has-text-color has-link-color wp-elements-82c687843243892576f3aa5be2fab4b7\"><strong><a href=\"https:\/\/corakid.com\/en\/core-facilities\/genomique-et-biologie-cellulaire\/\">G\u00e9nomique &amp; Biologie Cellulaire<\/a> <\/strong><\/h5>\n<\/div>\n<\/div>\n\n\n\n<hr class=\"wp-block-separator aligncenter has-alpha-channel-opacity is-style-wide\" style=\"margin-top:var(--wp--preset--spacing--30);margin-bottom:var(--wp--preset--spacing--30)\"\/>\n\n\n\n<div class=\"wp-block-columns is-layout-flex wp-container-core-columns-is-layout-28f84493 wp-block-columns-is-layout-flex\">\n<div class=\"wp-block-column is-layout-flow wp-block-column-is-layout-flow\">\n<div class=\"wp-block-buttons is-content-justification-center is-layout-flex wp-container-core-buttons-is-layout-a89b3969 wp-block-buttons-is-layout-flex\">\n<div class=\"wp-block-button\"><a class=\"wp-block-button__link has-custom-color-1-background-color has-background wp-element-button\" href=\"https:\/\/corakid.com\/en\/reservations-communs\/\">R\u00e9servation des \u00e9quipements communs<\/a><\/div>\n<\/div>\n<\/div>\n\n\n\n<div class=\"wp-block-column is-layout-flow wp-block-column-is-layout-flow\">\n<div class=\"wp-block-buttons is-content-justification-center is-layout-flex wp-container-core-buttons-is-layout-a89b3969 wp-block-buttons-is-layout-flex\">\n<div class=\"wp-block-button\"><a class=\"wp-block-button__link has-custom-color-1-background-color has-background wp-element-button\" href=\"https:\/\/corakid.com\/en\/reservations-imagerie\/\">R\u00e9servation des \u00e9quipements d&rsquo;Histologie et Imagerie<\/a><\/div>\n<\/div>\n<\/div>\n<\/div>\n\n\n\n<p>Lire le <a href=\"https:\/\/corakid.com\/wp-content\/uploads\/2020\/12\/Reglement-des-Plateformes-de-CoRaKiD.pdf\" target=\"_blank\" rel=\"noopener\">R\u00e8glement des Plateformes de CoRaKiD<\/a><\/p>\n\n\n\n<p><\/p>","protected":false},"excerpt":{"rendered":"<p>CoRaKiD veille \u00e0 ce que ses \u00e9quipes de recherche aient acc\u00e8s \u00e0 diff\u00e9rentes technologies, en organisant et en soutenant le fonctionnement de ses plateformes technologiques. Les plateformes de CoRaKiD rassemblent les ressources humaines et technologiques permettant la mise \u00e0 disposition d\u2019une offre de service compl\u00e8te, ouverte aux diff\u00e9rentes \u00e9quipes locales ou ext\u00e9rieures. Les activit\u00e9s des [&hellip;]<\/p>\n","protected":false},"author":1,"featured_media":0,"parent":0,"menu_order":0,"comment_status":"closed","ping_status":"closed","template":"modele-corakid","meta":{"_cbd_carousel_blocks":"[]","footnotes":""},"class_list":["post-67","page","type-page","status-publish","hentry"],"yoast_head":"<!-- This site is optimized with the Yoast SEO plugin v27.4 - https:\/\/yoast.com\/product\/yoast-seo-wordpress\/ -->\n<title>Plateformes - CoRaKiD<\/title>\n<meta name=\"robots\" content=\"index, follow, max-snippet:-1, max-image-preview:large, max-video-preview:-1\" \/>\n<link rel=\"canonical\" href=\"https:\/\/corakid.com\/en\/core-facilities\/\" \/>\n<meta property=\"og:locale\" content=\"en_GB\" \/>\n<meta property=\"og:type\" content=\"article\" \/>\n<meta property=\"og:title\" content=\"Plateformes - CoRaKiD\" \/>\n<meta property=\"og:description\" content=\"CoRaKiD veille \u00e0 ce que ses \u00e9quipes de recherche aient acc\u00e8s \u00e0 diff\u00e9rentes technologies, en organisant et en soutenant le fonctionnement de ses plateformes technologiques. Les plateformes de CoRaKiD rassemblent les ressources humaines et technologiques permettant la mise \u00e0 disposition d\u2019une offre de service compl\u00e8te, ouverte aux diff\u00e9rentes \u00e9quipes locales ou ext\u00e9rieures. Les activit\u00e9s des [&hellip;]\" \/>\n<meta property=\"og:url\" content=\"https:\/\/corakid.com\/en\/core-facilities\/\" \/>\n<meta property=\"og:site_name\" content=\"CoRaKiD\" \/>\n<meta property=\"article:modified_time\" content=\"2025-06-06T09:03:57+00:00\" \/>\n<meta property=\"og:image\" content=\"https:\/\/corakid.com\/wp-content\/uploads\/2025\/06\/epr.png\" \/>\n\t<meta property=\"og:image:width\" content=\"572\" \/>\n\t<meta property=\"og:image:height\" content=\"255\" \/>\n\t<meta property=\"og:image:type\" content=\"image\/png\" \/>\n<meta name=\"twitter:card\" content=\"summary_large_image\" \/>\n<meta name=\"twitter:label1\" content=\"Estimated reading time\" \/>\n\t<meta name=\"twitter:data1\" content=\"2 minutes\" \/>\n<script type=\"application\/ld+json\" class=\"yoast-schema-graph\">{\"@context\":\"https:\\\/\\\/schema.org\",\"@graph\":[{\"@type\":\"WebPage\",\"@id\":\"https:\\\/\\\/corakid.com\\\/core-facilities\\\/\",\"url\":\"https:\\\/\\\/corakid.com\\\/core-facilities\\\/\",\"name\":\"Plateformes - CoRaKiD\",\"isPartOf\":{\"@id\":\"https:\\\/\\\/corakid.com\\\/en\\\/#website\"},\"primaryImageOfPage\":{\"@id\":\"https:\\\/\\\/corakid.com\\\/core-facilities\\\/#primaryimage\"},\"image\":{\"@id\":\"https:\\\/\\\/corakid.com\\\/core-facilities\\\/#primaryimage\"},\"thumbnailUrl\":\"https:\\\/\\\/corakid.com\\\/wp-content\\\/uploads\\\/2025\\\/06\\\/epr.png\",\"datePublished\":\"2019-09-09T10:52:28+00:00\",\"dateModified\":\"2025-06-06T09:03:57+00:00\",\"breadcrumb\":{\"@id\":\"https:\\\/\\\/corakid.com\\\/core-facilities\\\/#breadcrumb\"},\"inLanguage\":\"en-GB\",\"potentialAction\":[{\"@type\":\"ReadAction\",\"target\":[\"https:\\\/\\\/corakid.com\\\/core-facilities\\\/\"]}]},{\"@type\":\"ImageObject\",\"inLanguage\":\"en-GB\",\"@id\":\"https:\\\/\\\/corakid.com\\\/core-facilities\\\/#primaryimage\",\"url\":\"https:\\\/\\\/corakid.com\\\/wp-content\\\/uploads\\\/2025\\\/06\\\/epr.png\",\"contentUrl\":\"https:\\\/\\\/corakid.com\\\/wp-content\\\/uploads\\\/2025\\\/06\\\/epr.png\"},{\"@type\":\"BreadcrumbList\",\"@id\":\"https:\\\/\\\/corakid.com\\\/core-facilities\\\/#breadcrumb\",\"itemListElement\":[{\"@type\":\"ListItem\",\"position\":1,\"name\":\"Accueil\",\"item\":\"https:\\\/\\\/corakid.com\\\/\"},{\"@type\":\"ListItem\",\"position\":2,\"name\":\"Plateformes\"}]},{\"@type\":\"WebSite\",\"@id\":\"https:\\\/\\\/corakid.com\\\/en\\\/#website\",\"url\":\"https:\\\/\\\/corakid.com\\\/en\\\/\",\"name\":\"CoRaKiD\",\"description\":\"UMRS 1155 Common and Rare Kidney Diseases\",\"publisher\":{\"@id\":\"https:\\\/\\\/corakid.com\\\/en\\\/#organization\"},\"potentialAction\":[{\"@type\":\"SearchAction\",\"target\":{\"@type\":\"EntryPoint\",\"urlTemplate\":\"https:\\\/\\\/corakid.com\\\/en\\\/?s={search_term_string}\"},\"query-input\":{\"@type\":\"PropertyValueSpecification\",\"valueRequired\":true,\"valueName\":\"search_term_string\"}}],\"inLanguage\":\"en-GB\"},{\"@type\":\"Organization\",\"@id\":\"https:\\\/\\\/corakid.com\\\/en\\\/#organization\",\"name\":\"CoRaKiD\",\"url\":\"https:\\\/\\\/corakid.com\\\/en\\\/\",\"logo\":{\"@type\":\"ImageObject\",\"inLanguage\":\"en-GB\",\"@id\":\"https:\\\/\\\/corakid.com\\\/en\\\/#\\\/schema\\\/logo\\\/image\\\/\",\"url\":\"https:\\\/\\\/corakid.com\\\/wp-content\\\/uploads\\\/2019\\\/10\\\/logo5.png\",\"contentUrl\":\"https:\\\/\\\/corakid.com\\\/wp-content\\\/uploads\\\/2019\\\/10\\\/logo5.png\",\"width\":652,\"height\":247,\"caption\":\"CoRaKiD\"},\"image\":{\"@id\":\"https:\\\/\\\/corakid.com\\\/en\\\/#\\\/schema\\\/logo\\\/image\\\/\"}}]}<\/script>\n<!-- \/ Yoast SEO plugin. -->","yoast_head_json":{"title":"Plateformes - CoRaKiD","robots":{"index":"index","follow":"follow","max-snippet":"max-snippet:-1","max-image-preview":"max-image-preview:large","max-video-preview":"max-video-preview:-1"},"canonical":"https:\/\/corakid.com\/en\/core-facilities\/","og_locale":"en_GB","og_type":"article","og_title":"Plateformes - CoRaKiD","og_description":"CoRaKiD veille \u00e0 ce que ses \u00e9quipes de recherche aient acc\u00e8s \u00e0 diff\u00e9rentes technologies, en organisant et en soutenant le fonctionnement de ses plateformes technologiques. Les plateformes de CoRaKiD rassemblent les ressources humaines et technologiques permettant la mise \u00e0 disposition d\u2019une offre de service compl\u00e8te, ouverte aux diff\u00e9rentes \u00e9quipes locales ou ext\u00e9rieures. Les activit\u00e9s des [&hellip;]","og_url":"https:\/\/corakid.com\/en\/core-facilities\/","og_site_name":"CoRaKiD","article_modified_time":"2025-06-06T09:03:57+00:00","og_image":[{"width":572,"height":255,"url":"https:\/\/corakid.com\/wp-content\/uploads\/2025\/06\/epr.png","type":"image\/png"}],"twitter_card":"summary_large_image","twitter_misc":{"Estimated reading time":"2 minutes"},"schema":{"@context":"https:\/\/schema.org","@graph":[{"@type":"WebPage","@id":"https:\/\/corakid.com\/core-facilities\/","url":"https:\/\/corakid.com\/core-facilities\/","name":"Plateformes - CoRaKiD","isPartOf":{"@id":"https:\/\/corakid.com\/en\/#website"},"primaryImageOfPage":{"@id":"https:\/\/corakid.com\/core-facilities\/#primaryimage"},"image":{"@id":"https:\/\/corakid.com\/core-facilities\/#primaryimage"},"thumbnailUrl":"https:\/\/corakid.com\/wp-content\/uploads\/2025\/06\/epr.png","datePublished":"2019-09-09T10:52:28+00:00","dateModified":"2025-06-06T09:03:57+00:00","breadcrumb":{"@id":"https:\/\/corakid.com\/core-facilities\/#breadcrumb"},"inLanguage":"en-GB","potentialAction":[{"@type":"ReadAction","target":["https:\/\/corakid.com\/core-facilities\/"]}]},{"@type":"ImageObject","inLanguage":"en-GB","@id":"https:\/\/corakid.com\/core-facilities\/#primaryimage","url":"https:\/\/corakid.com\/wp-content\/uploads\/2025\/06\/epr.png","contentUrl":"https:\/\/corakid.com\/wp-content\/uploads\/2025\/06\/epr.png"},{"@type":"BreadcrumbList","@id":"https:\/\/corakid.com\/core-facilities\/#breadcrumb","itemListElement":[{"@type":"ListItem","position":1,"name":"Accueil","item":"https:\/\/corakid.com\/"},{"@type":"ListItem","position":2,"name":"Plateformes"}]},{"@type":"WebSite","@id":"https:\/\/corakid.com\/en\/#website","url":"https:\/\/corakid.com\/en\/","name":"CoRaKiD","description":"UMRS 1155 Common and Rare Kidney Diseases","publisher":{"@id":"https:\/\/corakid.com\/en\/#organization"},"potentialAction":[{"@type":"SearchAction","target":{"@type":"EntryPoint","urlTemplate":"https:\/\/corakid.com\/en\/?s={search_term_string}"},"query-input":{"@type":"PropertyValueSpecification","valueRequired":true,"valueName":"search_term_string"}}],"inLanguage":"en-GB"},{"@type":"Organization","@id":"https:\/\/corakid.com\/en\/#organization","name":"CoRaKiD","url":"https:\/\/corakid.com\/en\/","logo":{"@type":"ImageObject","inLanguage":"en-GB","@id":"https:\/\/corakid.com\/en\/#\/schema\/logo\/image\/","url":"https:\/\/corakid.com\/wp-content\/uploads\/2019\/10\/logo5.png","contentUrl":"https:\/\/corakid.com\/wp-content\/uploads\/2019\/10\/logo5.png","width":652,"height":247,"caption":"CoRaKiD"},"image":{"@id":"https:\/\/corakid.com\/en\/#\/schema\/logo\/image\/"}}]}},"_links":{"self":[{"href":"https:\/\/corakid.com\/en\/wp-json\/wp\/v2\/pages\/67","targetHints":{"allow":["GET"]}}],"collection":[{"href":"https:\/\/corakid.com\/en\/wp-json\/wp\/v2\/pages"}],"about":[{"href":"https:\/\/corakid.com\/en\/wp-json\/wp\/v2\/types\/page"}],"author":[{"embeddable":true,"href":"https:\/\/corakid.com\/en\/wp-json\/wp\/v2\/users\/1"}],"replies":[{"embeddable":true,"href":"https:\/\/corakid.com\/en\/wp-json\/wp\/v2\/comments?post=67"}],"version-history":[{"count":37,"href":"https:\/\/corakid.com\/en\/wp-json\/wp\/v2\/pages\/67\/revisions"}],"predecessor-version":[{"id":2499,"href":"https:\/\/corakid.com\/en\/wp-json\/wp\/v2\/pages\/67\/revisions\/2499"}],"wp:attachment":[{"href":"https:\/\/corakid.com\/en\/wp-json\/wp\/v2\/media?parent=67"}],"curies":[{"name":"wp","href":"https:\/\/api.w.org\/{rel}","templated":true}]}}