{"id":7,"date":"2019-09-09T09:54:24","date_gmt":"2019-09-09T09:54:24","guid":{"rendered":"http:\/\/corakid.com\/?page_id=7"},"modified":"2025-05-23T09:03:16","modified_gmt":"2025-05-23T09:03:16","slug":"theme-2","status":"publish","type":"page","link":"https:\/\/corakid.com\/en\/research\/theme-2\/","title":{"rendered":"Groupe 2 : M\u00e9canismes de l&rsquo;insuffisance r\u00e9nale aig\u00fce et r\u00e9paration"},"content":{"rendered":"<h3>Groupe 2 : M\u00e9canismes de l&rsquo;insuffisance r\u00e9nale aig\u00fce et r\u00e9paration<\/h3>\n<h5>Vue d&rsquo;ensemble<\/h5>\n<p id=\"tw-target-text\" dir=\"ltr\" data-placeholder=\"Traduction\">Ces derni\u00e8res ann\u00e9es, d&rsquo;importantes preuves exp\u00e9rimentales et \u00e9pid\u00e9miologiques se sont accumul\u00e9es montrant un lien entre l&rsquo;insuffisance r\u00e9nale aig\u00fce (IRA) et la maladie r\u00e9nale chronique (MRC). Une augmentation de 9 fois de la survenue de la MRC et une augmentation de 3 fois de celle de l&rsquo;insuffisance r\u00e9nale terminale ont \u00e9t\u00e9 r\u00e9cemment d\u00e9montr\u00e9es chez des patients atteints d&rsquo;IRA, et le risque de MRC \u00e9tait corr\u00e9l\u00e9 \u00e0 la gravit\u00e9 de l&rsquo;\u00e9pisode aigu. Les projets du Groupe 2 visent \u00e0 d\u00e9crypter les m\u00e9canismes favorisant l&rsquo;IRA et \u00e0 d\u00e9finir comment une r\u00e9paration efficace peut \u00eatre r\u00e9alis\u00e9e.<\/p>\n<p dir=\"ltr\" data-placeholder=\"Traduction\">Cette \u00e9quipe est compos\u00e9e de deux groupes :<\/p>\n<h5><a href=\"https:\/\/corakid.com\/en\/research\/theme-2\/mecanismes-de-reparation-renale\/\">Mecanisms of Renal Repair <\/a><\/h5>\n<p><b>Group Leaders :&nbsp; <\/b>Dr Pierre Galichon (MD PhD) and Dr Juliette Hadchouel (PhD)<b><br \/>\n<\/b><\/p>\n<p><b>Members : <\/b>Pr. David Buob (MD PhD), Dr Laurence Perroni (MD), Dr Chlo\u00e9 Samson (Post-doctoral fellow), Cyril Mousseaux (PhD student), Micka\u00ebl Bobot (PhD student), Sarah Drouin (PhD Student), Justine Serre (PhD student), Tiffany Migeon (Research Engineer), Brigitte Surin (Research Engineer)<\/p>\n<h5><a href=\"https:\/\/corakid.com\/en\/research\/theme-2\/artificial-kidney-induced-kidney-injury-akiki-2\/\">Artificial Kidney-Induced Kidney Injury (AKIKI)<\/a><\/h5>\n<p><b>Group <\/b><b>Leader:&nbsp; <\/b>Prof. St\u00e9phane Gaudry (Md PhD)<\/p>\n<p><b>Members: <\/b>Prof. Didier Dreyfuss (MD PhD), Khalil Chaibi (PhD student), Sandrine Placier (Research Engineer)<\/p>","protected":false},"excerpt":{"rendered":"<p>Groupe 2 : M\u00e9canismes de l&rsquo;insuffisance r\u00e9nale aig\u00fce et r\u00e9paration Vue d&rsquo;ensemble Ces derni\u00e8res ann\u00e9es, d&rsquo;importantes preuves exp\u00e9rimentales et \u00e9pid\u00e9miologiques se sont accumul\u00e9es montrant un lien entre l&rsquo;insuffisance r\u00e9nale aig\u00fce (IRA) et la maladie r\u00e9nale chronique (MRC). Une augmentation de 9 fois de la survenue de la MRC et une augmentation de 3 fois de [&hellip;]<\/p>\n","protected":false},"author":1,"featured_media":0,"parent":25,"menu_order":0,"comment_status":"closed","ping_status":"closed","template":"elementor_theme","meta":{"_cbd_carousel_blocks":"[]","footnotes":""},"class_list":["post-7","page","type-page","status-publish","hentry"],"yoast_head":"<!-- This site is optimized with the Yoast SEO plugin v27.5 - https:\/\/yoast.com\/product\/yoast-seo-wordpress\/ -->\n<title>Groupe 2 : M\u00e9canismes de l&#039;insuffisance r\u00e9nale aig\u00fce et r\u00e9paration - CoRaKiD<\/title>\n<meta name=\"description\" content=\"Ces derni\u00e8res ann\u00e9es, d\u2019importantes preuves exp\u00e9rimentales et \u00e9pid\u00e9miologiques se sont accumul\u00e9es montrant un lien entre l\u2019insuffisance r\u00e9nale aig\u00fce (IRA) et la maladie r\u00e9nale chronique (MRC). Une augmentation de 9 fois de la survenue de la MRC et une augmentation de 3 fois de celle de l\u2019insuffisance r\u00e9nale terminale ont \u00e9t\u00e9 r\u00e9cemment d\u00e9montr\u00e9es chez des patients atteints d\u2019IRA, et le risque de MRC \u00e9tait corr\u00e9l\u00e9 \u00e0 la gravit\u00e9 de l\u2019\u00e9pisode aigu. Les projets du Groupe 2 visent \u00e0 d\u00e9crypter les m\u00e9canismes favorisant l\u2019IRA et \u00e0 d\u00e9finir comment une r\u00e9paration efficace peut \u00eatre r\u00e9alis\u00e9e.\" \/>\n<meta name=\"robots\" content=\"index, follow, max-snippet:-1, max-image-preview:large, max-video-preview:-1\" \/>\n<link rel=\"canonical\" href=\"https:\/\/corakid.com\/en\/research\/theme-2\/\" \/>\n<meta property=\"og:locale\" content=\"en_GB\" \/>\n<meta property=\"og:type\" content=\"article\" \/>\n<meta property=\"og:title\" content=\"Groupe 2 : M\u00e9canismes de l&#039;insuffisance r\u00e9nale aig\u00fce et r\u00e9paration - CoRaKiD\" \/>\n<meta property=\"og:description\" content=\"Ces derni\u00e8res ann\u00e9es, d\u2019importantes preuves exp\u00e9rimentales et \u00e9pid\u00e9miologiques se sont accumul\u00e9es montrant un lien entre l\u2019insuffisance r\u00e9nale aig\u00fce (IRA) et la maladie r\u00e9nale chronique (MRC). Une augmentation de 9 fois de la survenue de la MRC et une augmentation de 3 fois de celle de l\u2019insuffisance r\u00e9nale terminale ont \u00e9t\u00e9 r\u00e9cemment d\u00e9montr\u00e9es chez des patients atteints d\u2019IRA, et le risque de MRC \u00e9tait corr\u00e9l\u00e9 \u00e0 la gravit\u00e9 de l\u2019\u00e9pisode aigu. Les projets du Groupe 2 visent \u00e0 d\u00e9crypter les m\u00e9canismes favorisant l\u2019IRA et \u00e0 d\u00e9finir comment une r\u00e9paration efficace peut \u00eatre r\u00e9alis\u00e9e.\" \/>\n<meta property=\"og:url\" content=\"https:\/\/corakid.com\/en\/research\/theme-2\/\" \/>\n<meta property=\"og:site_name\" content=\"CoRaKiD\" \/>\n<meta property=\"article:modified_time\" content=\"2025-05-23T09:03:16+00:00\" \/>\n<meta name=\"twitter:card\" content=\"summary_large_image\" \/>\n<meta name=\"twitter:label1\" content=\"Estimated reading time\" \/>\n\t<meta name=\"twitter:data1\" content=\"1 minute\" \/>\n<script type=\"application\/ld+json\" class=\"yoast-schema-graph\">{\"@context\":\"https:\\\/\\\/schema.org\",\"@graph\":[{\"@type\":\"WebPage\",\"@id\":\"https:\\\/\\\/corakid.com\\\/research\\\/theme-2\\\/\",\"url\":\"https:\\\/\\\/corakid.com\\\/research\\\/theme-2\\\/\",\"name\":\"Groupe 2 : M\u00e9canismes de l'insuffisance r\u00e9nale aig\u00fce et r\u00e9paration - CoRaKiD\",\"isPartOf\":{\"@id\":\"https:\\\/\\\/corakid.com\\\/en\\\/#website\"},\"datePublished\":\"2019-09-09T09:54:24+00:00\",\"dateModified\":\"2025-05-23T09:03:16+00:00\",\"description\":\"Ces derni\u00e8res ann\u00e9es, d\u2019importantes preuves exp\u00e9rimentales et \u00e9pid\u00e9miologiques se sont accumul\u00e9es montrant un lien entre l\u2019insuffisance r\u00e9nale aig\u00fce (IRA) et la maladie r\u00e9nale chronique (MRC). Une augmentation de 9 fois de la survenue de la MRC et une augmentation de 3 fois de celle de l\u2019insuffisance r\u00e9nale terminale ont \u00e9t\u00e9 r\u00e9cemment d\u00e9montr\u00e9es chez des patients atteints d\u2019IRA, et le risque de MRC \u00e9tait corr\u00e9l\u00e9 \u00e0 la gravit\u00e9 de l\u2019\u00e9pisode aigu. Les projets du Groupe 2 visent \u00e0 d\u00e9crypter les m\u00e9canismes favorisant l\u2019IRA et \u00e0 d\u00e9finir comment une r\u00e9paration efficace peut \u00eatre r\u00e9alis\u00e9e.\",\"breadcrumb\":{\"@id\":\"https:\\\/\\\/corakid.com\\\/research\\\/theme-2\\\/#breadcrumb\"},\"inLanguage\":\"en-GB\",\"potentialAction\":[{\"@type\":\"ReadAction\",\"target\":[\"https:\\\/\\\/corakid.com\\\/research\\\/theme-2\\\/\"]}]},{\"@type\":\"BreadcrumbList\",\"@id\":\"https:\\\/\\\/corakid.com\\\/research\\\/theme-2\\\/#breadcrumb\",\"itemListElement\":[{\"@type\":\"ListItem\",\"position\":1,\"name\":\"Accueil\",\"item\":\"https:\\\/\\\/corakid.com\\\/\"},{\"@type\":\"ListItem\",\"position\":2,\"name\":\"Recherche\",\"item\":\"https:\\\/\\\/corakid.com\\\/research\\\/\"},{\"@type\":\"ListItem\",\"position\":3,\"name\":\"Groupe 2 : M\u00e9canismes de l&rsquo;insuffisance r\u00e9nale aig\u00fce et r\u00e9paration\"}]},{\"@type\":\"WebSite\",\"@id\":\"https:\\\/\\\/corakid.com\\\/en\\\/#website\",\"url\":\"https:\\\/\\\/corakid.com\\\/en\\\/\",\"name\":\"CoRaKiD\",\"description\":\"UMRS 1155 Common and Rare Kidney Diseases\",\"publisher\":{\"@id\":\"https:\\\/\\\/corakid.com\\\/en\\\/#organization\"},\"potentialAction\":[{\"@type\":\"SearchAction\",\"target\":{\"@type\":\"EntryPoint\",\"urlTemplate\":\"https:\\\/\\\/corakid.com\\\/en\\\/?s={search_term_string}\"},\"query-input\":{\"@type\":\"PropertyValueSpecification\",\"valueRequired\":true,\"valueName\":\"search_term_string\"}}],\"inLanguage\":\"en-GB\"},{\"@type\":\"Organization\",\"@id\":\"https:\\\/\\\/corakid.com\\\/en\\\/#organization\",\"name\":\"CoRaKiD\",\"url\":\"https:\\\/\\\/corakid.com\\\/en\\\/\",\"logo\":{\"@type\":\"ImageObject\",\"inLanguage\":\"en-GB\",\"@id\":\"https:\\\/\\\/corakid.com\\\/en\\\/#\\\/schema\\\/logo\\\/image\\\/\",\"url\":\"https:\\\/\\\/corakid.com\\\/wp-content\\\/uploads\\\/2019\\\/10\\\/logo5.png\",\"contentUrl\":\"https:\\\/\\\/corakid.com\\\/wp-content\\\/uploads\\\/2019\\\/10\\\/logo5.png\",\"width\":652,\"height\":247,\"caption\":\"CoRaKiD\"},\"image\":{\"@id\":\"https:\\\/\\\/corakid.com\\\/en\\\/#\\\/schema\\\/logo\\\/image\\\/\"}}]}<\/script>\n<!-- \/ Yoast SEO plugin. -->","yoast_head_json":{"title":"Groupe 2 : M\u00e9canismes de l'insuffisance r\u00e9nale aig\u00fce et r\u00e9paration - CoRaKiD","description":"Ces derni\u00e8res ann\u00e9es, d\u2019importantes preuves exp\u00e9rimentales et \u00e9pid\u00e9miologiques se sont accumul\u00e9es montrant un lien entre l\u2019insuffisance r\u00e9nale aig\u00fce (IRA) et la maladie r\u00e9nale chronique (MRC). Une augmentation de 9 fois de la survenue de la MRC et une augmentation de 3 fois de celle de l\u2019insuffisance r\u00e9nale terminale ont \u00e9t\u00e9 r\u00e9cemment d\u00e9montr\u00e9es chez des patients atteints d\u2019IRA, et le risque de MRC \u00e9tait corr\u00e9l\u00e9 \u00e0 la gravit\u00e9 de l\u2019\u00e9pisode aigu. Les projets du Groupe 2 visent \u00e0 d\u00e9crypter les m\u00e9canismes favorisant l\u2019IRA et \u00e0 d\u00e9finir comment une r\u00e9paration efficace peut \u00eatre r\u00e9alis\u00e9e.","robots":{"index":"index","follow":"follow","max-snippet":"max-snippet:-1","max-image-preview":"max-image-preview:large","max-video-preview":"max-video-preview:-1"},"canonical":"https:\/\/corakid.com\/en\/research\/theme-2\/","og_locale":"en_GB","og_type":"article","og_title":"Groupe 2 : M\u00e9canismes de l'insuffisance r\u00e9nale aig\u00fce et r\u00e9paration - CoRaKiD","og_description":"Ces derni\u00e8res ann\u00e9es, d\u2019importantes preuves exp\u00e9rimentales et \u00e9pid\u00e9miologiques se sont accumul\u00e9es montrant un lien entre l\u2019insuffisance r\u00e9nale aig\u00fce (IRA) et la maladie r\u00e9nale chronique (MRC). Une augmentation de 9 fois de la survenue de la MRC et une augmentation de 3 fois de celle de l\u2019insuffisance r\u00e9nale terminale ont \u00e9t\u00e9 r\u00e9cemment d\u00e9montr\u00e9es chez des patients atteints d\u2019IRA, et le risque de MRC \u00e9tait corr\u00e9l\u00e9 \u00e0 la gravit\u00e9 de l\u2019\u00e9pisode aigu. Les projets du Groupe 2 visent \u00e0 d\u00e9crypter les m\u00e9canismes favorisant l\u2019IRA et \u00e0 d\u00e9finir comment une r\u00e9paration efficace peut \u00eatre r\u00e9alis\u00e9e.","og_url":"https:\/\/corakid.com\/en\/research\/theme-2\/","og_site_name":"CoRaKiD","article_modified_time":"2025-05-23T09:03:16+00:00","twitter_card":"summary_large_image","twitter_misc":{"Estimated reading time":"1 minute"},"schema":{"@context":"https:\/\/schema.org","@graph":[{"@type":"WebPage","@id":"https:\/\/corakid.com\/research\/theme-2\/","url":"https:\/\/corakid.com\/research\/theme-2\/","name":"Groupe 2 : M\u00e9canismes de l'insuffisance r\u00e9nale aig\u00fce et r\u00e9paration - CoRaKiD","isPartOf":{"@id":"https:\/\/corakid.com\/en\/#website"},"datePublished":"2019-09-09T09:54:24+00:00","dateModified":"2025-05-23T09:03:16+00:00","description":"Ces derni\u00e8res ann\u00e9es, d\u2019importantes preuves exp\u00e9rimentales et \u00e9pid\u00e9miologiques se sont accumul\u00e9es montrant un lien entre l\u2019insuffisance r\u00e9nale aig\u00fce (IRA) et la maladie r\u00e9nale chronique (MRC). Une augmentation de 9 fois de la survenue de la MRC et une augmentation de 3 fois de celle de l\u2019insuffisance r\u00e9nale terminale ont \u00e9t\u00e9 r\u00e9cemment d\u00e9montr\u00e9es chez des patients atteints d\u2019IRA, et le risque de MRC \u00e9tait corr\u00e9l\u00e9 \u00e0 la gravit\u00e9 de l\u2019\u00e9pisode aigu. Les projets du Groupe 2 visent \u00e0 d\u00e9crypter les m\u00e9canismes favorisant l\u2019IRA et \u00e0 d\u00e9finir comment une r\u00e9paration efficace peut \u00eatre r\u00e9alis\u00e9e.","breadcrumb":{"@id":"https:\/\/corakid.com\/research\/theme-2\/#breadcrumb"},"inLanguage":"en-GB","potentialAction":[{"@type":"ReadAction","target":["https:\/\/corakid.com\/research\/theme-2\/"]}]},{"@type":"BreadcrumbList","@id":"https:\/\/corakid.com\/research\/theme-2\/#breadcrumb","itemListElement":[{"@type":"ListItem","position":1,"name":"Accueil","item":"https:\/\/corakid.com\/"},{"@type":"ListItem","position":2,"name":"Recherche","item":"https:\/\/corakid.com\/research\/"},{"@type":"ListItem","position":3,"name":"Groupe 2 : M\u00e9canismes de l&rsquo;insuffisance r\u00e9nale aig\u00fce et r\u00e9paration"}]},{"@type":"WebSite","@id":"https:\/\/corakid.com\/en\/#website","url":"https:\/\/corakid.com\/en\/","name":"CoRaKiD","description":"UMRS 1155 Common and Rare Kidney Diseases","publisher":{"@id":"https:\/\/corakid.com\/en\/#organization"},"potentialAction":[{"@type":"SearchAction","target":{"@type":"EntryPoint","urlTemplate":"https:\/\/corakid.com\/en\/?s={search_term_string}"},"query-input":{"@type":"PropertyValueSpecification","valueRequired":true,"valueName":"search_term_string"}}],"inLanguage":"en-GB"},{"@type":"Organization","@id":"https:\/\/corakid.com\/en\/#organization","name":"CoRaKiD","url":"https:\/\/corakid.com\/en\/","logo":{"@type":"ImageObject","inLanguage":"en-GB","@id":"https:\/\/corakid.com\/en\/#\/schema\/logo\/image\/","url":"https:\/\/corakid.com\/wp-content\/uploads\/2019\/10\/logo5.png","contentUrl":"https:\/\/corakid.com\/wp-content\/uploads\/2019\/10\/logo5.png","width":652,"height":247,"caption":"CoRaKiD"},"image":{"@id":"https:\/\/corakid.com\/en\/#\/schema\/logo\/image\/"}}]}},"_links":{"self":[{"href":"https:\/\/corakid.com\/en\/wp-json\/wp\/v2\/pages\/7","targetHints":{"allow":["GET"]}}],"collection":[{"href":"https:\/\/corakid.com\/en\/wp-json\/wp\/v2\/pages"}],"about":[{"href":"https:\/\/corakid.com\/en\/wp-json\/wp\/v2\/types\/page"}],"author":[{"embeddable":true,"href":"https:\/\/corakid.com\/en\/wp-json\/wp\/v2\/users\/1"}],"replies":[{"embeddable":true,"href":"https:\/\/corakid.com\/en\/wp-json\/wp\/v2\/comments?post=7"}],"version-history":[{"count":74,"href":"https:\/\/corakid.com\/en\/wp-json\/wp\/v2\/pages\/7\/revisions"}],"predecessor-version":[{"id":1817,"href":"https:\/\/corakid.com\/en\/wp-json\/wp\/v2\/pages\/7\/revisions\/1817"}],"up":[{"embeddable":true,"href":"https:\/\/corakid.com\/en\/wp-json\/wp\/v2\/pages\/25"}],"wp:attachment":[{"href":"https:\/\/corakid.com\/en\/wp-json\/wp\/v2\/media?parent=7"}],"curies":[{"name":"wp","href":"https:\/\/api.w.org\/{rel}","templated":true}]}}