{"id":73,"date":"2019-09-10T09:47:46","date_gmt":"2019-09-10T09:47:46","guid":{"rendered":"http:\/\/corakid.com\/?page_id=73"},"modified":"2025-06-05T09:18:46","modified_gmt":"2025-06-05T09:18:46","slug":"unit-presentation","status":"publish","type":"page","link":"https:\/\/corakid.com\/en\/unit-presentation\/","title":{"rendered":"L\u2019UNIT\u00c9"},"content":{"rendered":"<h4 class=\"wp-block-heading has-custom-color-1-color has-text-color has-link-color has-body-font-family wp-elements-255e2ceb1ddf93689071de203d78b263\"><strong>Contexte international<\/strong><\/h4>\n\n\n\n<p>L\u2019objectif de notre unit\u00e9 est de lutter contre les maladies r\u00e9nales, un enjeu majeur de sant\u00e9 publique. Le nombre de personnes souffrant de dysfonction(s) r\u00e9nale(s) est estim\u00e9 \u00e0 1 milliard dans le monde d\u2019ici 2025, avec un taux d\u2019augmentation annuel de 7 \u00e0 9 % depuis 2000. Le d\u00e9clin progressif de la fonction r\u00e9nale conduit \u00e0 une insuffisance r\u00e9nale terminale (IRT), pour laquelle les seules solutions actuellement disponibles sont l\u2019h\u00e9modialyse ou la transplantation, avec une esp\u00e9rance de vie m\u00e9diane de 5 \u00e0 7 ans. Ainsi, l\u2019objectif principal de notre unit\u00e9 est de proposer une approche globale des m\u00e9canismes responsables de la perte de fonction r\u00e9nale et de la r\u00e9paration tissulaire alt\u00e9r\u00e9e, d\u2019identifier des biomarqueurs sp\u00e9cifiques pour un diagnostic pr\u00e9coce, et de d\u00e9velopper des traitements plus efficaces et cibl\u00e9s contre l\u2019insuffisance r\u00e9nale progressive afin d\u2019enrayer l\u2019augmentation du nombre de personnes n\u00e9cessitant une dialyse et\/ou une transplantation.<\/p>\n\n\n\n<h4 class=\"wp-block-heading has-custom-color-1-color has-text-color has-link-color has-body-font-family wp-elements-fb1cd91ecd0b550bbb1ebdb16aeb557d\"><strong>Strat\u00e9gie de Recherche<\/strong><\/h4>\n\n\n\n<p>Notre strat\u00e9gie de recherche repose sur l\u2019utilisation de m\u00e9thodologies de pointe telles que des souris g\u00e9n\u00e9tiquement modifi\u00e9es, la d\u00e9livrance cibl\u00e9e de m\u00e9dicaments sp\u00e9cifiques, ainsi que des analyses bio-informatiques et g\u00e9n\u00e9tiques. Ces approches permettent d\u2019\u00e9tudier le r\u00f4le d\u2019un g\u00e8ne candidat pr\u00e9d\u00e9fini, et\/ou d\u2019appliquer des hypoth\u00e8ses th\u00e9rapeutiques pour identifier les m\u00e9canismes et m\u00e9diateurs sous-jacents, et\/ou de corr\u00e9ler certaines mutations g\u00e9n\u00e9tiques \u00e0 des pathologies r\u00e9nales sp\u00e9cifiques.Un objectif commun aux diff\u00e9rents projets est l\u2019identification de processus cellulaires alt\u00e9r\u00e9s, de nouveaux marqueurs ou d\u2019associations g\u00e9n\u00e9tiques pr\u00e9dictives d\u2019un risque accru de maladie r\u00e9nale, et la validation de cibles th\u00e9rapeutiques exploitables dans les pathologies r\u00e9nales.<\/p>\n\n\n\n<h4 class=\"wp-block-heading has-custom-color-1-color has-text-color has-link-color has-body-font-family wp-elements-297a15a98a4b4c00e70896971ce134d8\"><strong>Organisation de l&rsquo;unit\u00e9<\/strong><\/h4>\n\n\n\n<p>L\u2019unit\u00e9 CoRaKiD est dirig\u00e9e par le Dr Christos Chatziantoniou et, depuis le 1er janvier 2024, \u00e9galement par le Dr Juliette Hadchouel. Les projets sont r\u00e9partis en 4 th\u00e9matiques, comme illustr\u00e9 dans le sch\u00e9ma ci-dessous. \u00c0 partir de janvier 2025, nous pr\u00e9voyons de structurer l\u2019unit\u00e9 en deux \u00e9quipes, dirig\u00e9es respectivement par le Pr Emmanuel Letavernier (\u00c9quipe 1) et le Dr Christos Chadjichristos. L\u2019\u00c9quipe 1 se concentrera sur la pr\u00e9vention de la progression vers la maladie r\u00e9nale chronique (MRC), tandis que l\u2019\u00c9quipe 2 sera d\u00e9di\u00e9e au traitement de la MRC.<\/p>\n\n\n\n<figure class=\"wp-block-image aligncenter size-full is-resized\"><img loading=\"lazy\" decoding=\"async\" width=\"960\" height=\"720\" src=\"https:\/\/corakid.com\/wp-content\/uploads\/2024\/03\/Diapositive2.jpg\" alt=\"\" class=\"wp-image-2106\" style=\"width:752px;height:auto\" srcset=\"https:\/\/corakid.com\/wp-content\/uploads\/2024\/03\/Diapositive2.jpg 960w, https:\/\/corakid.com\/wp-content\/uploads\/2024\/03\/Diapositive2-300x225.jpg 300w, https:\/\/corakid.com\/wp-content\/uploads\/2024\/03\/Diapositive2-768x576.jpg 768w, https:\/\/corakid.com\/wp-content\/uploads\/2024\/03\/Diapositive2-16x12.jpg 16w\" sizes=\"auto, (max-width: 960px) 100vw, 960px\" \/><\/figure>\n\n\n\n<figure class=\"wp-block-image aligncenter size-large\"><img loading=\"lazy\" decoding=\"async\" width=\"1024\" height=\"532\" src=\"https:\/\/corakid.com\/wp-content\/uploads\/2025\/05\/IMG-20240919-WA0008-1-e1747987917869-1024x532.jpg\" alt=\"\" class=\"wp-image-2333\" srcset=\"https:\/\/corakid.com\/wp-content\/uploads\/2025\/05\/IMG-20240919-WA0008-1-e1747987917869-1024x532.jpg 1024w, https:\/\/corakid.com\/wp-content\/uploads\/2025\/05\/IMG-20240919-WA0008-1-e1747987917869-300x156.jpg 300w, https:\/\/corakid.com\/wp-content\/uploads\/2025\/05\/IMG-20240919-WA0008-1-e1747987917869-768x399.jpg 768w, https:\/\/corakid.com\/wp-content\/uploads\/2025\/05\/IMG-20240919-WA0008-1-e1747987917869-1536x799.jpg 1536w, https:\/\/corakid.com\/wp-content\/uploads\/2025\/05\/IMG-20240919-WA0008-1-e1747987917869-18x9.jpg 18w, https:\/\/corakid.com\/wp-content\/uploads\/2025\/05\/IMG-20240919-WA0008-1-e1747987917869.jpg 1600w\" sizes=\"auto, (max-width: 1024px) 100vw, 1024px\" \/><\/figure>","protected":false},"excerpt":{"rendered":"<p>Contexte international L\u2019objectif de notre unit\u00e9 est de lutter contre les maladies r\u00e9nales, un enjeu majeur de sant\u00e9 publique. Le nombre de personnes souffrant de dysfonction(s) r\u00e9nale(s) est estim\u00e9 \u00e0 1 milliard dans le monde d\u2019ici 2025, avec un taux d\u2019augmentation annuel de 7 \u00e0 9 % depuis 2000. Le d\u00e9clin progressif de la fonction [&hellip;]<\/p>\n","protected":false},"author":1,"featured_media":0,"parent":0,"menu_order":0,"comment_status":"closed","ping_status":"closed","template":"modele-corakid","meta":{"_cbd_carousel_blocks":"[]","footnotes":""},"class_list":["post-73","page","type-page","status-publish","hentry"],"yoast_head":"<!-- This site is optimized with the Yoast SEO plugin v27.5 - https:\/\/yoast.com\/product\/yoast-seo-wordpress\/ -->\n<title>L\u2019UNIT\u00c9 - CoRaKiD<\/title>\n<meta name=\"robots\" content=\"index, follow, max-snippet:-1, max-image-preview:large, max-video-preview:-1\" \/>\n<link rel=\"canonical\" href=\"https:\/\/corakid.com\/en\/unit-presentation\/\" \/>\n<meta property=\"og:locale\" content=\"en_GB\" \/>\n<meta property=\"og:type\" content=\"article\" \/>\n<meta property=\"og:title\" content=\"L\u2019UNIT\u00c9 - CoRaKiD\" \/>\n<meta property=\"og:description\" content=\"Contexte international L\u2019objectif de notre unit\u00e9 est de lutter contre les maladies r\u00e9nales, un enjeu majeur de sant\u00e9 publique. Le nombre de personnes souffrant de dysfonction(s) r\u00e9nale(s) est estim\u00e9 \u00e0 1 milliard dans le monde d\u2019ici 2025, avec un taux d\u2019augmentation annuel de 7 \u00e0 9 % depuis 2000. Le d\u00e9clin progressif de la fonction [&hellip;]\" \/>\n<meta property=\"og:url\" content=\"https:\/\/corakid.com\/en\/unit-presentation\/\" \/>\n<meta property=\"og:site_name\" content=\"CoRaKiD\" \/>\n<meta property=\"article:modified_time\" content=\"2025-06-05T09:18:46+00:00\" \/>\n<meta property=\"og:image\" content=\"https:\/\/corakid.com\/wp-content\/uploads\/2024\/03\/Diapositive2.jpg\" \/>\n\t<meta property=\"og:image:width\" content=\"960\" \/>\n\t<meta property=\"og:image:height\" content=\"720\" \/>\n\t<meta property=\"og:image:type\" content=\"image\/jpeg\" \/>\n<meta name=\"twitter:card\" content=\"summary_large_image\" \/>\n<meta name=\"twitter:label1\" content=\"Estimated reading time\" \/>\n\t<meta name=\"twitter:data1\" content=\"3 minutes\" \/>\n<script type=\"application\/ld+json\" class=\"yoast-schema-graph\">{\"@context\":\"https:\\\/\\\/schema.org\",\"@graph\":[{\"@type\":\"WebPage\",\"@id\":\"https:\\\/\\\/corakid.com\\\/unit-presentation\\\/\",\"url\":\"https:\\\/\\\/corakid.com\\\/unit-presentation\\\/\",\"name\":\"L\u2019UNIT\u00c9 - CoRaKiD\",\"isPartOf\":{\"@id\":\"https:\\\/\\\/corakid.com\\\/en\\\/#website\"},\"primaryImageOfPage\":{\"@id\":\"https:\\\/\\\/corakid.com\\\/unit-presentation\\\/#primaryimage\"},\"image\":{\"@id\":\"https:\\\/\\\/corakid.com\\\/unit-presentation\\\/#primaryimage\"},\"thumbnailUrl\":\"https:\\\/\\\/corakid.com\\\/wp-content\\\/uploads\\\/2024\\\/03\\\/Diapositive2.jpg\",\"datePublished\":\"2019-09-10T09:47:46+00:00\",\"dateModified\":\"2025-06-05T09:18:46+00:00\",\"breadcrumb\":{\"@id\":\"https:\\\/\\\/corakid.com\\\/unit-presentation\\\/#breadcrumb\"},\"inLanguage\":\"en-GB\",\"potentialAction\":[{\"@type\":\"ReadAction\",\"target\":[\"https:\\\/\\\/corakid.com\\\/unit-presentation\\\/\"]}]},{\"@type\":\"ImageObject\",\"inLanguage\":\"en-GB\",\"@id\":\"https:\\\/\\\/corakid.com\\\/unit-presentation\\\/#primaryimage\",\"url\":\"https:\\\/\\\/corakid.com\\\/wp-content\\\/uploads\\\/2024\\\/03\\\/Diapositive2.jpg\",\"contentUrl\":\"https:\\\/\\\/corakid.com\\\/wp-content\\\/uploads\\\/2024\\\/03\\\/Diapositive2.jpg\"},{\"@type\":\"BreadcrumbList\",\"@id\":\"https:\\\/\\\/corakid.com\\\/unit-presentation\\\/#breadcrumb\",\"itemListElement\":[{\"@type\":\"ListItem\",\"position\":1,\"name\":\"Accueil\",\"item\":\"https:\\\/\\\/corakid.com\\\/\"},{\"@type\":\"ListItem\",\"position\":2,\"name\":\"L\u2019UNIT\u00c9\"}]},{\"@type\":\"WebSite\",\"@id\":\"https:\\\/\\\/corakid.com\\\/en\\\/#website\",\"url\":\"https:\\\/\\\/corakid.com\\\/en\\\/\",\"name\":\"CoRaKiD\",\"description\":\"UMRS 1155 Common and Rare Kidney Diseases\",\"publisher\":{\"@id\":\"https:\\\/\\\/corakid.com\\\/en\\\/#organization\"},\"potentialAction\":[{\"@type\":\"SearchAction\",\"target\":{\"@type\":\"EntryPoint\",\"urlTemplate\":\"https:\\\/\\\/corakid.com\\\/en\\\/?s={search_term_string}\"},\"query-input\":{\"@type\":\"PropertyValueSpecification\",\"valueRequired\":true,\"valueName\":\"search_term_string\"}}],\"inLanguage\":\"en-GB\"},{\"@type\":\"Organization\",\"@id\":\"https:\\\/\\\/corakid.com\\\/en\\\/#organization\",\"name\":\"CoRaKiD\",\"url\":\"https:\\\/\\\/corakid.com\\\/en\\\/\",\"logo\":{\"@type\":\"ImageObject\",\"inLanguage\":\"en-GB\",\"@id\":\"https:\\\/\\\/corakid.com\\\/en\\\/#\\\/schema\\\/logo\\\/image\\\/\",\"url\":\"https:\\\/\\\/corakid.com\\\/wp-content\\\/uploads\\\/2019\\\/10\\\/logo5.png\",\"contentUrl\":\"https:\\\/\\\/corakid.com\\\/wp-content\\\/uploads\\\/2019\\\/10\\\/logo5.png\",\"width\":652,\"height\":247,\"caption\":\"CoRaKiD\"},\"image\":{\"@id\":\"https:\\\/\\\/corakid.com\\\/en\\\/#\\\/schema\\\/logo\\\/image\\\/\"}}]}<\/script>\n<!-- \/ Yoast SEO plugin. -->","yoast_head_json":{"title":"L\u2019UNIT\u00c9 - CoRaKiD","robots":{"index":"index","follow":"follow","max-snippet":"max-snippet:-1","max-image-preview":"max-image-preview:large","max-video-preview":"max-video-preview:-1"},"canonical":"https:\/\/corakid.com\/en\/unit-presentation\/","og_locale":"en_GB","og_type":"article","og_title":"L\u2019UNIT\u00c9 - CoRaKiD","og_description":"Contexte international L\u2019objectif de notre unit\u00e9 est de lutter contre les maladies r\u00e9nales, un enjeu majeur de sant\u00e9 publique. Le nombre de personnes souffrant de dysfonction(s) r\u00e9nale(s) est estim\u00e9 \u00e0 1 milliard dans le monde d\u2019ici 2025, avec un taux d\u2019augmentation annuel de 7 \u00e0 9 % depuis 2000. Le d\u00e9clin progressif de la fonction [&hellip;]","og_url":"https:\/\/corakid.com\/en\/unit-presentation\/","og_site_name":"CoRaKiD","article_modified_time":"2025-06-05T09:18:46+00:00","og_image":[{"width":960,"height":720,"url":"https:\/\/corakid.com\/wp-content\/uploads\/2024\/03\/Diapositive2.jpg","type":"image\/jpeg"}],"twitter_card":"summary_large_image","twitter_misc":{"Estimated reading time":"3 minutes"},"schema":{"@context":"https:\/\/schema.org","@graph":[{"@type":"WebPage","@id":"https:\/\/corakid.com\/unit-presentation\/","url":"https:\/\/corakid.com\/unit-presentation\/","name":"L\u2019UNIT\u00c9 - CoRaKiD","isPartOf":{"@id":"https:\/\/corakid.com\/en\/#website"},"primaryImageOfPage":{"@id":"https:\/\/corakid.com\/unit-presentation\/#primaryimage"},"image":{"@id":"https:\/\/corakid.com\/unit-presentation\/#primaryimage"},"thumbnailUrl":"https:\/\/corakid.com\/wp-content\/uploads\/2024\/03\/Diapositive2.jpg","datePublished":"2019-09-10T09:47:46+00:00","dateModified":"2025-06-05T09:18:46+00:00","breadcrumb":{"@id":"https:\/\/corakid.com\/unit-presentation\/#breadcrumb"},"inLanguage":"en-GB","potentialAction":[{"@type":"ReadAction","target":["https:\/\/corakid.com\/unit-presentation\/"]}]},{"@type":"ImageObject","inLanguage":"en-GB","@id":"https:\/\/corakid.com\/unit-presentation\/#primaryimage","url":"https:\/\/corakid.com\/wp-content\/uploads\/2024\/03\/Diapositive2.jpg","contentUrl":"https:\/\/corakid.com\/wp-content\/uploads\/2024\/03\/Diapositive2.jpg"},{"@type":"BreadcrumbList","@id":"https:\/\/corakid.com\/unit-presentation\/#breadcrumb","itemListElement":[{"@type":"ListItem","position":1,"name":"Accueil","item":"https:\/\/corakid.com\/"},{"@type":"ListItem","position":2,"name":"L\u2019UNIT\u00c9"}]},{"@type":"WebSite","@id":"https:\/\/corakid.com\/en\/#website","url":"https:\/\/corakid.com\/en\/","name":"CoRaKiD","description":"UMRS 1155 Common and Rare Kidney Diseases","publisher":{"@id":"https:\/\/corakid.com\/en\/#organization"},"potentialAction":[{"@type":"SearchAction","target":{"@type":"EntryPoint","urlTemplate":"https:\/\/corakid.com\/en\/?s={search_term_string}"},"query-input":{"@type":"PropertyValueSpecification","valueRequired":true,"valueName":"search_term_string"}}],"inLanguage":"en-GB"},{"@type":"Organization","@id":"https:\/\/corakid.com\/en\/#organization","name":"CoRaKiD","url":"https:\/\/corakid.com\/en\/","logo":{"@type":"ImageObject","inLanguage":"en-GB","@id":"https:\/\/corakid.com\/en\/#\/schema\/logo\/image\/","url":"https:\/\/corakid.com\/wp-content\/uploads\/2019\/10\/logo5.png","contentUrl":"https:\/\/corakid.com\/wp-content\/uploads\/2019\/10\/logo5.png","width":652,"height":247,"caption":"CoRaKiD"},"image":{"@id":"https:\/\/corakid.com\/en\/#\/schema\/logo\/image\/"}}]}},"_links":{"self":[{"href":"https:\/\/corakid.com\/en\/wp-json\/wp\/v2\/pages\/73","targetHints":{"allow":["GET"]}}],"collection":[{"href":"https:\/\/corakid.com\/en\/wp-json\/wp\/v2\/pages"}],"about":[{"href":"https:\/\/corakid.com\/en\/wp-json\/wp\/v2\/types\/page"}],"author":[{"embeddable":true,"href":"https:\/\/corakid.com\/en\/wp-json\/wp\/v2\/users\/1"}],"replies":[{"embeddable":true,"href":"https:\/\/corakid.com\/en\/wp-json\/wp\/v2\/comments?post=73"}],"version-history":[{"count":70,"href":"https:\/\/corakid.com\/en\/wp-json\/wp\/v2\/pages\/73\/revisions"}],"predecessor-version":[{"id":2479,"href":"https:\/\/corakid.com\/en\/wp-json\/wp\/v2\/pages\/73\/revisions\/2479"}],"wp:attachment":[{"href":"https:\/\/corakid.com\/en\/wp-json\/wp\/v2\/media?parent=73"}],"curies":[{"name":"wp","href":"https:\/\/api.w.org\/{rel}","templated":true}]}}